{"id":17695,"date":"2023-11-20T22:29:35","date_gmt":"2023-11-20T21:29:35","guid":{"rendered":"https:\/\/master.myweb-fm.com\/unkategorisiert\/126-091009s\/"},"modified":"2023-11-27T11:27:40","modified_gmt":"2023-11-27T10:27:40","slug":"auffangerat-mit-abseilautomatik-gurt","status":"publish","type":"product","link":"https:\/\/master.myweb-fm.com\/de\/produkt\/auffangerat-mit-abseilautomatik-gurt\/","title":{"rendered":"Auffanger\u00e4t mit Abseilautomatik, Gurt"},"content":{"rendered":"<ul>\n<li>Gurtaufroller mit doppelter Aluklemme <\/li>\n<li> 360\u00b0 Drehbefestigung am oberen Geh\u00e4use und am Verbindungsteil, die dem Anwender eine hohe Bewegungsfreiheit und Sicherheit bietet <\/li>\n<li> Diese Auffangvorrichtung blockiert im Falle eines Sturzes und reduziert dadurch die Fallh\u00f6he <\/li>\n<li> 2,00 m Aluminiumgeh\u00e4use und 5,50 m aus extrem leichtem Kunststoff mit integriertem Auffang <\/li>\n<li> Geeignet f\u00fcr alle Situationen: vertikale und horizontale Bewegungen <\/li>\n<li> Die Festigkeit des Gurts erm\u00f6glicht das Arbeiten an scharfen Kanten <\/li>\n<li> Robuste Vorrichtung mit niedrigem Wartungsaufwand <\/li>\n<li> Erh\u00e4ltlich in 2,00 m (Karabiner mit doppelter Klemme, \u00d6ffnungsdurchmesser 66 mm) und 5,50 m L\u00e4nge (\u00d6ffnungsdurchmesser 25 mm)<\/li>\n<\/ul>\n","protected":false},"excerpt":{"rendered":"<p>Der Gurtaufroller ist ein Auffangger\u00e4t mit Abseilautomatik, ausgestattet mit einer Gurtreserve auf einer Trommel, die durch ein Aluminium-\/Kunststoffgeh\u00e4use gesch\u00fctzt ist. Der Gurt wird \u00fcber eine Feder gespannt und je nach Bewegung der gesicherten Person ein- oder ausgefahren. Im Falle eines Sturzes blockiert er automatisch. Das Auffangen erfolgt \u00fcber eine dementsprechende Vorrichtung. Er ist Teil des Auffanggurtsystems. Warnhinweis: der Verankerungspunkt muss mindestens 80 cm oberhalb der Arbeitsfl\u00e4che sein.<\/p>\n","protected":false},"featured_media":15069,"template":"","meta":{"_acf_changed":false},"product_brand":[],"product_cat":[70120],"product_tag":[],"class_list":{"0":"post-17695","1":"product","2":"type-product","3":"status-publish","4":"has-post-thumbnail","6":"product_cat-equipements-de","7":"pa_abc_class-g-de","8":"pa_base_unit-ea-de","9":"pa_brand-unyc-de","10":"pa_e_com_product-no-de","11":"pa_edi_option-no-de","12":"pa_export_product-yes-de","13":"pa_g_range-13-de","14":"pa_lifespan-10-ans-de","15":"pa_lock_code-000-de","16":"pa_lock_code-0su-de","17":"pa_material-synthetic_materials-de","18":"pa_pack_instructions_level_1-no-de","19":"pa_pack_instructions_level_2-no-de","20":"pa_pack_instructions_level_3-no-de","21":"pa_pack_type_level_1-ct-de","22":"pa_pic_family-097-de","23":"pa_product_extension_length-2_m-de","24":"pa_product_extension_length-5_5_m-de","25":"pa_product_origin-de-de","26":"pa_production_company-126-de","27":"pa_sales_company-126-de","28":"pa_sales_plan-c-de","29":"pa_sales_range-13-de","30":"pa_short_designation-antichute-rappel-auto-san-5-5m-de","31":"pa_short_designation-antichute-rappel-auto-sang-2m-de","32":"pa_sigle-ce-de","33":"pa_standard-en_360-de","34":"pa_type_of_product-enrouleur-de","35":"pa_use-highly_intensive-de","36":"pa_varied_weight-no-de","38":"first","39":"instock","40":"shipping-taxable","41":"purchasable","42":"product-type-variable"},"acf":[],"yoast_head":"<!-- This site is optimized with the Yoast SEO plugin v27.3 - https:\/\/yoast.com\/product\/yoast-seo-wordpress\/ -->\n<title>Auffanger\u00e4t mit Abseilautomatik, Gurt - Instance master - Old Unyc<\/title>\n<meta name=\"robots\" content=\"noindex, follow, max-snippet:-1, max-image-preview:large, max-video-preview:-1\" \/>\n<meta property=\"og:locale\" content=\"de_DE\" \/>\n<meta property=\"og:type\" content=\"article\" \/>\n<meta property=\"og:title\" content=\"Auffanger\u00e4t mit Abseilautomatik, Gurt - Instance master - Old Unyc\" \/>\n<meta property=\"og:description\" content=\"Der Gurtaufroller ist ein Auffangger\u00e4t mit Abseilautomatik, ausgestattet mit einer Gurtreserve auf einer Trommel, die durch ein Aluminium-\/Kunststoffgeh\u00e4use gesch\u00fctzt ist. Der Gurt wird \u00fcber eine Feder gespannt und je nach Bewegung der gesicherten Person ein- oder ausgefahren. Im Falle eines Sturzes blockiert er automatisch. Das Auffangen erfolgt \u00fcber eine dementsprechende Vorrichtung. Er ist Teil des Auffanggurtsystems. Warnhinweis: der Verankerungspunkt muss mindestens 80 cm oberhalb der Arbeitsfl\u00e4che sein.\" \/>\n<meta property=\"og:url\" content=\"https:\/\/master.myweb-fm.com\/de\/produkt\/auffangerat-mit-abseilautomatik-gurt\/\" \/>\n<meta property=\"og:site_name\" content=\"Instance master - Old Unyc\" \/>\n<meta property=\"article:modified_time\" content=\"2023-11-27T10:27:40+00:00\" \/>\n<meta property=\"og:image\" content=\"https:\/\/master.myweb-fm.com\/wp-content\/uploads\/2023\/11\/b39947665f417784dcf5c95715a177809ef85408_126_091009S_main_view_1.jpg\" \/>\n\t<meta property=\"og:image:width\" content=\"2448\" \/>\n\t<meta property=\"og:image:height\" content=\"3264\" \/>\n\t<meta property=\"og:image:type\" content=\"image\/jpeg\" \/>\n<meta name=\"twitter:card\" content=\"summary_large_image\" \/>\n<script type=\"application\/ld+json\" class=\"yoast-schema-graph\">{\"@context\":\"https:\\\/\\\/schema.org\",\"@graph\":[{\"@type\":\"WebPage\",\"@id\":\"https:\\\/\\\/master.myweb-fm.com\\\/de\\\/produkt\\\/auffangerat-mit-abseilautomatik-gurt\\\/\",\"url\":\"https:\\\/\\\/master.myweb-fm.com\\\/de\\\/produkt\\\/auffangerat-mit-abseilautomatik-gurt\\\/\",\"name\":\"Auffanger\u00e4t mit Abseilautomatik, Gurt - Instance master - Old Unyc\",\"isPartOf\":{\"@id\":\"https:\\\/\\\/master.myweb-fm.com\\\/de\\\/#website\"},\"primaryImageOfPage\":{\"@id\":\"https:\\\/\\\/master.myweb-fm.com\\\/de\\\/produkt\\\/auffangerat-mit-abseilautomatik-gurt\\\/#primaryimage\"},\"image\":{\"@id\":\"https:\\\/\\\/master.myweb-fm.com\\\/de\\\/produkt\\\/auffangerat-mit-abseilautomatik-gurt\\\/#primaryimage\"},\"thumbnailUrl\":\"https:\\\/\\\/master.myweb-fm.com\\\/wp-content\\\/uploads\\\/2023\\\/11\\\/b39947665f417784dcf5c95715a177809ef85408_126_091009S_main_view_1.jpg\",\"datePublished\":\"2023-11-20T21:29:35+00:00\",\"dateModified\":\"2023-11-27T10:27:40+00:00\",\"breadcrumb\":{\"@id\":\"https:\\\/\\\/master.myweb-fm.com\\\/de\\\/produkt\\\/auffangerat-mit-abseilautomatik-gurt\\\/#breadcrumb\"},\"inLanguage\":\"de\",\"potentialAction\":[{\"@type\":\"ReadAction\",\"target\":[\"https:\\\/\\\/master.myweb-fm.com\\\/de\\\/produkt\\\/auffangerat-mit-abseilautomatik-gurt\\\/\"]}]},{\"@type\":\"ImageObject\",\"inLanguage\":\"de\",\"@id\":\"https:\\\/\\\/master.myweb-fm.com\\\/de\\\/produkt\\\/auffangerat-mit-abseilautomatik-gurt\\\/#primaryimage\",\"url\":\"https:\\\/\\\/master.myweb-fm.com\\\/wp-content\\\/uploads\\\/2023\\\/11\\\/b39947665f417784dcf5c95715a177809ef85408_126_091009S_main_view_1.jpg\",\"contentUrl\":\"https:\\\/\\\/master.myweb-fm.com\\\/wp-content\\\/uploads\\\/2023\\\/11\\\/b39947665f417784dcf5c95715a177809ef85408_126_091009S_main_view_1.jpg\",\"width\":2448,\"height\":3264},{\"@type\":\"BreadcrumbList\",\"@id\":\"https:\\\/\\\/master.myweb-fm.com\\\/de\\\/produkt\\\/auffangerat-mit-abseilautomatik-gurt\\\/#breadcrumb\",\"itemListElement\":[{\"@type\":\"ListItem\",\"position\":1,\"name\":\"Catalogue\",\"item\":\"https:\\\/\\\/master.myweb-fm.com\\\/fr\\\/catalogue\\\/\"},{\"@type\":\"ListItem\",\"position\":2,\"name\":\"Auffanger\u00e4t mit Abseilautomatik, Gurt\"}]},{\"@type\":\"WebSite\",\"@id\":\"https:\\\/\\\/master.myweb-fm.com\\\/de\\\/#website\",\"url\":\"https:\\\/\\\/master.myweb-fm.com\\\/de\\\/\",\"name\":\"Instance master - Old Unyc\",\"description\":\"Fr\u00e9n\u00e9hard &amp; Michaux\",\"potentialAction\":[{\"@type\":\"SearchAction\",\"target\":{\"@type\":\"EntryPoint\",\"urlTemplate\":\"https:\\\/\\\/master.myweb-fm.com\\\/de\\\/?s={search_term_string}\"},\"query-input\":{\"@type\":\"PropertyValueSpecification\",\"valueRequired\":true,\"valueName\":\"search_term_string\"}}],\"inLanguage\":\"de\"}]}<\/script>\n<!-- \/ Yoast SEO plugin. -->","yoast_head_json":{"title":"Auffanger\u00e4t mit Abseilautomatik, Gurt - Instance master - Old Unyc","robots":{"index":"noindex","follow":"follow","max-snippet":"max-snippet:-1","max-image-preview":"max-image-preview:large","max-video-preview":"max-video-preview:-1"},"og_locale":"de_DE","og_type":"article","og_title":"Auffanger\u00e4t mit Abseilautomatik, Gurt - Instance master - Old Unyc","og_description":"Der Gurtaufroller ist ein Auffangger\u00e4t mit Abseilautomatik, ausgestattet mit einer Gurtreserve auf einer Trommel, die durch ein Aluminium-\/Kunststoffgeh\u00e4use gesch\u00fctzt ist. Der Gurt wird \u00fcber eine Feder gespannt und je nach Bewegung der gesicherten Person ein- oder ausgefahren. Im Falle eines Sturzes blockiert er automatisch. Das Auffangen erfolgt \u00fcber eine dementsprechende Vorrichtung. Er ist Teil des Auffanggurtsystems. Warnhinweis: der Verankerungspunkt muss mindestens 80 cm oberhalb der Arbeitsfl\u00e4che sein.","og_url":"https:\/\/master.myweb-fm.com\/de\/produkt\/auffangerat-mit-abseilautomatik-gurt\/","og_site_name":"Instance master - Old Unyc","article_modified_time":"2023-11-27T10:27:40+00:00","og_image":[{"width":2448,"height":3264,"url":"https:\/\/master.myweb-fm.com\/wp-content\/uploads\/2023\/11\/b39947665f417784dcf5c95715a177809ef85408_126_091009S_main_view_1.jpg","type":"image\/jpeg"}],"twitter_card":"summary_large_image","schema":{"@context":"https:\/\/schema.org","@graph":[{"@type":"WebPage","@id":"https:\/\/master.myweb-fm.com\/de\/produkt\/auffangerat-mit-abseilautomatik-gurt\/","url":"https:\/\/master.myweb-fm.com\/de\/produkt\/auffangerat-mit-abseilautomatik-gurt\/","name":"Auffanger\u00e4t mit Abseilautomatik, Gurt - Instance master - Old Unyc","isPartOf":{"@id":"https:\/\/master.myweb-fm.com\/de\/#website"},"primaryImageOfPage":{"@id":"https:\/\/master.myweb-fm.com\/de\/produkt\/auffangerat-mit-abseilautomatik-gurt\/#primaryimage"},"image":{"@id":"https:\/\/master.myweb-fm.com\/de\/produkt\/auffangerat-mit-abseilautomatik-gurt\/#primaryimage"},"thumbnailUrl":"https:\/\/master.myweb-fm.com\/wp-content\/uploads\/2023\/11\/b39947665f417784dcf5c95715a177809ef85408_126_091009S_main_view_1.jpg","datePublished":"2023-11-20T21:29:35+00:00","dateModified":"2023-11-27T10:27:40+00:00","breadcrumb":{"@id":"https:\/\/master.myweb-fm.com\/de\/produkt\/auffangerat-mit-abseilautomatik-gurt\/#breadcrumb"},"inLanguage":"de","potentialAction":[{"@type":"ReadAction","target":["https:\/\/master.myweb-fm.com\/de\/produkt\/auffangerat-mit-abseilautomatik-gurt\/"]}]},{"@type":"ImageObject","inLanguage":"de","@id":"https:\/\/master.myweb-fm.com\/de\/produkt\/auffangerat-mit-abseilautomatik-gurt\/#primaryimage","url":"https:\/\/master.myweb-fm.com\/wp-content\/uploads\/2023\/11\/b39947665f417784dcf5c95715a177809ef85408_126_091009S_main_view_1.jpg","contentUrl":"https:\/\/master.myweb-fm.com\/wp-content\/uploads\/2023\/11\/b39947665f417784dcf5c95715a177809ef85408_126_091009S_main_view_1.jpg","width":2448,"height":3264},{"@type":"BreadcrumbList","@id":"https:\/\/master.myweb-fm.com\/de\/produkt\/auffangerat-mit-abseilautomatik-gurt\/#breadcrumb","itemListElement":[{"@type":"ListItem","position":1,"name":"Catalogue","item":"https:\/\/master.myweb-fm.com\/fr\/catalogue\/"},{"@type":"ListItem","position":2,"name":"Auffanger\u00e4t mit Abseilautomatik, Gurt"}]},{"@type":"WebSite","@id":"https:\/\/master.myweb-fm.com\/de\/#website","url":"https:\/\/master.myweb-fm.com\/de\/","name":"Instance master - Old Unyc","description":"Fr\u00e9n\u00e9hard &amp; Michaux","potentialAction":[{"@type":"SearchAction","target":{"@type":"EntryPoint","urlTemplate":"https:\/\/master.myweb-fm.com\/de\/?s={search_term_string}"},"query-input":{"@type":"PropertyValueSpecification","valueRequired":true,"valueName":"search_term_string"}}],"inLanguage":"de"}]}},"_links":{"self":[{"href":"https:\/\/master.myweb-fm.com\/de\/wp-json\/wp\/v2\/product\/17695","targetHints":{"allow":["GET"]}}],"collection":[{"href":"https:\/\/master.myweb-fm.com\/de\/wp-json\/wp\/v2\/product"}],"about":[{"href":"https:\/\/master.myweb-fm.com\/de\/wp-json\/wp\/v2\/types\/product"}],"wp:featuredmedia":[{"embeddable":true,"href":"https:\/\/master.myweb-fm.com\/de\/wp-json\/wp\/v2\/media\/15069"}],"wp:attachment":[{"href":"https:\/\/master.myweb-fm.com\/de\/wp-json\/wp\/v2\/media?parent=17695"}],"wp:term":[{"taxonomy":"product_brand","embeddable":true,"href":"https:\/\/master.myweb-fm.com\/de\/wp-json\/wp\/v2\/product_brand?post=17695"},{"taxonomy":"product_cat","embeddable":true,"href":"https:\/\/master.myweb-fm.com\/de\/wp-json\/wp\/v2\/product_cat?post=17695"},{"taxonomy":"product_tag","embeddable":true,"href":"https:\/\/master.myweb-fm.com\/de\/wp-json\/wp\/v2\/product_tag?post=17695"}],"curies":[{"name":"wp","href":"https:\/\/api.w.org\/{rel}","templated":true}]}}