{"id":17593,"date":"2023-11-20T22:25:25","date_gmt":"2023-11-20T21:25:25","guid":{"rendered":"https:\/\/master.myweb-fm.com\/unkategorisiert\/126-0910042s\/"},"modified":"2023-11-23T11:51:32","modified_gmt":"2023-11-23T10:51:32","slug":"einfaches-ruckhalteseil","status":"publish","type":"product","link":"https:\/\/master.myweb-fm.com\/de\/produkt\/einfaches-ruckhalteseil\/","title":{"rendered":"Einfaches R\u00fcckhalteseil"},"content":{"rendered":"<ul>\n<li>Ummanteltes geflochtenes R\u00fcckhalteseil aus Polyamid mit 11 mm Durchmesser <\/li>\n<li> Beschr\u00e4nkt die Bewegungsfreiheit des Anwenders und verhindert das Betreten von Zonen mit Fallrisiko <\/li>\n<li> Es handelt sich um eine R\u00fcckhalte- und nicht um eine Auffangvorrichtung <\/li>\n<li> Befestigungsschlinge zum Einhaken <\/li>\n<li> Verbindung an den Verankerungspunkten \u00d8 54 mm mit automatischem Verschluss, Maximallast 22 kN <\/li>\n<li> Verbindung mit Gurtzeugs \u00d8 16 mm mit manuellem Schraubverschluss, Maximallast 22 kN <\/li>\n<li> Erh\u00e4ltlich in 1,00 m und 1,50 m L\u00e4nge <\/li>\n<li> H\u00f6chstkraft beim Bruch: 2.200 kg<\/li>\n<\/ul>\n","protected":false},"excerpt":{"rendered":"<p>Einfacher R\u00fcckhalt beim Arbeiten durch ummanteltes geflochtenes Seil mit 11 mm Durchmesser. Dieses R\u00fcckhalteseil dient als Verbindung zwischen Gurtzeug und Verankerungspunkt, wodurch keine weiteren Elemente notwendig sind. Die L\u00e4nge des R\u00fcckhalteseils darf 2,00 m nicht \u00fcberschreiten.<\/p>\n","protected":false},"featured_media":4689,"template":"","meta":{"_acf_changed":false},"product_brand":[],"product_cat":[70120],"product_tag":[],"class_list":{"0":"post-17593","1":"product","2":"type-product","3":"status-publish","4":"has-post-thumbnail","6":"product_cat-equipements-de","7":"pa_abc_class-a-de","8":"pa_abc_class-c-de","9":"pa_base_unit-ea-de","10":"pa_brand-unyc-de","11":"pa_e_com_product-no-de","12":"pa_edi_option-no-de","13":"pa_export_product-yes-de","14":"pa_g_range-13-de","15":"pa_lifespan-15-ans-de","16":"pa_lock_code-000-de","17":"pa_material-polyamide-de","18":"pa_pack_instructions_level_1-no-de","19":"pa_pack_instructions_level_2-no-de","20":"pa_pack_instructions_level_3-no-de","21":"pa_pack_type_level_1-sca-de","22":"pa_pack_type_level_2-ct-de","23":"pa_pack_type_level_3-pf-de","24":"pa_pic_family-097-de","25":"pa_product_extension_length-1_m-de","26":"pa_product_extension_length-1_5_m-de","27":"pa_product_origin-es-de","28":"pa_production_company-126-de","29":"pa_sales_company-126-de","30":"pa_sales_plan-c-de","31":"pa_sales_range-13-de","32":"pa_short_designation-longe-simple-corde-1-5m-de","33":"pa_short_designation-longe-simple-corde-1m-de","34":"pa_sigle-ce-de","35":"pa_standard-en_354-de","36":"pa_type_of_product-longe-de","37":"pa_use-highly_intensive-de","38":"pa_varied_weight-no-de","40":"first","41":"instock","42":"shipping-taxable","43":"purchasable","44":"product-type-variable"},"acf":[],"yoast_head":"<!-- This site is optimized with the Yoast SEO plugin v27.3 - https:\/\/yoast.com\/product\/yoast-seo-wordpress\/ -->\n<title>Einfaches R\u00fcckhalteseil - Instance master - Old Unyc<\/title>\n<meta name=\"robots\" content=\"noindex, follow, max-snippet:-1, max-image-preview:large, max-video-preview:-1\" \/>\n<meta property=\"og:locale\" content=\"de_DE\" \/>\n<meta property=\"og:type\" content=\"article\" \/>\n<meta property=\"og:title\" content=\"Einfaches R\u00fcckhalteseil - Instance master - Old Unyc\" \/>\n<meta property=\"og:description\" content=\"Einfacher R\u00fcckhalt beim Arbeiten durch ummanteltes geflochtenes Seil mit 11 mm Durchmesser. Dieses R\u00fcckhalteseil dient als Verbindung zwischen Gurtzeug und Verankerungspunkt, wodurch keine weiteren Elemente notwendig sind. Die L\u00e4nge des R\u00fcckhalteseils darf 2,00 m nicht \u00fcberschreiten.\" \/>\n<meta property=\"og:url\" content=\"https:\/\/master.myweb-fm.com\/de\/produkt\/einfaches-ruckhalteseil\/\" \/>\n<meta property=\"og:site_name\" content=\"Instance master - Old Unyc\" \/>\n<meta property=\"article:modified_time\" content=\"2023-11-23T10:51:32+00:00\" \/>\n<meta property=\"og:image\" content=\"https:\/\/master.myweb-fm.com\/wp-content\/uploads\/2023\/11\/1add532a4bc69b32070a90e6807a1579f2b7884e_126_0910042S_main_view.jpg\" \/>\n\t<meta property=\"og:image:width\" content=\"2362\" \/>\n\t<meta property=\"og:image:height\" content=\"401\" \/>\n\t<meta property=\"og:image:type\" content=\"image\/jpeg\" \/>\n<meta name=\"twitter:card\" content=\"summary_large_image\" \/>\n<script type=\"application\/ld+json\" class=\"yoast-schema-graph\">{\"@context\":\"https:\\\/\\\/schema.org\",\"@graph\":[{\"@type\":\"WebPage\",\"@id\":\"https:\\\/\\\/master.myweb-fm.com\\\/de\\\/produkt\\\/einfaches-ruckhalteseil\\\/\",\"url\":\"https:\\\/\\\/master.myweb-fm.com\\\/de\\\/produkt\\\/einfaches-ruckhalteseil\\\/\",\"name\":\"Einfaches R\u00fcckhalteseil - Instance master - Old Unyc\",\"isPartOf\":{\"@id\":\"https:\\\/\\\/master.myweb-fm.com\\\/de\\\/#website\"},\"primaryImageOfPage\":{\"@id\":\"https:\\\/\\\/master.myweb-fm.com\\\/de\\\/produkt\\\/einfaches-ruckhalteseil\\\/#primaryimage\"},\"image\":{\"@id\":\"https:\\\/\\\/master.myweb-fm.com\\\/de\\\/produkt\\\/einfaches-ruckhalteseil\\\/#primaryimage\"},\"thumbnailUrl\":\"https:\\\/\\\/master.myweb-fm.com\\\/wp-content\\\/uploads\\\/2023\\\/11\\\/1add532a4bc69b32070a90e6807a1579f2b7884e_126_0910042S_main_view.jpg\",\"datePublished\":\"2023-11-20T21:25:25+00:00\",\"dateModified\":\"2023-11-23T10:51:32+00:00\",\"breadcrumb\":{\"@id\":\"https:\\\/\\\/master.myweb-fm.com\\\/de\\\/produkt\\\/einfaches-ruckhalteseil\\\/#breadcrumb\"},\"inLanguage\":\"de\",\"potentialAction\":[{\"@type\":\"ReadAction\",\"target\":[\"https:\\\/\\\/master.myweb-fm.com\\\/de\\\/produkt\\\/einfaches-ruckhalteseil\\\/\"]}]},{\"@type\":\"ImageObject\",\"inLanguage\":\"de\",\"@id\":\"https:\\\/\\\/master.myweb-fm.com\\\/de\\\/produkt\\\/einfaches-ruckhalteseil\\\/#primaryimage\",\"url\":\"https:\\\/\\\/master.myweb-fm.com\\\/wp-content\\\/uploads\\\/2023\\\/11\\\/1add532a4bc69b32070a90e6807a1579f2b7884e_126_0910042S_main_view.jpg\",\"contentUrl\":\"https:\\\/\\\/master.myweb-fm.com\\\/wp-content\\\/uploads\\\/2023\\\/11\\\/1add532a4bc69b32070a90e6807a1579f2b7884e_126_0910042S_main_view.jpg\",\"width\":2362,\"height\":401},{\"@type\":\"BreadcrumbList\",\"@id\":\"https:\\\/\\\/master.myweb-fm.com\\\/de\\\/produkt\\\/einfaches-ruckhalteseil\\\/#breadcrumb\",\"itemListElement\":[{\"@type\":\"ListItem\",\"position\":1,\"name\":\"Catalogue\",\"item\":\"https:\\\/\\\/master.myweb-fm.com\\\/fr\\\/catalogue\\\/\"},{\"@type\":\"ListItem\",\"position\":2,\"name\":\"Einfaches R\u00fcckhalteseil\"}]},{\"@type\":\"WebSite\",\"@id\":\"https:\\\/\\\/master.myweb-fm.com\\\/de\\\/#website\",\"url\":\"https:\\\/\\\/master.myweb-fm.com\\\/de\\\/\",\"name\":\"Instance master - Old Unyc\",\"description\":\"Fr\u00e9n\u00e9hard &amp; Michaux\",\"potentialAction\":[{\"@type\":\"SearchAction\",\"target\":{\"@type\":\"EntryPoint\",\"urlTemplate\":\"https:\\\/\\\/master.myweb-fm.com\\\/de\\\/?s={search_term_string}\"},\"query-input\":{\"@type\":\"PropertyValueSpecification\",\"valueRequired\":true,\"valueName\":\"search_term_string\"}}],\"inLanguage\":\"de\"}]}<\/script>\n<!-- \/ Yoast SEO plugin. -->","yoast_head_json":{"title":"Einfaches R\u00fcckhalteseil - Instance master - Old Unyc","robots":{"index":"noindex","follow":"follow","max-snippet":"max-snippet:-1","max-image-preview":"max-image-preview:large","max-video-preview":"max-video-preview:-1"},"og_locale":"de_DE","og_type":"article","og_title":"Einfaches R\u00fcckhalteseil - Instance master - Old Unyc","og_description":"Einfacher R\u00fcckhalt beim Arbeiten durch ummanteltes geflochtenes Seil mit 11 mm Durchmesser. Dieses R\u00fcckhalteseil dient als Verbindung zwischen Gurtzeug und Verankerungspunkt, wodurch keine weiteren Elemente notwendig sind. Die L\u00e4nge des R\u00fcckhalteseils darf 2,00 m nicht \u00fcberschreiten.","og_url":"https:\/\/master.myweb-fm.com\/de\/produkt\/einfaches-ruckhalteseil\/","og_site_name":"Instance master - Old Unyc","article_modified_time":"2023-11-23T10:51:32+00:00","og_image":[{"width":2362,"height":401,"url":"https:\/\/master.myweb-fm.com\/wp-content\/uploads\/2023\/11\/1add532a4bc69b32070a90e6807a1579f2b7884e_126_0910042S_main_view.jpg","type":"image\/jpeg"}],"twitter_card":"summary_large_image","schema":{"@context":"https:\/\/schema.org","@graph":[{"@type":"WebPage","@id":"https:\/\/master.myweb-fm.com\/de\/produkt\/einfaches-ruckhalteseil\/","url":"https:\/\/master.myweb-fm.com\/de\/produkt\/einfaches-ruckhalteseil\/","name":"Einfaches R\u00fcckhalteseil - Instance master - Old Unyc","isPartOf":{"@id":"https:\/\/master.myweb-fm.com\/de\/#website"},"primaryImageOfPage":{"@id":"https:\/\/master.myweb-fm.com\/de\/produkt\/einfaches-ruckhalteseil\/#primaryimage"},"image":{"@id":"https:\/\/master.myweb-fm.com\/de\/produkt\/einfaches-ruckhalteseil\/#primaryimage"},"thumbnailUrl":"https:\/\/master.myweb-fm.com\/wp-content\/uploads\/2023\/11\/1add532a4bc69b32070a90e6807a1579f2b7884e_126_0910042S_main_view.jpg","datePublished":"2023-11-20T21:25:25+00:00","dateModified":"2023-11-23T10:51:32+00:00","breadcrumb":{"@id":"https:\/\/master.myweb-fm.com\/de\/produkt\/einfaches-ruckhalteseil\/#breadcrumb"},"inLanguage":"de","potentialAction":[{"@type":"ReadAction","target":["https:\/\/master.myweb-fm.com\/de\/produkt\/einfaches-ruckhalteseil\/"]}]},{"@type":"ImageObject","inLanguage":"de","@id":"https:\/\/master.myweb-fm.com\/de\/produkt\/einfaches-ruckhalteseil\/#primaryimage","url":"https:\/\/master.myweb-fm.com\/wp-content\/uploads\/2023\/11\/1add532a4bc69b32070a90e6807a1579f2b7884e_126_0910042S_main_view.jpg","contentUrl":"https:\/\/master.myweb-fm.com\/wp-content\/uploads\/2023\/11\/1add532a4bc69b32070a90e6807a1579f2b7884e_126_0910042S_main_view.jpg","width":2362,"height":401},{"@type":"BreadcrumbList","@id":"https:\/\/master.myweb-fm.com\/de\/produkt\/einfaches-ruckhalteseil\/#breadcrumb","itemListElement":[{"@type":"ListItem","position":1,"name":"Catalogue","item":"https:\/\/master.myweb-fm.com\/fr\/catalogue\/"},{"@type":"ListItem","position":2,"name":"Einfaches R\u00fcckhalteseil"}]},{"@type":"WebSite","@id":"https:\/\/master.myweb-fm.com\/de\/#website","url":"https:\/\/master.myweb-fm.com\/de\/","name":"Instance master - Old Unyc","description":"Fr\u00e9n\u00e9hard &amp; Michaux","potentialAction":[{"@type":"SearchAction","target":{"@type":"EntryPoint","urlTemplate":"https:\/\/master.myweb-fm.com\/de\/?s={search_term_string}"},"query-input":{"@type":"PropertyValueSpecification","valueRequired":true,"valueName":"search_term_string"}}],"inLanguage":"de"}]}},"_links":{"self":[{"href":"https:\/\/master.myweb-fm.com\/de\/wp-json\/wp\/v2\/product\/17593","targetHints":{"allow":["GET"]}}],"collection":[{"href":"https:\/\/master.myweb-fm.com\/de\/wp-json\/wp\/v2\/product"}],"about":[{"href":"https:\/\/master.myweb-fm.com\/de\/wp-json\/wp\/v2\/types\/product"}],"wp:featuredmedia":[{"embeddable":true,"href":"https:\/\/master.myweb-fm.com\/de\/wp-json\/wp\/v2\/media\/4689"}],"wp:attachment":[{"href":"https:\/\/master.myweb-fm.com\/de\/wp-json\/wp\/v2\/media?parent=17593"}],"wp:term":[{"taxonomy":"product_brand","embeddable":true,"href":"https:\/\/master.myweb-fm.com\/de\/wp-json\/wp\/v2\/product_brand?post=17593"},{"taxonomy":"product_cat","embeddable":true,"href":"https:\/\/master.myweb-fm.com\/de\/wp-json\/wp\/v2\/product_cat?post=17593"},{"taxonomy":"product_tag","embeddable":true,"href":"https:\/\/master.myweb-fm.com\/de\/wp-json\/wp\/v2\/product_tag?post=17593"}],"curies":[{"name":"wp","href":"https:\/\/api.w.org\/{rel}","templated":true}]}}