{"id":17563,"date":"2023-11-20T22:24:08","date_gmt":"2023-11-20T21:24:08","guid":{"rendered":"https:\/\/master.myweb-fm.com\/unkategorisiert\/126-0910041d\/"},"modified":"2023-11-23T11:51:30","modified_gmt":"2023-11-23T10:51:30","slug":"doppeltes-ruckhalteseil-mit-auffang-2","status":"publish","type":"product","link":"https:\/\/master.myweb-fm.com\/de\/produkt\/doppeltes-ruckhalteseil-mit-auffang-2\/","title":{"rendered":"Doppeltes R\u00fcckhalteseil mit Auffang"},"content":{"rendered":"<ul>\n<li>Ummanteltes geflochtenes R\u00fcckhalteseil aus Polyamid mit 11 mm Durchmesser <\/li>\n<li> Kommt bei Sturzgefahr zum Einsatz <\/li>\n<li> Die integrierte Auffangvorrichtung gibt beim Fall Energie ab und begrenzt somit die Auffangkraft des Anwenders <\/li>\n<li> Befestigungsschlinge zum Einhaken <\/li>\n<li> Verbindung an den Verankerungspunkten \u00d8 54 mm mit automatischem Verschluss, Maximallast 22 kN <\/li>\n<li> Verbindungen mit Gurtzeugs \u00d8 18 mm mit automatischem Verschluss, Maximallast 22 kN <\/li>\n<li> Erh\u00e4ltlich in 1,00 m und 1,75 m L\u00e4nge <\/li>\n<li> H\u00f6chstkraft beim Bruch: 2.200 kg<\/li>\n<\/ul>\n","protected":false},"excerpt":{"rendered":"<p>Diese doppelte R\u00fcckhalteseil mit Energieabsorbereinrichtung wird auf einer Seite des Sicherungsgurtzeugs und auf der anderen Seite an einem Verankerungspunkt befestigt, um dem Anwender im Falle eines Sturzes Schutz zu bieten. Durch die integrierte Energieabsorbereinrichtung kann der Anwender im Falle eines Sturzes nach und nach gehalten werden. Die beiden Karabiner sind inbegriffen. Die L\u00e4nge des R\u00fcckhalteseils darf 2,00 m nicht \u00fcberschreiten. Das doppelte R\u00fcckhalteseil erm\u00f6glicht den sicheren Durchgang oder den Verlauf von einem Verankerungspunkt zum n\u00e4chsten, ohne dass sich der Anwender entkoppeln muss.<\/p>\n","protected":false},"featured_media":14835,"template":"","meta":{"_acf_changed":false},"product_brand":[],"product_cat":[70120],"product_tag":[],"class_list":{"0":"post-17563","1":"product","2":"type-product","3":"status-publish","4":"has-post-thumbnail","6":"product_cat-equipements-de","7":"pa_abc_class-c-de","8":"pa_abc_class-g-de","9":"pa_base_unit-ea-de","10":"pa_brand-unyc-de","11":"pa_e_com_product-no-de","12":"pa_edi_option-no-de","13":"pa_export_product-yes-de","14":"pa_g_range-13-de","15":"pa_lifespan-15-ans-de","16":"pa_lock_code-000-de","17":"pa_material-polyamide-de","18":"pa_pack_instructions_level_1-no-de","19":"pa_pack_instructions_level_2-no-de","20":"pa_pack_instructions_level_3-no-de","21":"pa_pack_type_level_1-sca-de","22":"pa_pic_family-097-de","23":"pa_product_extension_length-1_m-de","24":"pa_product_extension_length-1_75_m-de","25":"pa_product_origin-es-de","26":"pa_production_company-126-de","27":"pa_sales_company-126-de","28":"pa_sales_plan-c-de","29":"pa_sales_range-13-de","30":"pa_short_designation-longe-double-corde-1-75mabsor-de","31":"pa_short_designation-longe-double-corde-1mabsorbeu-de","32":"pa_sigle-ce-de","33":"pa_standard-en_355-de","34":"pa_type_of_product-longe-de","35":"pa_use-highly_intensive-de","36":"pa_varied_weight-no-de","38":"first","39":"instock","40":"shipping-taxable","41":"purchasable","42":"product-type-variable"},"acf":[],"yoast_head":"<!-- This site is optimized with the Yoast SEO plugin v27.4 - https:\/\/yoast.com\/product\/yoast-seo-wordpress\/ -->\n<title>Doppeltes R\u00fcckhalteseil mit Auffang - Instance master - Old Unyc<\/title>\n<meta name=\"robots\" content=\"noindex, follow, max-snippet:-1, max-image-preview:large, max-video-preview:-1\" \/>\n<meta property=\"og:locale\" content=\"de_DE\" \/>\n<meta property=\"og:type\" content=\"article\" \/>\n<meta property=\"og:title\" content=\"Doppeltes R\u00fcckhalteseil mit Auffang - Instance master - Old Unyc\" \/>\n<meta property=\"og:description\" content=\"Diese doppelte R\u00fcckhalteseil mit Energieabsorbereinrichtung wird auf einer Seite des Sicherungsgurtzeugs und auf der anderen Seite an einem Verankerungspunkt befestigt, um dem Anwender im Falle eines Sturzes Schutz zu bieten. Durch die integrierte Energieabsorbereinrichtung kann der Anwender im Falle eines Sturzes nach und nach gehalten werden. Die beiden Karabiner sind inbegriffen. Die L\u00e4nge des R\u00fcckhalteseils darf 2,00 m nicht \u00fcberschreiten. Das doppelte R\u00fcckhalteseil erm\u00f6glicht den sicheren Durchgang oder den Verlauf von einem Verankerungspunkt zum n\u00e4chsten, ohne dass sich der Anwender entkoppeln muss.\" \/>\n<meta property=\"og:url\" content=\"https:\/\/master.myweb-fm.com\/de\/produkt\/doppeltes-ruckhalteseil-mit-auffang-2\/\" \/>\n<meta property=\"og:site_name\" content=\"Instance master - Old Unyc\" \/>\n<meta property=\"article:modified_time\" content=\"2023-11-23T10:51:30+00:00\" \/>\n<meta property=\"og:image\" content=\"https:\/\/master.myweb-fm.com\/wp-content\/uploads\/2023\/11\/c5a9bb157e7068c4b329bc5a9c9607af774cecbc_126_0910041D_main_view_1.jpg\" \/>\n\t<meta property=\"og:image:width\" content=\"1024\" \/>\n\t<meta property=\"og:image:height\" content=\"242\" \/>\n\t<meta property=\"og:image:type\" content=\"image\/jpeg\" \/>\n<meta name=\"twitter:card\" content=\"summary_large_image\" \/>\n<script type=\"application\/ld+json\" class=\"yoast-schema-graph\">{\"@context\":\"https:\\\/\\\/schema.org\",\"@graph\":[{\"@type\":\"WebPage\",\"@id\":\"https:\\\/\\\/master.myweb-fm.com\\\/de\\\/produkt\\\/doppeltes-ruckhalteseil-mit-auffang-2\\\/\",\"url\":\"https:\\\/\\\/master.myweb-fm.com\\\/de\\\/produkt\\\/doppeltes-ruckhalteseil-mit-auffang-2\\\/\",\"name\":\"Doppeltes R\u00fcckhalteseil mit Auffang - Instance master - Old Unyc\",\"isPartOf\":{\"@id\":\"https:\\\/\\\/master.myweb-fm.com\\\/de\\\/#website\"},\"primaryImageOfPage\":{\"@id\":\"https:\\\/\\\/master.myweb-fm.com\\\/de\\\/produkt\\\/doppeltes-ruckhalteseil-mit-auffang-2\\\/#primaryimage\"},\"image\":{\"@id\":\"https:\\\/\\\/master.myweb-fm.com\\\/de\\\/produkt\\\/doppeltes-ruckhalteseil-mit-auffang-2\\\/#primaryimage\"},\"thumbnailUrl\":\"https:\\\/\\\/master.myweb-fm.com\\\/wp-content\\\/uploads\\\/2023\\\/11\\\/c5a9bb157e7068c4b329bc5a9c9607af774cecbc_126_0910041D_main_view_1.jpg\",\"datePublished\":\"2023-11-20T21:24:08+00:00\",\"dateModified\":\"2023-11-23T10:51:30+00:00\",\"breadcrumb\":{\"@id\":\"https:\\\/\\\/master.myweb-fm.com\\\/de\\\/produkt\\\/doppeltes-ruckhalteseil-mit-auffang-2\\\/#breadcrumb\"},\"inLanguage\":\"de\",\"potentialAction\":[{\"@type\":\"ReadAction\",\"target\":[\"https:\\\/\\\/master.myweb-fm.com\\\/de\\\/produkt\\\/doppeltes-ruckhalteseil-mit-auffang-2\\\/\"]}]},{\"@type\":\"ImageObject\",\"inLanguage\":\"de\",\"@id\":\"https:\\\/\\\/master.myweb-fm.com\\\/de\\\/produkt\\\/doppeltes-ruckhalteseil-mit-auffang-2\\\/#primaryimage\",\"url\":\"https:\\\/\\\/master.myweb-fm.com\\\/wp-content\\\/uploads\\\/2023\\\/11\\\/c5a9bb157e7068c4b329bc5a9c9607af774cecbc_126_0910041D_main_view_1.jpg\",\"contentUrl\":\"https:\\\/\\\/master.myweb-fm.com\\\/wp-content\\\/uploads\\\/2023\\\/11\\\/c5a9bb157e7068c4b329bc5a9c9607af774cecbc_126_0910041D_main_view_1.jpg\",\"width\":9733,\"height\":2300},{\"@type\":\"BreadcrumbList\",\"@id\":\"https:\\\/\\\/master.myweb-fm.com\\\/de\\\/produkt\\\/doppeltes-ruckhalteseil-mit-auffang-2\\\/#breadcrumb\",\"itemListElement\":[{\"@type\":\"ListItem\",\"position\":1,\"name\":\"Catalogue\",\"item\":\"https:\\\/\\\/master.myweb-fm.com\\\/fr\\\/catalogue\\\/\"},{\"@type\":\"ListItem\",\"position\":2,\"name\":\"Doppeltes R\u00fcckhalteseil mit Auffang\"}]},{\"@type\":\"WebSite\",\"@id\":\"https:\\\/\\\/master.myweb-fm.com\\\/de\\\/#website\",\"url\":\"https:\\\/\\\/master.myweb-fm.com\\\/de\\\/\",\"name\":\"Instance master - Old Unyc\",\"description\":\"Fr\u00e9n\u00e9hard &amp; Michaux\",\"potentialAction\":[{\"@type\":\"SearchAction\",\"target\":{\"@type\":\"EntryPoint\",\"urlTemplate\":\"https:\\\/\\\/master.myweb-fm.com\\\/de\\\/?s={search_term_string}\"},\"query-input\":{\"@type\":\"PropertyValueSpecification\",\"valueRequired\":true,\"valueName\":\"search_term_string\"}}],\"inLanguage\":\"de\"}]}<\/script>\n<!-- \/ Yoast SEO plugin. -->","yoast_head_json":{"title":"Doppeltes R\u00fcckhalteseil mit Auffang - Instance master - Old Unyc","robots":{"index":"noindex","follow":"follow","max-snippet":"max-snippet:-1","max-image-preview":"max-image-preview:large","max-video-preview":"max-video-preview:-1"},"og_locale":"de_DE","og_type":"article","og_title":"Doppeltes R\u00fcckhalteseil mit Auffang - Instance master - Old Unyc","og_description":"Diese doppelte R\u00fcckhalteseil mit Energieabsorbereinrichtung wird auf einer Seite des Sicherungsgurtzeugs und auf der anderen Seite an einem Verankerungspunkt befestigt, um dem Anwender im Falle eines Sturzes Schutz zu bieten. Durch die integrierte Energieabsorbereinrichtung kann der Anwender im Falle eines Sturzes nach und nach gehalten werden. Die beiden Karabiner sind inbegriffen. Die L\u00e4nge des R\u00fcckhalteseils darf 2,00 m nicht \u00fcberschreiten. Das doppelte R\u00fcckhalteseil erm\u00f6glicht den sicheren Durchgang oder den Verlauf von einem Verankerungspunkt zum n\u00e4chsten, ohne dass sich der Anwender entkoppeln muss.","og_url":"https:\/\/master.myweb-fm.com\/de\/produkt\/doppeltes-ruckhalteseil-mit-auffang-2\/","og_site_name":"Instance master - Old Unyc","article_modified_time":"2023-11-23T10:51:30+00:00","og_image":[{"url":"https:\/\/master.myweb-fm.com\/wp-content\/uploads\/2023\/11\/c5a9bb157e7068c4b329bc5a9c9607af774cecbc_126_0910041D_main_view_1.jpg","width":1024,"height":242,"type":"image\/jpeg"}],"twitter_card":"summary_large_image","schema":{"@context":"https:\/\/schema.org","@graph":[{"@type":"WebPage","@id":"https:\/\/master.myweb-fm.com\/de\/produkt\/doppeltes-ruckhalteseil-mit-auffang-2\/","url":"https:\/\/master.myweb-fm.com\/de\/produkt\/doppeltes-ruckhalteseil-mit-auffang-2\/","name":"Doppeltes R\u00fcckhalteseil mit Auffang - Instance master - Old Unyc","isPartOf":{"@id":"https:\/\/master.myweb-fm.com\/de\/#website"},"primaryImageOfPage":{"@id":"https:\/\/master.myweb-fm.com\/de\/produkt\/doppeltes-ruckhalteseil-mit-auffang-2\/#primaryimage"},"image":{"@id":"https:\/\/master.myweb-fm.com\/de\/produkt\/doppeltes-ruckhalteseil-mit-auffang-2\/#primaryimage"},"thumbnailUrl":"https:\/\/master.myweb-fm.com\/wp-content\/uploads\/2023\/11\/c5a9bb157e7068c4b329bc5a9c9607af774cecbc_126_0910041D_main_view_1.jpg","datePublished":"2023-11-20T21:24:08+00:00","dateModified":"2023-11-23T10:51:30+00:00","breadcrumb":{"@id":"https:\/\/master.myweb-fm.com\/de\/produkt\/doppeltes-ruckhalteseil-mit-auffang-2\/#breadcrumb"},"inLanguage":"de","potentialAction":[{"@type":"ReadAction","target":["https:\/\/master.myweb-fm.com\/de\/produkt\/doppeltes-ruckhalteseil-mit-auffang-2\/"]}]},{"@type":"ImageObject","inLanguage":"de","@id":"https:\/\/master.myweb-fm.com\/de\/produkt\/doppeltes-ruckhalteseil-mit-auffang-2\/#primaryimage","url":"https:\/\/master.myweb-fm.com\/wp-content\/uploads\/2023\/11\/c5a9bb157e7068c4b329bc5a9c9607af774cecbc_126_0910041D_main_view_1.jpg","contentUrl":"https:\/\/master.myweb-fm.com\/wp-content\/uploads\/2023\/11\/c5a9bb157e7068c4b329bc5a9c9607af774cecbc_126_0910041D_main_view_1.jpg","width":9733,"height":2300},{"@type":"BreadcrumbList","@id":"https:\/\/master.myweb-fm.com\/de\/produkt\/doppeltes-ruckhalteseil-mit-auffang-2\/#breadcrumb","itemListElement":[{"@type":"ListItem","position":1,"name":"Catalogue","item":"https:\/\/master.myweb-fm.com\/fr\/catalogue\/"},{"@type":"ListItem","position":2,"name":"Doppeltes R\u00fcckhalteseil mit Auffang"}]},{"@type":"WebSite","@id":"https:\/\/master.myweb-fm.com\/de\/#website","url":"https:\/\/master.myweb-fm.com\/de\/","name":"Instance master - Old Unyc","description":"Fr\u00e9n\u00e9hard &amp; Michaux","potentialAction":[{"@type":"SearchAction","target":{"@type":"EntryPoint","urlTemplate":"https:\/\/master.myweb-fm.com\/de\/?s={search_term_string}"},"query-input":{"@type":"PropertyValueSpecification","valueRequired":true,"valueName":"search_term_string"}}],"inLanguage":"de"}]}},"_links":{"self":[{"href":"https:\/\/master.myweb-fm.com\/de\/wp-json\/wp\/v2\/product\/17563","targetHints":{"allow":["GET"]}}],"collection":[{"href":"https:\/\/master.myweb-fm.com\/de\/wp-json\/wp\/v2\/product"}],"about":[{"href":"https:\/\/master.myweb-fm.com\/de\/wp-json\/wp\/v2\/types\/product"}],"wp:featuredmedia":[{"embeddable":true,"href":"https:\/\/master.myweb-fm.com\/de\/wp-json\/wp\/v2\/media\/14835"}],"wp:attachment":[{"href":"https:\/\/master.myweb-fm.com\/de\/wp-json\/wp\/v2\/media?parent=17563"}],"wp:term":[{"taxonomy":"product_brand","embeddable":true,"href":"https:\/\/master.myweb-fm.com\/de\/wp-json\/wp\/v2\/product_brand?post=17563"},{"taxonomy":"product_cat","embeddable":true,"href":"https:\/\/master.myweb-fm.com\/de\/wp-json\/wp\/v2\/product_cat?post=17563"},{"taxonomy":"product_tag","embeddable":true,"href":"https:\/\/master.myweb-fm.com\/de\/wp-json\/wp\/v2\/product_tag?post=17563"}],"curies":[{"name":"wp","href":"https:\/\/api.w.org\/{rel}","templated":true}]}}