{"id":17425,"date":"2023-11-20T22:18:36","date_gmt":"2023-11-20T21:18:36","guid":{"rendered":"https:\/\/master.myweb-fm.com\/unkategorisiert\/126-091001ma\/"},"modified":"2023-11-27T14:28:17","modified_gmt":"2023-11-27T13:28:17","slug":"gurtzeug-master","status":"publish","type":"product","link":"https:\/\/master.myweb-fm.com\/de\/produkt\/gurtzeug-master\/","title":{"rendered":"Gurtzeug Master"},"content":{"rendered":"<ul>\n<li>Das Gurtzeug mit seinen 47 mm breiten Gurten aus Polyester gew\u00e4hrleistet ein sicheres Arbeiten (R\u00fcckhaltegurt, Auffanggurt, Haltegurt und H\u00e4ngegurt) <\/li>\n<li> Zwei Verankerungspunkte aus Metall und in D-Form im Bauch- und R\u00fcckenbereich, ein Bauchring zum Befestigen des Seils sowie zwei seitlich angebrachte klappbare Metallschnallen, die perfekten Halt bieten f\u00fcr Arbeiten, die eine Positionierung erfordern. <\/li>\n<li> Dank der 5 automatischen Schnallen besteht ein hohes Ma\u00df an Einstellungsvarianten (es muss nur eine einmalige Einstellung erfolgen, keine Verstellung zum Ab- oder Anlegen des Gurtzeugs) <\/li>\n<li> Sehr hoher Tragekomfort dank dem gepolsterten Gurt, den Verst\u00e4rkungen und den elastischen Gurten im Oberschenkelbereich sowie hoher R\u00fcckenkomfort <\/li>\n<li> Bauchring an der Taille, durch den das Seil gef\u00fchrt wird <\/li>\n<li> \u00c4u\u00dferst widerstandsf\u00e4higer Haltegurt f\u00fcr den Lendenbereich mit Schaumstoffpolsterung, der ein sicheres Arbeiten gew\u00e4hrleistet und Halt bietet <\/li>\n<li> Drei Verankerungspunkte, um Werkzeuge einzuh\u00e4ngen <\/li>\n<li> R\u00fcckenteil, das den R\u00fccken des Anwenders st\u00fctzt und besten Komfort gew\u00e4hrleistet <\/li>\n<li> PVC Klammer f\u00fcr ausreichende Gurtzugabe <\/li>\n<li> Ideal geeignet f\u00fcr Arbeiten in Schr\u00e4glage <\/li>\n<li> F\u00fcr absolut sicheres Arbeiten sowie perfekten Halt f\u00fcr den ganzen K\u00f6rper<\/li>\n<\/ul>\n","protected":false},"excerpt":{"rendered":"<p>Das Auffanggurtzeug, der Haltegurt und das Einh\u00e4ngegurtzeug MASTER z\u00e4hlen zur pers\u00f6nlichen Schutzausr\u00fcstung f\u00fcr Arbeiten an hoch gelegenen Arbeitspl\u00e4tzen. Es wurde speziell f\u00fcr \u00e4u\u00dferst intensive Nutzung entwickelt. Es besteht aus zwei Verankerungspunkten (Bauch und R\u00fccken), davon einer in D-Form am Bauch, zwei Einstellschnallen zum Positionieren und f\u00fcnf Schnallen f\u00fcr die automatische Einstellung. Dank dem Haltegurt kann sich der Anwender aufrecht halten und hat gleichzeitig die H\u00e4nde frei f\u00fcr die Arbeit. Dank der H\u00e4ngefunktion mit einem Becken-Anh\u00e4ngepunkt kann der Anwender eingeh\u00e4ngt arbeiten, ohne dass er auf den F\u00fc\u00dfen steht, und die Last wird im Bereich des Gurtes und der Oberschenkelgurte verteilt. Das Gurtzeug ist Teil des Auffangsystems, genormt nach EN 361, EN 358 und EN 365, CE-zertifiziert und in zwei Gr\u00f6\u00dfen erh\u00e4ltlich.<\/p>\n","protected":false},"featured_media":14517,"template":"","meta":{"_acf_changed":false},"product_brand":[],"product_cat":[70108],"product_tag":[],"class_list":{"0":"post-17425","1":"product","2":"type-product","3":"status-publish","4":"has-post-thumbnail","6":"product_cat-harnais-de","7":"pa_abc_class-c-de","8":"pa_abc_class-s-de","9":"pa_base_unit-ea-de","10":"pa_brand-unyc-de","11":"pa_confort-5-de","12":"pa_e_com_product-no-de","13":"pa_edi_option-no-de","14":"pa_export_product-yes-de","15":"pa_g_range-13-de","16":"pa_lifespan-15-ans-de","17":"pa_lock_code-000-de","18":"pa_maximum_load-140-kg-de","19":"pa_pack_instructions_level_1-no-de","20":"pa_pack_instructions_level_2-no-de","21":"pa_pack_instructions_level_3-no-de","22":"pa_pack_type_level_1-ct-de","23":"pa_pack_type_level_2-pf-de","24":"pa_pic_family-097-de","25":"pa_product_origin-es-de","26":"pa_product_range_grouping-master-de","27":"pa_production_company-126-de","28":"pa_sales_company-126-de","29":"pa_sales_plan-c-de","30":"pa_sales_range-13-de","31":"pa_short_designation-harnais-master-taille-1-de","32":"pa_short_designation-harnais-master-taille-2-de","33":"pa_sigle-ce-de","34":"pa_size-size_1-de","35":"pa_size-size_2-de","36":"pa_standard-en_358-de","37":"pa_standard-en_361-de","38":"pa_standard-en_365-de","39":"pa_standard-en_813-de","40":"pa_type_of_floor-work_positioning-de","41":"pa_type_of_floor-fall_prevention-de","42":"pa_type_of_floor-suspesion-de","43":"pa_type_of_floor-worksite_safety-de","44":"pa_type_of_product-harnais-de","45":"pa_use-highly_intensive-de","46":"pa_varied_weight-no-de","48":"first","49":"instock","50":"shipping-taxable","51":"purchasable","52":"product-type-variable"},"acf":[],"yoast_head":"<!-- This site is optimized with the Yoast SEO plugin v27.3 - https:\/\/yoast.com\/product\/yoast-seo-wordpress\/ -->\n<title>Gurtzeug Master - Instance master - Old Unyc<\/title>\n<meta name=\"robots\" content=\"noindex, follow, max-snippet:-1, max-image-preview:large, max-video-preview:-1\" \/>\n<meta property=\"og:locale\" content=\"de_DE\" \/>\n<meta property=\"og:type\" content=\"article\" \/>\n<meta property=\"og:title\" content=\"Gurtzeug Master - Instance master - Old Unyc\" \/>\n<meta property=\"og:description\" content=\"Das Auffanggurtzeug, der Haltegurt und das Einh\u00e4ngegurtzeug MASTER z\u00e4hlen zur pers\u00f6nlichen Schutzausr\u00fcstung f\u00fcr Arbeiten an hoch gelegenen Arbeitspl\u00e4tzen. Es wurde speziell f\u00fcr \u00e4u\u00dferst intensive Nutzung entwickelt. Es besteht aus zwei Verankerungspunkten (Bauch und R\u00fccken), davon einer in D-Form am Bauch, zwei Einstellschnallen zum Positionieren und f\u00fcnf Schnallen f\u00fcr die automatische Einstellung. Dank dem Haltegurt kann sich der Anwender aufrecht halten und hat gleichzeitig die H\u00e4nde frei f\u00fcr die Arbeit. Dank der H\u00e4ngefunktion mit einem Becken-Anh\u00e4ngepunkt kann der Anwender eingeh\u00e4ngt arbeiten, ohne dass er auf den F\u00fc\u00dfen steht, und die Last wird im Bereich des Gurtes und der Oberschenkelgurte verteilt. Das Gurtzeug ist Teil des Auffangsystems, genormt nach EN 361, EN 358 und EN 365, CE-zertifiziert und in zwei Gr\u00f6\u00dfen erh\u00e4ltlich.\" \/>\n<meta property=\"og:url\" content=\"https:\/\/master.myweb-fm.com\/de\/produkt\/gurtzeug-master\/\" \/>\n<meta property=\"og:site_name\" content=\"Instance master - Old Unyc\" \/>\n<meta property=\"article:modified_time\" content=\"2023-11-27T13:28:17+00:00\" \/>\n<meta property=\"og:image\" content=\"https:\/\/master.myweb-fm.com\/wp-content\/uploads\/2023\/11\/ba5462fb81f459f6d7ce9d657ad2ec68449e779c_126_091001MA_main_view_3.png\" \/>\n\t<meta property=\"og:image:width\" content=\"1102\" \/>\n\t<meta property=\"og:image:height\" content=\"1654\" \/>\n\t<meta property=\"og:image:type\" content=\"image\/png\" \/>\n<meta name=\"twitter:card\" content=\"summary_large_image\" \/>\n<meta name=\"twitter:label1\" content=\"Gesch\u00e4tzte Lesezeit\" \/>\n\t<meta name=\"twitter:data1\" content=\"1\u00a0Minute\" \/>\n<script type=\"application\/ld+json\" class=\"yoast-schema-graph\">{\"@context\":\"https:\\\/\\\/schema.org\",\"@graph\":[{\"@type\":\"WebPage\",\"@id\":\"https:\\\/\\\/master.myweb-fm.com\\\/de\\\/produkt\\\/gurtzeug-master\\\/\",\"url\":\"https:\\\/\\\/master.myweb-fm.com\\\/de\\\/produkt\\\/gurtzeug-master\\\/\",\"name\":\"Gurtzeug Master - Instance master - Old Unyc\",\"isPartOf\":{\"@id\":\"https:\\\/\\\/master.myweb-fm.com\\\/de\\\/#website\"},\"primaryImageOfPage\":{\"@id\":\"https:\\\/\\\/master.myweb-fm.com\\\/de\\\/produkt\\\/gurtzeug-master\\\/#primaryimage\"},\"image\":{\"@id\":\"https:\\\/\\\/master.myweb-fm.com\\\/de\\\/produkt\\\/gurtzeug-master\\\/#primaryimage\"},\"thumbnailUrl\":\"https:\\\/\\\/master.myweb-fm.com\\\/wp-content\\\/uploads\\\/2023\\\/11\\\/ba5462fb81f459f6d7ce9d657ad2ec68449e779c_126_091001MA_main_view_3.png\",\"datePublished\":\"2023-11-20T21:18:36+00:00\",\"dateModified\":\"2023-11-27T13:28:17+00:00\",\"breadcrumb\":{\"@id\":\"https:\\\/\\\/master.myweb-fm.com\\\/de\\\/produkt\\\/gurtzeug-master\\\/#breadcrumb\"},\"inLanguage\":\"de\",\"potentialAction\":[{\"@type\":\"ReadAction\",\"target\":[\"https:\\\/\\\/master.myweb-fm.com\\\/de\\\/produkt\\\/gurtzeug-master\\\/\"]}]},{\"@type\":\"ImageObject\",\"inLanguage\":\"de\",\"@id\":\"https:\\\/\\\/master.myweb-fm.com\\\/de\\\/produkt\\\/gurtzeug-master\\\/#primaryimage\",\"url\":\"https:\\\/\\\/master.myweb-fm.com\\\/wp-content\\\/uploads\\\/2023\\\/11\\\/ba5462fb81f459f6d7ce9d657ad2ec68449e779c_126_091001MA_main_view_3.png\",\"contentUrl\":\"https:\\\/\\\/master.myweb-fm.com\\\/wp-content\\\/uploads\\\/2023\\\/11\\\/ba5462fb81f459f6d7ce9d657ad2ec68449e779c_126_091001MA_main_view_3.png\",\"width\":1102,\"height\":1654},{\"@type\":\"BreadcrumbList\",\"@id\":\"https:\\\/\\\/master.myweb-fm.com\\\/de\\\/produkt\\\/gurtzeug-master\\\/#breadcrumb\",\"itemListElement\":[{\"@type\":\"ListItem\",\"position\":1,\"name\":\"Catalogue\",\"item\":\"https:\\\/\\\/master.myweb-fm.com\\\/fr\\\/catalogue\\\/\"},{\"@type\":\"ListItem\",\"position\":2,\"name\":\"Gurtzeug Master\"}]},{\"@type\":\"WebSite\",\"@id\":\"https:\\\/\\\/master.myweb-fm.com\\\/de\\\/#website\",\"url\":\"https:\\\/\\\/master.myweb-fm.com\\\/de\\\/\",\"name\":\"Instance master - Old Unyc\",\"description\":\"Fr\u00e9n\u00e9hard &amp; Michaux\",\"potentialAction\":[{\"@type\":\"SearchAction\",\"target\":{\"@type\":\"EntryPoint\",\"urlTemplate\":\"https:\\\/\\\/master.myweb-fm.com\\\/de\\\/?s={search_term_string}\"},\"query-input\":{\"@type\":\"PropertyValueSpecification\",\"valueRequired\":true,\"valueName\":\"search_term_string\"}}],\"inLanguage\":\"de\"}]}<\/script>\n<!-- \/ Yoast SEO plugin. -->","yoast_head_json":{"title":"Gurtzeug Master - Instance master - Old Unyc","robots":{"index":"noindex","follow":"follow","max-snippet":"max-snippet:-1","max-image-preview":"max-image-preview:large","max-video-preview":"max-video-preview:-1"},"og_locale":"de_DE","og_type":"article","og_title":"Gurtzeug Master - Instance master - Old Unyc","og_description":"Das Auffanggurtzeug, der Haltegurt und das Einh\u00e4ngegurtzeug MASTER z\u00e4hlen zur pers\u00f6nlichen Schutzausr\u00fcstung f\u00fcr Arbeiten an hoch gelegenen Arbeitspl\u00e4tzen. Es wurde speziell f\u00fcr \u00e4u\u00dferst intensive Nutzung entwickelt. Es besteht aus zwei Verankerungspunkten (Bauch und R\u00fccken), davon einer in D-Form am Bauch, zwei Einstellschnallen zum Positionieren und f\u00fcnf Schnallen f\u00fcr die automatische Einstellung. Dank dem Haltegurt kann sich der Anwender aufrecht halten und hat gleichzeitig die H\u00e4nde frei f\u00fcr die Arbeit. Dank der H\u00e4ngefunktion mit einem Becken-Anh\u00e4ngepunkt kann der Anwender eingeh\u00e4ngt arbeiten, ohne dass er auf den F\u00fc\u00dfen steht, und die Last wird im Bereich des Gurtes und der Oberschenkelgurte verteilt. Das Gurtzeug ist Teil des Auffangsystems, genormt nach EN 361, EN 358 und EN 365, CE-zertifiziert und in zwei Gr\u00f6\u00dfen erh\u00e4ltlich.","og_url":"https:\/\/master.myweb-fm.com\/de\/produkt\/gurtzeug-master\/","og_site_name":"Instance master - Old Unyc","article_modified_time":"2023-11-27T13:28:17+00:00","og_image":[{"width":1102,"height":1654,"url":"https:\/\/master.myweb-fm.com\/wp-content\/uploads\/2023\/11\/ba5462fb81f459f6d7ce9d657ad2ec68449e779c_126_091001MA_main_view_3.png","type":"image\/png"}],"twitter_card":"summary_large_image","twitter_misc":{"Gesch\u00e4tzte Lesezeit":"1\u00a0Minute"},"schema":{"@context":"https:\/\/schema.org","@graph":[{"@type":"WebPage","@id":"https:\/\/master.myweb-fm.com\/de\/produkt\/gurtzeug-master\/","url":"https:\/\/master.myweb-fm.com\/de\/produkt\/gurtzeug-master\/","name":"Gurtzeug Master - Instance master - Old Unyc","isPartOf":{"@id":"https:\/\/master.myweb-fm.com\/de\/#website"},"primaryImageOfPage":{"@id":"https:\/\/master.myweb-fm.com\/de\/produkt\/gurtzeug-master\/#primaryimage"},"image":{"@id":"https:\/\/master.myweb-fm.com\/de\/produkt\/gurtzeug-master\/#primaryimage"},"thumbnailUrl":"https:\/\/master.myweb-fm.com\/wp-content\/uploads\/2023\/11\/ba5462fb81f459f6d7ce9d657ad2ec68449e779c_126_091001MA_main_view_3.png","datePublished":"2023-11-20T21:18:36+00:00","dateModified":"2023-11-27T13:28:17+00:00","breadcrumb":{"@id":"https:\/\/master.myweb-fm.com\/de\/produkt\/gurtzeug-master\/#breadcrumb"},"inLanguage":"de","potentialAction":[{"@type":"ReadAction","target":["https:\/\/master.myweb-fm.com\/de\/produkt\/gurtzeug-master\/"]}]},{"@type":"ImageObject","inLanguage":"de","@id":"https:\/\/master.myweb-fm.com\/de\/produkt\/gurtzeug-master\/#primaryimage","url":"https:\/\/master.myweb-fm.com\/wp-content\/uploads\/2023\/11\/ba5462fb81f459f6d7ce9d657ad2ec68449e779c_126_091001MA_main_view_3.png","contentUrl":"https:\/\/master.myweb-fm.com\/wp-content\/uploads\/2023\/11\/ba5462fb81f459f6d7ce9d657ad2ec68449e779c_126_091001MA_main_view_3.png","width":1102,"height":1654},{"@type":"BreadcrumbList","@id":"https:\/\/master.myweb-fm.com\/de\/produkt\/gurtzeug-master\/#breadcrumb","itemListElement":[{"@type":"ListItem","position":1,"name":"Catalogue","item":"https:\/\/master.myweb-fm.com\/fr\/catalogue\/"},{"@type":"ListItem","position":2,"name":"Gurtzeug Master"}]},{"@type":"WebSite","@id":"https:\/\/master.myweb-fm.com\/de\/#website","url":"https:\/\/master.myweb-fm.com\/de\/","name":"Instance master - Old Unyc","description":"Fr\u00e9n\u00e9hard &amp; Michaux","potentialAction":[{"@type":"SearchAction","target":{"@type":"EntryPoint","urlTemplate":"https:\/\/master.myweb-fm.com\/de\/?s={search_term_string}"},"query-input":{"@type":"PropertyValueSpecification","valueRequired":true,"valueName":"search_term_string"}}],"inLanguage":"de"}]}},"_links":{"self":[{"href":"https:\/\/master.myweb-fm.com\/de\/wp-json\/wp\/v2\/product\/17425","targetHints":{"allow":["GET"]}}],"collection":[{"href":"https:\/\/master.myweb-fm.com\/de\/wp-json\/wp\/v2\/product"}],"about":[{"href":"https:\/\/master.myweb-fm.com\/de\/wp-json\/wp\/v2\/types\/product"}],"wp:featuredmedia":[{"embeddable":true,"href":"https:\/\/master.myweb-fm.com\/de\/wp-json\/wp\/v2\/media\/14517"}],"wp:attachment":[{"href":"https:\/\/master.myweb-fm.com\/de\/wp-json\/wp\/v2\/media?parent=17425"}],"wp:term":[{"taxonomy":"product_brand","embeddable":true,"href":"https:\/\/master.myweb-fm.com\/de\/wp-json\/wp\/v2\/product_brand?post=17425"},{"taxonomy":"product_cat","embeddable":true,"href":"https:\/\/master.myweb-fm.com\/de\/wp-json\/wp\/v2\/product_cat?post=17425"},{"taxonomy":"product_tag","embeddable":true,"href":"https:\/\/master.myweb-fm.com\/de\/wp-json\/wp\/v2\/product_tag?post=17425"}],"curies":[{"name":"wp","href":"https:\/\/api.w.org\/{rel}","templated":true}]}}