{"id":17305,"date":"2023-11-20T22:13:14","date_gmt":"2023-11-20T21:13:14","guid":{"rendered":"https:\/\/master.myweb-fm.com\/unkategorisiert\/126-091001bu\/"},"modified":"2023-11-23T11:46:50","modified_gmt":"2023-11-23T10:46:50","slug":"gurtzeug-budget","status":"publish","type":"product","link":"https:\/\/master.myweb-fm.com\/de\/produkt\/gurtzeug-budget\/","title":{"rendered":"Gurtzeug Budget"},"content":{"rendered":"<ul>\n<li>Gurtzeug f\u00fcr absolut sicheres Arbeiten (R\u00fcckhalte- und Auffanggurt). <\/li>\n<li> Zwei Verankerungspunkte: R\u00fccken (8,00 mm Metallring) und Brust (2 Gurtringe, die \u00fcber einen Karabinerhaken verbunden werden, der als Verankerungspunkt dient) <\/li>\n<li> Die Brustanh\u00e4ngung erm\u00f6glicht es, sicher und eingespannt im Gurtzeug zu arbeiten und sich vollst\u00e4ndig auf die Arbeit zu konzentrieren <\/li>\n<li> Gew\u00e4hrleistet perfekten Halt f\u00fcr den K\u00f6rper <\/li>\n<li> 45 mm breite Polyestergurte <\/li>\n<li> Verschluss und Einstellen des Gurtzeugs erfolgt \u00fcber zwei Metallschnallen, die per Steckverbindung im Oberschenkelbereich geschlossen werden <\/li>\n<li> Der Ges\u00e4\u00dfgurt st\u00fctzt den Anwender in vertikaler Position und bietet somit h\u00f6chsten Komfort <\/li>\n<li> PVC Klammer f\u00fcr ausreichende Gurtzugabe<\/li>\n<\/ul>\n","protected":false},"excerpt":{"rendered":"<p>Das Auffanggurtzeug BUDGET z\u00e4hlt zur pers\u00f6nlichen Schutzausr\u00fcstung f\u00fcr Arbeiten an hoch gelegenen Arbeitspl\u00e4tzen. Es wurde speziell f\u00fcr den zeitweiligen Gebrauch entwickelt. Es besteht aus zwei Verankerungspunkten (Bauch und R\u00fccken) sowie zwei Einstellschnallen im Oberschenkelbereich. Es gew\u00e4hrleistet absolut sicheres Arbeiten sowie perfekten Halt f\u00fcr den ganzen K\u00f6rper. Das Gurtzeug ist Teil des Auffangsystems, genormt nach EN 361 und EN 365, CE-zertifiziert und in zwei Gr\u00f6\u00dfen erh\u00e4ltlich.<\/p>\n","protected":false},"featured_media":13899,"template":"","meta":{"_acf_changed":false},"product_brand":[],"product_cat":[70108],"product_tag":[],"class_list":{"0":"post-17305","1":"product","2":"type-product","3":"status-publish","4":"has-post-thumbnail","6":"product_cat-harnais-de","7":"pa_abc_class-a-de","8":"pa_abc_class-s-de","9":"pa_base_unit-ea-de","10":"pa_brand-unyc-de","11":"pa_confort-1-de","12":"pa_e_com_product-no-de","13":"pa_edi_option-no-de","14":"pa_export_product-yes-de","15":"pa_g_range-13-de","16":"pa_lifespan-15-ans-de","17":"pa_lock_code-000-de","18":"pa_maximum_load-100-kg-de","19":"pa_pack_instructions_level_1-no-de","20":"pa_pack_instructions_level_2-no-de","21":"pa_pack_instructions_level_3-no-de","22":"pa_pack_type_level_1-ct-de","23":"pa_pack_type_level_2-pf-de","24":"pa_pic_family-097-de","25":"pa_product_origin-es-de","26":"pa_product_range_grouping-budget-de","27":"pa_production_company-126-de","28":"pa_sales_company-126-de","29":"pa_sales_plan-c-de","30":"pa_sales_range-13-de","31":"pa_short_designation-harnais-budget-taille-1-de","32":"pa_short_designation-harnais-budget-taille-2-de","33":"pa_sigle-ce-de","34":"pa_size-size_1-de","35":"pa_size-size_2-de","36":"pa_standard-en_361-de","37":"pa_standard-en_365-de","38":"pa_type_of_floor-fall_prevention-de","39":"pa_type_of_floor-worksite_safety-de","40":"pa_type_of_product-harnais-de","41":"pa_use-moderate-de","42":"pa_varied_weight-no-de","44":"first","45":"instock","46":"shipping-taxable","47":"purchasable","48":"product-type-variable"},"acf":[],"yoast_head":"<!-- This site is optimized with the Yoast SEO plugin v27.3 - https:\/\/yoast.com\/product\/yoast-seo-wordpress\/ -->\n<title>Gurtzeug Budget - Instance master - Old Unyc<\/title>\n<meta name=\"robots\" content=\"noindex, follow, max-snippet:-1, max-image-preview:large, max-video-preview:-1\" \/>\n<meta property=\"og:locale\" content=\"de_DE\" \/>\n<meta property=\"og:type\" content=\"article\" \/>\n<meta property=\"og:title\" content=\"Gurtzeug Budget - Instance master - Old Unyc\" \/>\n<meta property=\"og:description\" content=\"Das Auffanggurtzeug BUDGET z\u00e4hlt zur pers\u00f6nlichen Schutzausr\u00fcstung f\u00fcr Arbeiten an hoch gelegenen Arbeitspl\u00e4tzen. Es wurde speziell f\u00fcr den zeitweiligen Gebrauch entwickelt. Es besteht aus zwei Verankerungspunkten (Bauch und R\u00fccken) sowie zwei Einstellschnallen im Oberschenkelbereich. Es gew\u00e4hrleistet absolut sicheres Arbeiten sowie perfekten Halt f\u00fcr den ganzen K\u00f6rper. Das Gurtzeug ist Teil des Auffangsystems, genormt nach EN 361 und EN 365, CE-zertifiziert und in zwei Gr\u00f6\u00dfen erh\u00e4ltlich.\" \/>\n<meta property=\"og:url\" content=\"https:\/\/master.myweb-fm.com\/de\/produkt\/gurtzeug-budget\/\" \/>\n<meta property=\"og:site_name\" content=\"Instance master - Old Unyc\" \/>\n<meta property=\"article:modified_time\" content=\"2023-11-23T10:46:50+00:00\" \/>\n<meta property=\"og:image\" content=\"https:\/\/master.myweb-fm.com\/wp-content\/uploads\/2023\/11\/2ffcff68a305a143f6ea4813709a2f6c9ca29104_126_091001BU_main_view_3.png\" \/>\n\t<meta property=\"og:image:width\" content=\"1181\" \/>\n\t<meta property=\"og:image:height\" content=\"1772\" \/>\n\t<meta property=\"og:image:type\" content=\"image\/png\" \/>\n<meta name=\"twitter:card\" content=\"summary_large_image\" \/>\n<meta name=\"twitter:label1\" content=\"Gesch\u00e4tzte Lesezeit\" \/>\n\t<meta name=\"twitter:data1\" content=\"1\u00a0Minute\" \/>\n<script type=\"application\/ld+json\" class=\"yoast-schema-graph\">{\"@context\":\"https:\\\/\\\/schema.org\",\"@graph\":[{\"@type\":\"WebPage\",\"@id\":\"https:\\\/\\\/master.myweb-fm.com\\\/de\\\/produkt\\\/gurtzeug-budget\\\/\",\"url\":\"https:\\\/\\\/master.myweb-fm.com\\\/de\\\/produkt\\\/gurtzeug-budget\\\/\",\"name\":\"Gurtzeug Budget - Instance master - Old Unyc\",\"isPartOf\":{\"@id\":\"https:\\\/\\\/master.myweb-fm.com\\\/de\\\/#website\"},\"primaryImageOfPage\":{\"@id\":\"https:\\\/\\\/master.myweb-fm.com\\\/de\\\/produkt\\\/gurtzeug-budget\\\/#primaryimage\"},\"image\":{\"@id\":\"https:\\\/\\\/master.myweb-fm.com\\\/de\\\/produkt\\\/gurtzeug-budget\\\/#primaryimage\"},\"thumbnailUrl\":\"https:\\\/\\\/master.myweb-fm.com\\\/wp-content\\\/uploads\\\/2023\\\/11\\\/2ffcff68a305a143f6ea4813709a2f6c9ca29104_126_091001BU_main_view_3.png\",\"datePublished\":\"2023-11-20T21:13:14+00:00\",\"dateModified\":\"2023-11-23T10:46:50+00:00\",\"breadcrumb\":{\"@id\":\"https:\\\/\\\/master.myweb-fm.com\\\/de\\\/produkt\\\/gurtzeug-budget\\\/#breadcrumb\"},\"inLanguage\":\"de\",\"potentialAction\":[{\"@type\":\"ReadAction\",\"target\":[\"https:\\\/\\\/master.myweb-fm.com\\\/de\\\/produkt\\\/gurtzeug-budget\\\/\"]}]},{\"@type\":\"ImageObject\",\"inLanguage\":\"de\",\"@id\":\"https:\\\/\\\/master.myweb-fm.com\\\/de\\\/produkt\\\/gurtzeug-budget\\\/#primaryimage\",\"url\":\"https:\\\/\\\/master.myweb-fm.com\\\/wp-content\\\/uploads\\\/2023\\\/11\\\/2ffcff68a305a143f6ea4813709a2f6c9ca29104_126_091001BU_main_view_3.png\",\"contentUrl\":\"https:\\\/\\\/master.myweb-fm.com\\\/wp-content\\\/uploads\\\/2023\\\/11\\\/2ffcff68a305a143f6ea4813709a2f6c9ca29104_126_091001BU_main_view_3.png\",\"width\":1181,\"height\":1772},{\"@type\":\"BreadcrumbList\",\"@id\":\"https:\\\/\\\/master.myweb-fm.com\\\/de\\\/produkt\\\/gurtzeug-budget\\\/#breadcrumb\",\"itemListElement\":[{\"@type\":\"ListItem\",\"position\":1,\"name\":\"Catalogue\",\"item\":\"https:\\\/\\\/master.myweb-fm.com\\\/fr\\\/catalogue\\\/\"},{\"@type\":\"ListItem\",\"position\":2,\"name\":\"Gurtzeug Budget\"}]},{\"@type\":\"WebSite\",\"@id\":\"https:\\\/\\\/master.myweb-fm.com\\\/de\\\/#website\",\"url\":\"https:\\\/\\\/master.myweb-fm.com\\\/de\\\/\",\"name\":\"Instance master - Old Unyc\",\"description\":\"Fr\u00e9n\u00e9hard &amp; Michaux\",\"potentialAction\":[{\"@type\":\"SearchAction\",\"target\":{\"@type\":\"EntryPoint\",\"urlTemplate\":\"https:\\\/\\\/master.myweb-fm.com\\\/de\\\/?s={search_term_string}\"},\"query-input\":{\"@type\":\"PropertyValueSpecification\",\"valueRequired\":true,\"valueName\":\"search_term_string\"}}],\"inLanguage\":\"de\"}]}<\/script>\n<!-- \/ Yoast SEO plugin. -->","yoast_head_json":{"title":"Gurtzeug Budget - Instance master - Old Unyc","robots":{"index":"noindex","follow":"follow","max-snippet":"max-snippet:-1","max-image-preview":"max-image-preview:large","max-video-preview":"max-video-preview:-1"},"og_locale":"de_DE","og_type":"article","og_title":"Gurtzeug Budget - Instance master - Old Unyc","og_description":"Das Auffanggurtzeug BUDGET z\u00e4hlt zur pers\u00f6nlichen Schutzausr\u00fcstung f\u00fcr Arbeiten an hoch gelegenen Arbeitspl\u00e4tzen. Es wurde speziell f\u00fcr den zeitweiligen Gebrauch entwickelt. Es besteht aus zwei Verankerungspunkten (Bauch und R\u00fccken) sowie zwei Einstellschnallen im Oberschenkelbereich. Es gew\u00e4hrleistet absolut sicheres Arbeiten sowie perfekten Halt f\u00fcr den ganzen K\u00f6rper. Das Gurtzeug ist Teil des Auffangsystems, genormt nach EN 361 und EN 365, CE-zertifiziert und in zwei Gr\u00f6\u00dfen erh\u00e4ltlich.","og_url":"https:\/\/master.myweb-fm.com\/de\/produkt\/gurtzeug-budget\/","og_site_name":"Instance master - Old Unyc","article_modified_time":"2023-11-23T10:46:50+00:00","og_image":[{"width":1181,"height":1772,"url":"https:\/\/master.myweb-fm.com\/wp-content\/uploads\/2023\/11\/2ffcff68a305a143f6ea4813709a2f6c9ca29104_126_091001BU_main_view_3.png","type":"image\/png"}],"twitter_card":"summary_large_image","twitter_misc":{"Gesch\u00e4tzte Lesezeit":"1\u00a0Minute"},"schema":{"@context":"https:\/\/schema.org","@graph":[{"@type":"WebPage","@id":"https:\/\/master.myweb-fm.com\/de\/produkt\/gurtzeug-budget\/","url":"https:\/\/master.myweb-fm.com\/de\/produkt\/gurtzeug-budget\/","name":"Gurtzeug Budget - Instance master - Old Unyc","isPartOf":{"@id":"https:\/\/master.myweb-fm.com\/de\/#website"},"primaryImageOfPage":{"@id":"https:\/\/master.myweb-fm.com\/de\/produkt\/gurtzeug-budget\/#primaryimage"},"image":{"@id":"https:\/\/master.myweb-fm.com\/de\/produkt\/gurtzeug-budget\/#primaryimage"},"thumbnailUrl":"https:\/\/master.myweb-fm.com\/wp-content\/uploads\/2023\/11\/2ffcff68a305a143f6ea4813709a2f6c9ca29104_126_091001BU_main_view_3.png","datePublished":"2023-11-20T21:13:14+00:00","dateModified":"2023-11-23T10:46:50+00:00","breadcrumb":{"@id":"https:\/\/master.myweb-fm.com\/de\/produkt\/gurtzeug-budget\/#breadcrumb"},"inLanguage":"de","potentialAction":[{"@type":"ReadAction","target":["https:\/\/master.myweb-fm.com\/de\/produkt\/gurtzeug-budget\/"]}]},{"@type":"ImageObject","inLanguage":"de","@id":"https:\/\/master.myweb-fm.com\/de\/produkt\/gurtzeug-budget\/#primaryimage","url":"https:\/\/master.myweb-fm.com\/wp-content\/uploads\/2023\/11\/2ffcff68a305a143f6ea4813709a2f6c9ca29104_126_091001BU_main_view_3.png","contentUrl":"https:\/\/master.myweb-fm.com\/wp-content\/uploads\/2023\/11\/2ffcff68a305a143f6ea4813709a2f6c9ca29104_126_091001BU_main_view_3.png","width":1181,"height":1772},{"@type":"BreadcrumbList","@id":"https:\/\/master.myweb-fm.com\/de\/produkt\/gurtzeug-budget\/#breadcrumb","itemListElement":[{"@type":"ListItem","position":1,"name":"Catalogue","item":"https:\/\/master.myweb-fm.com\/fr\/catalogue\/"},{"@type":"ListItem","position":2,"name":"Gurtzeug Budget"}]},{"@type":"WebSite","@id":"https:\/\/master.myweb-fm.com\/de\/#website","url":"https:\/\/master.myweb-fm.com\/de\/","name":"Instance master - Old Unyc","description":"Fr\u00e9n\u00e9hard &amp; Michaux","potentialAction":[{"@type":"SearchAction","target":{"@type":"EntryPoint","urlTemplate":"https:\/\/master.myweb-fm.com\/de\/?s={search_term_string}"},"query-input":{"@type":"PropertyValueSpecification","valueRequired":true,"valueName":"search_term_string"}}],"inLanguage":"de"}]}},"_links":{"self":[{"href":"https:\/\/master.myweb-fm.com\/de\/wp-json\/wp\/v2\/product\/17305","targetHints":{"allow":["GET"]}}],"collection":[{"href":"https:\/\/master.myweb-fm.com\/de\/wp-json\/wp\/v2\/product"}],"about":[{"href":"https:\/\/master.myweb-fm.com\/de\/wp-json\/wp\/v2\/types\/product"}],"wp:featuredmedia":[{"embeddable":true,"href":"https:\/\/master.myweb-fm.com\/de\/wp-json\/wp\/v2\/media\/13899"}],"wp:attachment":[{"href":"https:\/\/master.myweb-fm.com\/de\/wp-json\/wp\/v2\/media?parent=17305"}],"wp:term":[{"taxonomy":"product_brand","embeddable":true,"href":"https:\/\/master.myweb-fm.com\/de\/wp-json\/wp\/v2\/product_brand?post=17305"},{"taxonomy":"product_cat","embeddable":true,"href":"https:\/\/master.myweb-fm.com\/de\/wp-json\/wp\/v2\/product_cat?post=17305"},{"taxonomy":"product_tag","embeddable":true,"href":"https:\/\/master.myweb-fm.com\/de\/wp-json\/wp\/v2\/product_tag?post=17305"}],"curies":[{"name":"wp","href":"https:\/\/api.w.org\/{rel}","templated":true}]}}