{"id":17275,"date":"2023-11-20T22:11:52","date_gmt":"2023-11-20T21:11:52","guid":{"rendered":"https:\/\/master.myweb-fm.com\/unkategorisiert\/126-091000ma\/"},"modified":"2023-11-27T15:49:53","modified_gmt":"2023-11-27T14:49:53","slug":"bausatz-master","status":"publish","type":"product","link":"https:\/\/master.myweb-fm.com\/de\/produkt\/bausatz-master\/","title":{"rendered":"Bausatz Master"},"content":{"rendered":"<ul>\n<li>PSA-Kit Auffanggurt, Halteund Einh\u00e4ngegurt MASTER Umfasst: ein Gurtzeug MASTER, ein ummanteltes geflochtenes Seil 20m, eine Mitlauf-Auffangvorrichtung mit Blockierung, zwei Karabiner aus Aluminium ,ein Verankerungsring mit 1,00 m Gurteine Transporttasche mit 20 l Fassungsverm\u00f6gen. Empfohlen f\u00fcr H\u00f6henarbeiter, Arbeiter an Hochspannungsmasten, Menschen, die auf Leitern arbeiten, Zimmerleute, Dachdecker, Schreiner und Arbeiter im Baugewerbe<\/li>\n<\/ul>\n","protected":false},"excerpt":{"rendered":"<p>Der PSA-Absturzsicherungssatz MASTER ist f\u00fcr Zimmerm\u00e4nner, Dachdecker, Schreiner, und Berufe des Rohbaugewerbes empfohlen. F\u00fcr die extrem anspruchsvolle Verwendung als Absturzsicherung und die Sicherheit beim Arbeitseinsatz. Er entspricht den Normen EN 361 und EN 358. Mit der richtigen Ausr\u00fcstung kann der MASTER Auffanggurt auch in Schwebesituationen verwendet werden (EN 813).<\/p>\n","protected":false},"featured_media":13857,"template":"","meta":{"_acf_changed":false},"product_brand":[],"product_cat":[70114],"product_tag":[],"class_list":{"0":"post-17275","1":"product","2":"type-product","3":"status-publish","4":"has-post-thumbnail","6":"product_cat-kits-de","7":"pa_abc_class-b-de","8":"pa_abc_class-s-de","9":"pa_base_unit-ea-de","10":"pa_brand-unyc-de","11":"pa_careers-rope_acess_technician_pylon_installer_tree_trimmer_works_on_ladders-de","12":"pa_careers-carpenter_roofer_joiner-de","13":"pa_confort-5-de","14":"pa_e_com_product-no-de","15":"pa_edi_option-no-de","16":"pa_export_product-yes-de","17":"pa_g_range-13-de","18":"pa_lifespan-15-ans-de","19":"pa_lock_code-000-de","20":"pa_maximum_load-140-kg-de","21":"pa_pack_instructions_level_1-no-de","22":"pa_pack_instructions_level_2-no-de","23":"pa_pack_instructions_level_3-no-de","24":"pa_pack_type_level_1-ct-de","25":"pa_pack_type_level_2-pf-de","26":"pa_pic_family-097-de","27":"pa_product_origin-es-de","28":"pa_product_range_grouping-master-de","29":"pa_production_company-126-de","30":"pa_sales_company-126-de","31":"pa_sales_plan-c-de","32":"pa_sales_range-13-de","33":"pa_short_designation-kit-master-taille-1-de","34":"pa_short_designation-kit-master-taille-2-de","35":"pa_sigle-ce-de","36":"pa_size-size_1-de","37":"pa_size-size_2-de","38":"pa_standard-en_358-de","39":"pa_standard-en_361-de","40":"pa_standard-en_813-de","41":"pa_type_of_floor-fall_prevention-de","42":"pa_type_of_product-kit-de","43":"pa_use-highly_intensive-de","44":"pa_varied_weight-no-de","46":"first","47":"instock","48":"shipping-taxable","49":"purchasable","50":"product-type-variable"},"acf":[],"yoast_head":"<!-- This site is optimized with the Yoast SEO plugin v27.3 - https:\/\/yoast.com\/product\/yoast-seo-wordpress\/ -->\n<title>Bausatz Master - Instance master - Old Unyc<\/title>\n<meta name=\"robots\" content=\"noindex, follow, max-snippet:-1, max-image-preview:large, max-video-preview:-1\" \/>\n<meta property=\"og:locale\" content=\"de_DE\" \/>\n<meta property=\"og:type\" content=\"article\" \/>\n<meta property=\"og:title\" content=\"Bausatz Master - Instance master - Old Unyc\" \/>\n<meta property=\"og:description\" content=\"Der PSA-Absturzsicherungssatz MASTER ist f\u00fcr Zimmerm\u00e4nner, Dachdecker, Schreiner, und Berufe des Rohbaugewerbes empfohlen. F\u00fcr die extrem anspruchsvolle Verwendung als Absturzsicherung und die Sicherheit beim Arbeitseinsatz. Er entspricht den Normen EN 361 und EN 358. Mit der richtigen Ausr\u00fcstung kann der MASTER Auffanggurt auch in Schwebesituationen verwendet werden (EN 813).\" \/>\n<meta property=\"og:url\" content=\"https:\/\/master.myweb-fm.com\/de\/produkt\/bausatz-master\/\" \/>\n<meta property=\"og:site_name\" content=\"Instance master - Old Unyc\" \/>\n<meta property=\"article:modified_time\" content=\"2023-11-27T14:49:53+00:00\" \/>\n<meta property=\"og:image\" content=\"https:\/\/master.myweb-fm.com\/wp-content\/uploads\/2023\/11\/877a7896174575f20a8df10e80bfd939bb9d7009_126_091000MA_main_view_2.jpg\" \/>\n\t<meta property=\"og:image:width\" content=\"660\" \/>\n\t<meta property=\"og:image:height\" content=\"660\" \/>\n\t<meta property=\"og:image:type\" content=\"image\/jpeg\" \/>\n<meta name=\"twitter:card\" content=\"summary_large_image\" \/>\n<script type=\"application\/ld+json\" class=\"yoast-schema-graph\">{\"@context\":\"https:\\\/\\\/schema.org\",\"@graph\":[{\"@type\":\"WebPage\",\"@id\":\"https:\\\/\\\/master.myweb-fm.com\\\/de\\\/produkt\\\/bausatz-master\\\/\",\"url\":\"https:\\\/\\\/master.myweb-fm.com\\\/de\\\/produkt\\\/bausatz-master\\\/\",\"name\":\"Bausatz Master - Instance master - Old Unyc\",\"isPartOf\":{\"@id\":\"https:\\\/\\\/master.myweb-fm.com\\\/de\\\/#website\"},\"primaryImageOfPage\":{\"@id\":\"https:\\\/\\\/master.myweb-fm.com\\\/de\\\/produkt\\\/bausatz-master\\\/#primaryimage\"},\"image\":{\"@id\":\"https:\\\/\\\/master.myweb-fm.com\\\/de\\\/produkt\\\/bausatz-master\\\/#primaryimage\"},\"thumbnailUrl\":\"https:\\\/\\\/master.myweb-fm.com\\\/wp-content\\\/uploads\\\/2023\\\/11\\\/877a7896174575f20a8df10e80bfd939bb9d7009_126_091000MA_main_view_2.jpg\",\"datePublished\":\"2023-11-20T21:11:52+00:00\",\"dateModified\":\"2023-11-27T14:49:53+00:00\",\"breadcrumb\":{\"@id\":\"https:\\\/\\\/master.myweb-fm.com\\\/de\\\/produkt\\\/bausatz-master\\\/#breadcrumb\"},\"inLanguage\":\"de\",\"potentialAction\":[{\"@type\":\"ReadAction\",\"target\":[\"https:\\\/\\\/master.myweb-fm.com\\\/de\\\/produkt\\\/bausatz-master\\\/\"]}]},{\"@type\":\"ImageObject\",\"inLanguage\":\"de\",\"@id\":\"https:\\\/\\\/master.myweb-fm.com\\\/de\\\/produkt\\\/bausatz-master\\\/#primaryimage\",\"url\":\"https:\\\/\\\/master.myweb-fm.com\\\/wp-content\\\/uploads\\\/2023\\\/11\\\/877a7896174575f20a8df10e80bfd939bb9d7009_126_091000MA_main_view_2.jpg\",\"contentUrl\":\"https:\\\/\\\/master.myweb-fm.com\\\/wp-content\\\/uploads\\\/2023\\\/11\\\/877a7896174575f20a8df10e80bfd939bb9d7009_126_091000MA_main_view_2.jpg\",\"width\":660,\"height\":660},{\"@type\":\"BreadcrumbList\",\"@id\":\"https:\\\/\\\/master.myweb-fm.com\\\/de\\\/produkt\\\/bausatz-master\\\/#breadcrumb\",\"itemListElement\":[{\"@type\":\"ListItem\",\"position\":1,\"name\":\"Catalogue\",\"item\":\"https:\\\/\\\/master.myweb-fm.com\\\/fr\\\/catalogue\\\/\"},{\"@type\":\"ListItem\",\"position\":2,\"name\":\"Bausatz Master\"}]},{\"@type\":\"WebSite\",\"@id\":\"https:\\\/\\\/master.myweb-fm.com\\\/de\\\/#website\",\"url\":\"https:\\\/\\\/master.myweb-fm.com\\\/de\\\/\",\"name\":\"Instance master - Old Unyc\",\"description\":\"Fr\u00e9n\u00e9hard &amp; Michaux\",\"potentialAction\":[{\"@type\":\"SearchAction\",\"target\":{\"@type\":\"EntryPoint\",\"urlTemplate\":\"https:\\\/\\\/master.myweb-fm.com\\\/de\\\/?s={search_term_string}\"},\"query-input\":{\"@type\":\"PropertyValueSpecification\",\"valueRequired\":true,\"valueName\":\"search_term_string\"}}],\"inLanguage\":\"de\"}]}<\/script>\n<!-- \/ Yoast SEO plugin. -->","yoast_head_json":{"title":"Bausatz Master - Instance master - Old Unyc","robots":{"index":"noindex","follow":"follow","max-snippet":"max-snippet:-1","max-image-preview":"max-image-preview:large","max-video-preview":"max-video-preview:-1"},"og_locale":"de_DE","og_type":"article","og_title":"Bausatz Master - Instance master - Old Unyc","og_description":"Der PSA-Absturzsicherungssatz MASTER ist f\u00fcr Zimmerm\u00e4nner, Dachdecker, Schreiner, und Berufe des Rohbaugewerbes empfohlen. F\u00fcr die extrem anspruchsvolle Verwendung als Absturzsicherung und die Sicherheit beim Arbeitseinsatz. Er entspricht den Normen EN 361 und EN 358. Mit der richtigen Ausr\u00fcstung kann der MASTER Auffanggurt auch in Schwebesituationen verwendet werden (EN 813).","og_url":"https:\/\/master.myweb-fm.com\/de\/produkt\/bausatz-master\/","og_site_name":"Instance master - Old Unyc","article_modified_time":"2023-11-27T14:49:53+00:00","og_image":[{"width":660,"height":660,"url":"https:\/\/master.myweb-fm.com\/wp-content\/uploads\/2023\/11\/877a7896174575f20a8df10e80bfd939bb9d7009_126_091000MA_main_view_2.jpg","type":"image\/jpeg"}],"twitter_card":"summary_large_image","schema":{"@context":"https:\/\/schema.org","@graph":[{"@type":"WebPage","@id":"https:\/\/master.myweb-fm.com\/de\/produkt\/bausatz-master\/","url":"https:\/\/master.myweb-fm.com\/de\/produkt\/bausatz-master\/","name":"Bausatz Master - Instance master - Old Unyc","isPartOf":{"@id":"https:\/\/master.myweb-fm.com\/de\/#website"},"primaryImageOfPage":{"@id":"https:\/\/master.myweb-fm.com\/de\/produkt\/bausatz-master\/#primaryimage"},"image":{"@id":"https:\/\/master.myweb-fm.com\/de\/produkt\/bausatz-master\/#primaryimage"},"thumbnailUrl":"https:\/\/master.myweb-fm.com\/wp-content\/uploads\/2023\/11\/877a7896174575f20a8df10e80bfd939bb9d7009_126_091000MA_main_view_2.jpg","datePublished":"2023-11-20T21:11:52+00:00","dateModified":"2023-11-27T14:49:53+00:00","breadcrumb":{"@id":"https:\/\/master.myweb-fm.com\/de\/produkt\/bausatz-master\/#breadcrumb"},"inLanguage":"de","potentialAction":[{"@type":"ReadAction","target":["https:\/\/master.myweb-fm.com\/de\/produkt\/bausatz-master\/"]}]},{"@type":"ImageObject","inLanguage":"de","@id":"https:\/\/master.myweb-fm.com\/de\/produkt\/bausatz-master\/#primaryimage","url":"https:\/\/master.myweb-fm.com\/wp-content\/uploads\/2023\/11\/877a7896174575f20a8df10e80bfd939bb9d7009_126_091000MA_main_view_2.jpg","contentUrl":"https:\/\/master.myweb-fm.com\/wp-content\/uploads\/2023\/11\/877a7896174575f20a8df10e80bfd939bb9d7009_126_091000MA_main_view_2.jpg","width":660,"height":660},{"@type":"BreadcrumbList","@id":"https:\/\/master.myweb-fm.com\/de\/produkt\/bausatz-master\/#breadcrumb","itemListElement":[{"@type":"ListItem","position":1,"name":"Catalogue","item":"https:\/\/master.myweb-fm.com\/fr\/catalogue\/"},{"@type":"ListItem","position":2,"name":"Bausatz Master"}]},{"@type":"WebSite","@id":"https:\/\/master.myweb-fm.com\/de\/#website","url":"https:\/\/master.myweb-fm.com\/de\/","name":"Instance master - Old Unyc","description":"Fr\u00e9n\u00e9hard &amp; Michaux","potentialAction":[{"@type":"SearchAction","target":{"@type":"EntryPoint","urlTemplate":"https:\/\/master.myweb-fm.com\/de\/?s={search_term_string}"},"query-input":{"@type":"PropertyValueSpecification","valueRequired":true,"valueName":"search_term_string"}}],"inLanguage":"de"}]}},"_links":{"self":[{"href":"https:\/\/master.myweb-fm.com\/de\/wp-json\/wp\/v2\/product\/17275","targetHints":{"allow":["GET"]}}],"collection":[{"href":"https:\/\/master.myweb-fm.com\/de\/wp-json\/wp\/v2\/product"}],"about":[{"href":"https:\/\/master.myweb-fm.com\/de\/wp-json\/wp\/v2\/types\/product"}],"wp:featuredmedia":[{"embeddable":true,"href":"https:\/\/master.myweb-fm.com\/de\/wp-json\/wp\/v2\/media\/13857"}],"wp:attachment":[{"href":"https:\/\/master.myweb-fm.com\/de\/wp-json\/wp\/v2\/media?parent=17275"}],"wp:term":[{"taxonomy":"product_brand","embeddable":true,"href":"https:\/\/master.myweb-fm.com\/de\/wp-json\/wp\/v2\/product_brand?post=17275"},{"taxonomy":"product_cat","embeddable":true,"href":"https:\/\/master.myweb-fm.com\/de\/wp-json\/wp\/v2\/product_cat?post=17275"},{"taxonomy":"product_tag","embeddable":true,"href":"https:\/\/master.myweb-fm.com\/de\/wp-json\/wp\/v2\/product_tag?post=17275"}],"curies":[{"name":"wp","href":"https:\/\/api.w.org\/{rel}","templated":true}]}}