{"id":17125,"date":"2023-11-20T22:04:49","date_gmt":"2023-11-20T21:04:49","guid":{"rendered":"https:\/\/master.myweb-fm.com\/unkategorisiert\/126-091000co\/"},"modified":"2023-11-27T16:38:58","modified_gmt":"2023-11-27T15:38:58","slug":"bausatz-comfort","status":"publish","type":"product","link":"https:\/\/master.myweb-fm.com\/de\/produkt\/bausatz-comfort\/","title":{"rendered":"Bausatz Comfort"},"content":{"rendered":"<ul>\n<li>PSA-Kit Auffangund Haltegurt COMFORT Umfasst: ein Gurtzeug COMFORT, ein ummanteltes geflochtenes Seil 10 m, eine Mitlauf-Auffangvorrichtung mit Blockierung, zwei Stahlkarabiner ,ein Verankerungsring mit 1,00 m Gurt, eine Transporttasche mit 20 l Fassungsverm\u00f6gen. Empfohlen f\u00fcr Zimmerleute, Dachdecker, Schreiner und Bauhandwerke<\/li>\n<\/ul>\n","protected":false},"excerpt":{"rendered":"<p>Der PSA-Absturzsicherungssatz COMFORT ist f\u00fcr Zimmerm\u00e4nner, Dachdecker, Schreiner, und Berufe des Rohbaugewerbes empfohlen. F\u00fcr den moderaten Gebrauch als Absturzsicherung und zur Sicherheit beim Arbeitseinsatz. Er entspricht den Normen EN 361 und EN 358.<\/p>\n","protected":false},"featured_media":13653,"template":"","meta":{"_acf_changed":false},"product_brand":[],"product_cat":[70114],"product_tag":[],"class_list":{"0":"post-17125","1":"product","2":"type-product","3":"status-publish","4":"has-post-thumbnail","6":"product_cat-kits-de","7":"pa_abc_class-a-de","8":"pa_abc_class-s-de","9":"pa_base_unit-ea-de","10":"pa_brand-unyc-de","11":"pa_careers-building_trades-de","12":"pa_careers-carpenter_roofer_joiner-de","13":"pa_confort-3-de","14":"pa_e_com_product-no-de","15":"pa_edi_option-no-de","16":"pa_export_product-yes-de","17":"pa_g_range-13-de","18":"pa_lifespan-15-ans-de","19":"pa_lock_code-000-de","20":"pa_maximum_load-140-kg-de","21":"pa_pack_instructions_level_1-no-de","22":"pa_pack_instructions_level_2-no-de","23":"pa_pack_instructions_level_3-no-de","24":"pa_pack_type_level_1-ct-de","25":"pa_pack_type_level_2-pf-de","26":"pa_pic_family-097-de","27":"pa_product_origin-es-de","28":"pa_product_range_grouping-comfort-de","29":"pa_production_company-126-de","30":"pa_sales_company-126-de","31":"pa_sales_plan-c-de","32":"pa_sales_range-13-de","33":"pa_short_designation-kit-comfort-taille-1-de","34":"pa_short_designation-kit-comfort-taille-2-de","35":"pa_sigle-ce-de","36":"pa_size-size_1-de","37":"pa_size-size_2-de","38":"pa_standard-en_358-de","39":"pa_standard-en_361-de","40":"pa_type_of_floor-fall_prevention-de","41":"pa_type_of_product-kit-de","42":"pa_use-regular-de","43":"pa_varied_weight-no-de","45":"first","46":"instock","47":"shipping-taxable","48":"purchasable","49":"product-type-variable"},"acf":[],"yoast_head":"<!-- This site is optimized with the Yoast SEO plugin v27.3 - https:\/\/yoast.com\/product\/yoast-seo-wordpress\/ -->\n<title>Bausatz Comfort - Instance master - Old Unyc<\/title>\n<meta name=\"robots\" content=\"noindex, follow, max-snippet:-1, max-image-preview:large, max-video-preview:-1\" \/>\n<meta property=\"og:locale\" content=\"de_DE\" \/>\n<meta property=\"og:type\" content=\"article\" \/>\n<meta property=\"og:title\" content=\"Bausatz Comfort - Instance master - Old Unyc\" \/>\n<meta property=\"og:description\" content=\"Der PSA-Absturzsicherungssatz COMFORT ist f\u00fcr Zimmerm\u00e4nner, Dachdecker, Schreiner, und Berufe des Rohbaugewerbes empfohlen. F\u00fcr den moderaten Gebrauch als Absturzsicherung und zur Sicherheit beim Arbeitseinsatz. Er entspricht den Normen EN 361 und EN 358.\" \/>\n<meta property=\"og:url\" content=\"https:\/\/master.myweb-fm.com\/de\/produkt\/bausatz-comfort\/\" \/>\n<meta property=\"og:site_name\" content=\"Instance master - Old Unyc\" \/>\n<meta property=\"article:modified_time\" content=\"2023-11-27T15:38:58+00:00\" \/>\n<meta property=\"og:image\" content=\"https:\/\/master.myweb-fm.com\/wp-content\/uploads\/2023\/11\/6b92810ab87fefba7dccb288df07f5567e72cd2f_126_091000CO_main_view_2.jpg\" \/>\n\t<meta property=\"og:image:width\" content=\"660\" \/>\n\t<meta property=\"og:image:height\" content=\"660\" \/>\n\t<meta property=\"og:image:type\" content=\"image\/jpeg\" \/>\n<meta name=\"twitter:card\" content=\"summary_large_image\" \/>\n<script type=\"application\/ld+json\" class=\"yoast-schema-graph\">{\"@context\":\"https:\\\/\\\/schema.org\",\"@graph\":[{\"@type\":\"WebPage\",\"@id\":\"https:\\\/\\\/master.myweb-fm.com\\\/de\\\/produkt\\\/bausatz-comfort\\\/\",\"url\":\"https:\\\/\\\/master.myweb-fm.com\\\/de\\\/produkt\\\/bausatz-comfort\\\/\",\"name\":\"Bausatz Comfort - Instance master - Old Unyc\",\"isPartOf\":{\"@id\":\"https:\\\/\\\/master.myweb-fm.com\\\/de\\\/#website\"},\"primaryImageOfPage\":{\"@id\":\"https:\\\/\\\/master.myweb-fm.com\\\/de\\\/produkt\\\/bausatz-comfort\\\/#primaryimage\"},\"image\":{\"@id\":\"https:\\\/\\\/master.myweb-fm.com\\\/de\\\/produkt\\\/bausatz-comfort\\\/#primaryimage\"},\"thumbnailUrl\":\"https:\\\/\\\/master.myweb-fm.com\\\/wp-content\\\/uploads\\\/2023\\\/11\\\/6b92810ab87fefba7dccb288df07f5567e72cd2f_126_091000CO_main_view_2.jpg\",\"datePublished\":\"2023-11-20T21:04:49+00:00\",\"dateModified\":\"2023-11-27T15:38:58+00:00\",\"breadcrumb\":{\"@id\":\"https:\\\/\\\/master.myweb-fm.com\\\/de\\\/produkt\\\/bausatz-comfort\\\/#breadcrumb\"},\"inLanguage\":\"de\",\"potentialAction\":[{\"@type\":\"ReadAction\",\"target\":[\"https:\\\/\\\/master.myweb-fm.com\\\/de\\\/produkt\\\/bausatz-comfort\\\/\"]}]},{\"@type\":\"ImageObject\",\"inLanguage\":\"de\",\"@id\":\"https:\\\/\\\/master.myweb-fm.com\\\/de\\\/produkt\\\/bausatz-comfort\\\/#primaryimage\",\"url\":\"https:\\\/\\\/master.myweb-fm.com\\\/wp-content\\\/uploads\\\/2023\\\/11\\\/6b92810ab87fefba7dccb288df07f5567e72cd2f_126_091000CO_main_view_2.jpg\",\"contentUrl\":\"https:\\\/\\\/master.myweb-fm.com\\\/wp-content\\\/uploads\\\/2023\\\/11\\\/6b92810ab87fefba7dccb288df07f5567e72cd2f_126_091000CO_main_view_2.jpg\",\"width\":660,\"height\":660},{\"@type\":\"BreadcrumbList\",\"@id\":\"https:\\\/\\\/master.myweb-fm.com\\\/de\\\/produkt\\\/bausatz-comfort\\\/#breadcrumb\",\"itemListElement\":[{\"@type\":\"ListItem\",\"position\":1,\"name\":\"Catalogue\",\"item\":\"https:\\\/\\\/master.myweb-fm.com\\\/fr\\\/catalogue\\\/\"},{\"@type\":\"ListItem\",\"position\":2,\"name\":\"Bausatz Comfort\"}]},{\"@type\":\"WebSite\",\"@id\":\"https:\\\/\\\/master.myweb-fm.com\\\/de\\\/#website\",\"url\":\"https:\\\/\\\/master.myweb-fm.com\\\/de\\\/\",\"name\":\"Instance master - Old Unyc\",\"description\":\"Fr\u00e9n\u00e9hard &amp; Michaux\",\"potentialAction\":[{\"@type\":\"SearchAction\",\"target\":{\"@type\":\"EntryPoint\",\"urlTemplate\":\"https:\\\/\\\/master.myweb-fm.com\\\/de\\\/?s={search_term_string}\"},\"query-input\":{\"@type\":\"PropertyValueSpecification\",\"valueRequired\":true,\"valueName\":\"search_term_string\"}}],\"inLanguage\":\"de\"}]}<\/script>\n<!-- \/ Yoast SEO plugin. -->","yoast_head_json":{"title":"Bausatz Comfort - Instance master - Old Unyc","robots":{"index":"noindex","follow":"follow","max-snippet":"max-snippet:-1","max-image-preview":"max-image-preview:large","max-video-preview":"max-video-preview:-1"},"og_locale":"de_DE","og_type":"article","og_title":"Bausatz Comfort - Instance master - Old Unyc","og_description":"Der PSA-Absturzsicherungssatz COMFORT ist f\u00fcr Zimmerm\u00e4nner, Dachdecker, Schreiner, und Berufe des Rohbaugewerbes empfohlen. F\u00fcr den moderaten Gebrauch als Absturzsicherung und zur Sicherheit beim Arbeitseinsatz. Er entspricht den Normen EN 361 und EN 358.","og_url":"https:\/\/master.myweb-fm.com\/de\/produkt\/bausatz-comfort\/","og_site_name":"Instance master - Old Unyc","article_modified_time":"2023-11-27T15:38:58+00:00","og_image":[{"width":660,"height":660,"url":"https:\/\/master.myweb-fm.com\/wp-content\/uploads\/2023\/11\/6b92810ab87fefba7dccb288df07f5567e72cd2f_126_091000CO_main_view_2.jpg","type":"image\/jpeg"}],"twitter_card":"summary_large_image","schema":{"@context":"https:\/\/schema.org","@graph":[{"@type":"WebPage","@id":"https:\/\/master.myweb-fm.com\/de\/produkt\/bausatz-comfort\/","url":"https:\/\/master.myweb-fm.com\/de\/produkt\/bausatz-comfort\/","name":"Bausatz Comfort - Instance master - Old Unyc","isPartOf":{"@id":"https:\/\/master.myweb-fm.com\/de\/#website"},"primaryImageOfPage":{"@id":"https:\/\/master.myweb-fm.com\/de\/produkt\/bausatz-comfort\/#primaryimage"},"image":{"@id":"https:\/\/master.myweb-fm.com\/de\/produkt\/bausatz-comfort\/#primaryimage"},"thumbnailUrl":"https:\/\/master.myweb-fm.com\/wp-content\/uploads\/2023\/11\/6b92810ab87fefba7dccb288df07f5567e72cd2f_126_091000CO_main_view_2.jpg","datePublished":"2023-11-20T21:04:49+00:00","dateModified":"2023-11-27T15:38:58+00:00","breadcrumb":{"@id":"https:\/\/master.myweb-fm.com\/de\/produkt\/bausatz-comfort\/#breadcrumb"},"inLanguage":"de","potentialAction":[{"@type":"ReadAction","target":["https:\/\/master.myweb-fm.com\/de\/produkt\/bausatz-comfort\/"]}]},{"@type":"ImageObject","inLanguage":"de","@id":"https:\/\/master.myweb-fm.com\/de\/produkt\/bausatz-comfort\/#primaryimage","url":"https:\/\/master.myweb-fm.com\/wp-content\/uploads\/2023\/11\/6b92810ab87fefba7dccb288df07f5567e72cd2f_126_091000CO_main_view_2.jpg","contentUrl":"https:\/\/master.myweb-fm.com\/wp-content\/uploads\/2023\/11\/6b92810ab87fefba7dccb288df07f5567e72cd2f_126_091000CO_main_view_2.jpg","width":660,"height":660},{"@type":"BreadcrumbList","@id":"https:\/\/master.myweb-fm.com\/de\/produkt\/bausatz-comfort\/#breadcrumb","itemListElement":[{"@type":"ListItem","position":1,"name":"Catalogue","item":"https:\/\/master.myweb-fm.com\/fr\/catalogue\/"},{"@type":"ListItem","position":2,"name":"Bausatz Comfort"}]},{"@type":"WebSite","@id":"https:\/\/master.myweb-fm.com\/de\/#website","url":"https:\/\/master.myweb-fm.com\/de\/","name":"Instance master - Old Unyc","description":"Fr\u00e9n\u00e9hard &amp; Michaux","potentialAction":[{"@type":"SearchAction","target":{"@type":"EntryPoint","urlTemplate":"https:\/\/master.myweb-fm.com\/de\/?s={search_term_string}"},"query-input":{"@type":"PropertyValueSpecification","valueRequired":true,"valueName":"search_term_string"}}],"inLanguage":"de"}]}},"_links":{"self":[{"href":"https:\/\/master.myweb-fm.com\/de\/wp-json\/wp\/v2\/product\/17125","targetHints":{"allow":["GET"]}}],"collection":[{"href":"https:\/\/master.myweb-fm.com\/de\/wp-json\/wp\/v2\/product"}],"about":[{"href":"https:\/\/master.myweb-fm.com\/de\/wp-json\/wp\/v2\/types\/product"}],"wp:featuredmedia":[{"embeddable":true,"href":"https:\/\/master.myweb-fm.com\/de\/wp-json\/wp\/v2\/media\/13653"}],"wp:attachment":[{"href":"https:\/\/master.myweb-fm.com\/de\/wp-json\/wp\/v2\/media?parent=17125"}],"wp:term":[{"taxonomy":"product_brand","embeddable":true,"href":"https:\/\/master.myweb-fm.com\/de\/wp-json\/wp\/v2\/product_brand?post=17125"},{"taxonomy":"product_cat","embeddable":true,"href":"https:\/\/master.myweb-fm.com\/de\/wp-json\/wp\/v2\/product_cat?post=17125"},{"taxonomy":"product_tag","embeddable":true,"href":"https:\/\/master.myweb-fm.com\/de\/wp-json\/wp\/v2\/product_tag?post=17125"}],"curies":[{"name":"wp","href":"https:\/\/api.w.org\/{rel}","templated":true}]}}