{"id":17048,"date":"2023-11-20T21:29:11","date_gmt":"2023-11-20T20:29:11","guid":{"rendered":"https:\/\/master.myweb-fm.com\/unkategorisiert\/126-09100801\/"},"modified":"2023-11-27T18:05:05","modified_gmt":"2023-11-27T17:05:05","slug":"antitrauma-aufhangegurt","status":"publish","type":"product","link":"https:\/\/master.myweb-fm.com\/de\/produkt\/antitrauma-aufhangegurt\/","title":{"rendered":"Antitrauma-Aufh\u00e4ngegurt"},"content":{"rendered":"<ul>\n<li>Ein Paar verstellbare Sicherheitsgurte (maximale L\u00e4nge: 130 cm) <\/li>\n<li> Tr\u00e4gt das Gewicht des Benutzers und verringert die negativen Auswirkungen eines l\u00e4ngeren H\u00e4ngens im Geschirr bei l\u00e4ngeren Arbeiten oder nach einem Sturz <\/li>\n<li> Einfach per textiler Schlaufe und Riemen am Gurtzeug zu befestigen <\/li>\n<li> Erh\u00e4lt die Beweglichkeit der Beine, um die Blutzirkulation zu beg\u00fcnstigen <\/li>\n<li> Dank dem kleinen und leichten Design wird der Anwender in seiner Arbeit nicht eingeschr\u00e4nkt<\/li>\n<\/ul>\n","protected":false},"excerpt":{"rendered":"<p>Der Traumaschutz besteht aus zwei Schutzh\u00fcllen mit Rei\u00dfverschluss sowie einem Gurt und Verbindungsband, die gemeinsam die beiden Teile zusammenhalten. Die Gurte dienen dem h\u00e4ngenden Arbeiter als B\u00fcgel, die das K\u00f6rpergewicht halten und f\u00fcr Druckentlastung in den Arterien und Venen der Oberschenkel sorgen. Die Bewegungsfreiheit des Anwenders wird dadurch keinesfalls eingeschr\u00e4nkt.<\/p>\n","protected":false},"featured_media":13383,"template":"","meta":{"_acf_changed":false},"product_brand":[],"product_cat":[70120],"product_tag":[],"class_list":{"0":"post-17048","1":"product","2":"type-product","3":"status-publish","4":"has-post-thumbnail","6":"product_cat-equipements-de","7":"pa_abc_class-s-de","8":"pa_base_unit-ea-de","9":"pa_brand-unyc-de","10":"pa_e_com_product-no-de","11":"pa_edi_option-no-de","12":"pa_export_product-yes-de","13":"pa_g_range-13-de","14":"pa_lifespan-15-ans-de","15":"pa_lock_code-000-de","16":"pa_pack_instructions_level_1-no-de","17":"pa_pack_instructions_level_2-no-de","18":"pa_pack_instructions_level_3-no-de","19":"pa_pack_type_level_1-sca-de","20":"pa_pic_family-097-de","21":"pa_product_origin-es-de","22":"pa_product_stored_at_manufactur-no-de-2","23":"pa_production_company-126-de","24":"pa_sales_company-126-de","25":"pa_sales_plan-c-de","26":"pa_sales_range-13-de","27":"pa_short_designation-sangle-de-securite-anti-trauma-de","28":"pa_sigle-ce-de","29":"pa_use-regular-de","30":"pa_varied_weight-no-de","32":"first","33":"instock","34":"shipping-taxable","35":"purchasable","36":"product-type-simple"},"acf":[],"yoast_head":"<!-- This site is optimized with the Yoast SEO plugin v27.3 - https:\/\/yoast.com\/product\/yoast-seo-wordpress\/ -->\n<title>Antitrauma-Aufh\u00e4ngegurt - Instance master - Old Unyc<\/title>\n<meta name=\"robots\" content=\"noindex, follow, max-snippet:-1, max-image-preview:large, max-video-preview:-1\" \/>\n<meta property=\"og:locale\" content=\"de_DE\" \/>\n<meta property=\"og:type\" content=\"article\" \/>\n<meta property=\"og:title\" content=\"Antitrauma-Aufh\u00e4ngegurt - Instance master - Old Unyc\" \/>\n<meta property=\"og:description\" content=\"Der Traumaschutz besteht aus zwei Schutzh\u00fcllen mit Rei\u00dfverschluss sowie einem Gurt und Verbindungsband, die gemeinsam die beiden Teile zusammenhalten. Die Gurte dienen dem h\u00e4ngenden Arbeiter als B\u00fcgel, die das K\u00f6rpergewicht halten und f\u00fcr Druckentlastung in den Arterien und Venen der Oberschenkel sorgen. Die Bewegungsfreiheit des Anwenders wird dadurch keinesfalls eingeschr\u00e4nkt.\" \/>\n<meta property=\"og:url\" content=\"https:\/\/master.myweb-fm.com\/de\/produkt\/antitrauma-aufhangegurt\/\" \/>\n<meta property=\"og:site_name\" content=\"Instance master - Old Unyc\" \/>\n<meta property=\"article:modified_time\" content=\"2023-11-27T17:05:05+00:00\" \/>\n<meta property=\"og:image\" content=\"https:\/\/master.myweb-fm.com\/wp-content\/uploads\/2023\/11\/5cfeb130d4ac0f1f78d56355d280ebcfde68e3aa_126_09100801_main_view_1.jpg\" \/>\n\t<meta property=\"og:image:width\" content=\"2835\" \/>\n\t<meta property=\"og:image:height\" content=\"5403\" \/>\n\t<meta property=\"og:image:type\" content=\"image\/jpeg\" \/>\n<meta name=\"twitter:card\" content=\"summary_large_image\" \/>\n<script type=\"application\/ld+json\" class=\"yoast-schema-graph\">{\"@context\":\"https:\\\/\\\/schema.org\",\"@graph\":[{\"@type\":\"WebPage\",\"@id\":\"https:\\\/\\\/master.myweb-fm.com\\\/de\\\/produkt\\\/antitrauma-aufhangegurt\\\/\",\"url\":\"https:\\\/\\\/master.myweb-fm.com\\\/de\\\/produkt\\\/antitrauma-aufhangegurt\\\/\",\"name\":\"Antitrauma-Aufh\u00e4ngegurt - Instance master - Old Unyc\",\"isPartOf\":{\"@id\":\"https:\\\/\\\/master.myweb-fm.com\\\/de\\\/#website\"},\"primaryImageOfPage\":{\"@id\":\"https:\\\/\\\/master.myweb-fm.com\\\/de\\\/produkt\\\/antitrauma-aufhangegurt\\\/#primaryimage\"},\"image\":{\"@id\":\"https:\\\/\\\/master.myweb-fm.com\\\/de\\\/produkt\\\/antitrauma-aufhangegurt\\\/#primaryimage\"},\"thumbnailUrl\":\"https:\\\/\\\/master.myweb-fm.com\\\/wp-content\\\/uploads\\\/2023\\\/11\\\/5cfeb130d4ac0f1f78d56355d280ebcfde68e3aa_126_09100801_main_view_1.jpg\",\"datePublished\":\"2023-11-20T20:29:11+00:00\",\"dateModified\":\"2023-11-27T17:05:05+00:00\",\"breadcrumb\":{\"@id\":\"https:\\\/\\\/master.myweb-fm.com\\\/de\\\/produkt\\\/antitrauma-aufhangegurt\\\/#breadcrumb\"},\"inLanguage\":\"de\",\"potentialAction\":[{\"@type\":\"ReadAction\",\"target\":[\"https:\\\/\\\/master.myweb-fm.com\\\/de\\\/produkt\\\/antitrauma-aufhangegurt\\\/\"]}]},{\"@type\":\"ImageObject\",\"inLanguage\":\"de\",\"@id\":\"https:\\\/\\\/master.myweb-fm.com\\\/de\\\/produkt\\\/antitrauma-aufhangegurt\\\/#primaryimage\",\"url\":\"https:\\\/\\\/master.myweb-fm.com\\\/wp-content\\\/uploads\\\/2023\\\/11\\\/5cfeb130d4ac0f1f78d56355d280ebcfde68e3aa_126_09100801_main_view_1.jpg\",\"contentUrl\":\"https:\\\/\\\/master.myweb-fm.com\\\/wp-content\\\/uploads\\\/2023\\\/11\\\/5cfeb130d4ac0f1f78d56355d280ebcfde68e3aa_126_09100801_main_view_1.jpg\",\"width\":2835,\"height\":5403},{\"@type\":\"BreadcrumbList\",\"@id\":\"https:\\\/\\\/master.myweb-fm.com\\\/de\\\/produkt\\\/antitrauma-aufhangegurt\\\/#breadcrumb\",\"itemListElement\":[{\"@type\":\"ListItem\",\"position\":1,\"name\":\"Catalogue\",\"item\":\"https:\\\/\\\/master.myweb-fm.com\\\/fr\\\/catalogue\\\/\"},{\"@type\":\"ListItem\",\"position\":2,\"name\":\"Antitrauma-Aufh\u00e4ngegurt\"}]},{\"@type\":\"WebSite\",\"@id\":\"https:\\\/\\\/master.myweb-fm.com\\\/de\\\/#website\",\"url\":\"https:\\\/\\\/master.myweb-fm.com\\\/de\\\/\",\"name\":\"Instance master - Old Unyc\",\"description\":\"Fr\u00e9n\u00e9hard &amp; Michaux\",\"potentialAction\":[{\"@type\":\"SearchAction\",\"target\":{\"@type\":\"EntryPoint\",\"urlTemplate\":\"https:\\\/\\\/master.myweb-fm.com\\\/de\\\/?s={search_term_string}\"},\"query-input\":{\"@type\":\"PropertyValueSpecification\",\"valueRequired\":true,\"valueName\":\"search_term_string\"}}],\"inLanguage\":\"de\"}]}<\/script>\n<!-- \/ Yoast SEO plugin. -->","yoast_head_json":{"title":"Antitrauma-Aufh\u00e4ngegurt - Instance master - Old Unyc","robots":{"index":"noindex","follow":"follow","max-snippet":"max-snippet:-1","max-image-preview":"max-image-preview:large","max-video-preview":"max-video-preview:-1"},"og_locale":"de_DE","og_type":"article","og_title":"Antitrauma-Aufh\u00e4ngegurt - Instance master - Old Unyc","og_description":"Der Traumaschutz besteht aus zwei Schutzh\u00fcllen mit Rei\u00dfverschluss sowie einem Gurt und Verbindungsband, die gemeinsam die beiden Teile zusammenhalten. Die Gurte dienen dem h\u00e4ngenden Arbeiter als B\u00fcgel, die das K\u00f6rpergewicht halten und f\u00fcr Druckentlastung in den Arterien und Venen der Oberschenkel sorgen. Die Bewegungsfreiheit des Anwenders wird dadurch keinesfalls eingeschr\u00e4nkt.","og_url":"https:\/\/master.myweb-fm.com\/de\/produkt\/antitrauma-aufhangegurt\/","og_site_name":"Instance master - Old Unyc","article_modified_time":"2023-11-27T17:05:05+00:00","og_image":[{"width":2835,"height":5403,"url":"https:\/\/master.myweb-fm.com\/wp-content\/uploads\/2023\/11\/5cfeb130d4ac0f1f78d56355d280ebcfde68e3aa_126_09100801_main_view_1.jpg","type":"image\/jpeg"}],"twitter_card":"summary_large_image","schema":{"@context":"https:\/\/schema.org","@graph":[{"@type":"WebPage","@id":"https:\/\/master.myweb-fm.com\/de\/produkt\/antitrauma-aufhangegurt\/","url":"https:\/\/master.myweb-fm.com\/de\/produkt\/antitrauma-aufhangegurt\/","name":"Antitrauma-Aufh\u00e4ngegurt - Instance master - Old Unyc","isPartOf":{"@id":"https:\/\/master.myweb-fm.com\/de\/#website"},"primaryImageOfPage":{"@id":"https:\/\/master.myweb-fm.com\/de\/produkt\/antitrauma-aufhangegurt\/#primaryimage"},"image":{"@id":"https:\/\/master.myweb-fm.com\/de\/produkt\/antitrauma-aufhangegurt\/#primaryimage"},"thumbnailUrl":"https:\/\/master.myweb-fm.com\/wp-content\/uploads\/2023\/11\/5cfeb130d4ac0f1f78d56355d280ebcfde68e3aa_126_09100801_main_view_1.jpg","datePublished":"2023-11-20T20:29:11+00:00","dateModified":"2023-11-27T17:05:05+00:00","breadcrumb":{"@id":"https:\/\/master.myweb-fm.com\/de\/produkt\/antitrauma-aufhangegurt\/#breadcrumb"},"inLanguage":"de","potentialAction":[{"@type":"ReadAction","target":["https:\/\/master.myweb-fm.com\/de\/produkt\/antitrauma-aufhangegurt\/"]}]},{"@type":"ImageObject","inLanguage":"de","@id":"https:\/\/master.myweb-fm.com\/de\/produkt\/antitrauma-aufhangegurt\/#primaryimage","url":"https:\/\/master.myweb-fm.com\/wp-content\/uploads\/2023\/11\/5cfeb130d4ac0f1f78d56355d280ebcfde68e3aa_126_09100801_main_view_1.jpg","contentUrl":"https:\/\/master.myweb-fm.com\/wp-content\/uploads\/2023\/11\/5cfeb130d4ac0f1f78d56355d280ebcfde68e3aa_126_09100801_main_view_1.jpg","width":2835,"height":5403},{"@type":"BreadcrumbList","@id":"https:\/\/master.myweb-fm.com\/de\/produkt\/antitrauma-aufhangegurt\/#breadcrumb","itemListElement":[{"@type":"ListItem","position":1,"name":"Catalogue","item":"https:\/\/master.myweb-fm.com\/fr\/catalogue\/"},{"@type":"ListItem","position":2,"name":"Antitrauma-Aufh\u00e4ngegurt"}]},{"@type":"WebSite","@id":"https:\/\/master.myweb-fm.com\/de\/#website","url":"https:\/\/master.myweb-fm.com\/de\/","name":"Instance master - Old Unyc","description":"Fr\u00e9n\u00e9hard &amp; Michaux","potentialAction":[{"@type":"SearchAction","target":{"@type":"EntryPoint","urlTemplate":"https:\/\/master.myweb-fm.com\/de\/?s={search_term_string}"},"query-input":{"@type":"PropertyValueSpecification","valueRequired":true,"valueName":"search_term_string"}}],"inLanguage":"de"}]}},"_links":{"self":[{"href":"https:\/\/master.myweb-fm.com\/de\/wp-json\/wp\/v2\/product\/17048","targetHints":{"allow":["GET"]}}],"collection":[{"href":"https:\/\/master.myweb-fm.com\/de\/wp-json\/wp\/v2\/product"}],"about":[{"href":"https:\/\/master.myweb-fm.com\/de\/wp-json\/wp\/v2\/types\/product"}],"wp:featuredmedia":[{"embeddable":true,"href":"https:\/\/master.myweb-fm.com\/de\/wp-json\/wp\/v2\/media\/13383"}],"wp:attachment":[{"href":"https:\/\/master.myweb-fm.com\/de\/wp-json\/wp\/v2\/media?parent=17048"}],"wp:term":[{"taxonomy":"product_brand","embeddable":true,"href":"https:\/\/master.myweb-fm.com\/de\/wp-json\/wp\/v2\/product_brand?post=17048"},{"taxonomy":"product_cat","embeddable":true,"href":"https:\/\/master.myweb-fm.com\/de\/wp-json\/wp\/v2\/product_cat?post=17048"},{"taxonomy":"product_tag","embeddable":true,"href":"https:\/\/master.myweb-fm.com\/de\/wp-json\/wp\/v2\/product_tag?post=17048"}],"curies":[{"name":"wp","href":"https:\/\/api.w.org\/{rel}","templated":true}]}}