{"id":17042,"date":"2023-11-20T21:27:45","date_gmt":"2023-11-20T20:27:45","guid":{"rendered":"https:\/\/master.myweb-fm.com\/unkategorisiert\/126-09100700\/"},"modified":"2023-11-27T17:53:08","modified_gmt":"2023-11-27T16:53:08","slug":"horizontales-temporares-sicherungsseil-20-m-2-personen","status":"publish","type":"product","link":"https:\/\/master.myweb-fm.com\/de\/produkt\/horizontales-temporares-sicherungsseil-20-m-2-personen\/","title":{"rendered":"Horizontales tempor\u00e4res Sicherungsseil 20 m, 2 personen"},"content":{"rendered":"<ul>\n<li>Es erm\u00f6glicht eine horizontale Bewegung mit hoher Reichweite: 20,00 m L\u00e4nge f\u00fcr 2 Anwender <\/li>\n<li> Maximale Biegung 1,00 m <\/li>\n<li> 35\u00a0mm breiter Polyestergurt mit 2 Verankerungsringen von 1,00 m (Tragf\u00e4higkeit: 22 kN) und 2 Verbindungen aus Aluminium mit Dreh\u00f6ffnung von 20 mm, um die auf das Seil einwirkenden Kr\u00e4fte zu d\u00e4mmen <\/li>\n<li> Mindestruhelast: 20 kN<\/li>\n<li> \u00d6ffnungsdurchmesser \u00d8 19 mm <\/li>\n<li> Ausgestattet mit einem Klinken-Befestigungselement mit doppelter Sicherheitsverriegelung und regelm\u00e4\u00dfiger Spannungskontrolle <\/li>\n<li> Einschlie\u00dflich einer wasserfesten PVC-Tasche: zum bequemen Aufbewahren des Produkts, zum Aufwickeln des nicht ben\u00f6tigten Gurts und zum Schutz der Zurr- und Steckelemente gegen \u00e4u\u00dfere Einfl\u00fcsse <\/li>\n<li> Spannung erfolgt \u00fcber eine einfache Klickvorrichtung <\/li>\n<li> F\u00fcr gelegentlichen Einsatz <\/li>\n<li> Statische Festigkeit F> 15kN<\/li>\n<li> Bruchfestigkeit durch statische Zugkraft F> 50kN<\/li>\n<li> Dynamisches Verhalten F> 6kN (ausgewiesener Wert im freien Fall mit einer Masse von 100 kg)<\/li>\n<\/ul>\n","protected":false},"excerpt":{"rendered":"<p>Das horizontale Sicherungsseil ist eine horizontale Verankerungsvorrichtung mit flexiblem Stahlseilabschnitt. Es bietet zwei Anwendern, die mit pers\u00f6nlicher Schutzausr\u00fcstung zur Auffangsicherung ausgestattet sind, sich horizontal und gleichzeitig auf eine maximale Distanz von 20 m zu bewegen, ohne sich aushaken zu m\u00fcssen. Es muss zwischen den beiden Verankerungsgurten (inbegriffen), die sich auf derselben Ebene befinden, auf der Firstpfette oder den daneben befindlichen Verschl\u00fcssen befestigt werden. Es ist Teil des Auffanggurtsystems. Diese Vorrichtung ist f\u00fcr bestimmte Arbeiten (D\u00e4cher, Terrassen, Kranbr\u00fccken usw.) perfekt und unverzichtbar<\/p>\n","protected":false},"featured_media":13310,"template":"","meta":{"_acf_changed":false},"product_brand":[],"product_cat":[70120],"product_tag":[],"class_list":{"0":"post-17042","1":"product","2":"type-product","3":"status-publish","4":"has-post-thumbnail","6":"product_cat-equipements-de","7":"pa_abc_class-a-de","8":"pa_base_unit-ea-de","9":"pa_brand-unyc-de","10":"pa_e_com_product-no-de","11":"pa_edi_option-no-de","12":"pa_export_product-yes-de","13":"pa_g_range-13-de","14":"pa_lifespan-15-ans-de","15":"pa_lock_code-000-de","16":"pa_pack_instructions_level_1-no-de","17":"pa_pack_instructions_level_2-no-de","18":"pa_pack_instructions_level_3-no-de","19":"pa_pack_type_level_1-ct-de","20":"pa_pack_type_level_2-pf-de","21":"pa_pic_family-097-de","22":"pa_product_origin-es-de","23":"pa_product_stored_at_manufactur-no-de-2","24":"pa_production_company-126-de","25":"pa_sales_company-126-de","26":"pa_sales_plan-c-de","27":"pa_sales_range-13-de","28":"pa_short_designation-ligne-de-vie-horiz-temp-20m-2p-de","29":"pa_sigle-ce-de","30":"pa_standard-en_795-de","31":"pa_use-intensive-de","32":"pa_varied_weight-no-de","34":"first","35":"instock","36":"shipping-taxable","37":"purchasable","38":"product-type-simple"},"acf":[],"yoast_head":"<!-- This site is optimized with the Yoast SEO plugin v27.4 - https:\/\/yoast.com\/product\/yoast-seo-wordpress\/ -->\n<title>Horizontales tempor\u00e4res Sicherungsseil 20 m, 2 personen - Instance master - Old Unyc<\/title>\n<meta name=\"robots\" content=\"noindex, follow, max-snippet:-1, max-image-preview:large, max-video-preview:-1\" \/>\n<meta property=\"og:locale\" content=\"de_DE\" \/>\n<meta property=\"og:type\" content=\"article\" \/>\n<meta property=\"og:title\" content=\"Horizontales tempor\u00e4res Sicherungsseil 20 m, 2 personen - Instance master - Old Unyc\" \/>\n<meta property=\"og:description\" content=\"Das horizontale Sicherungsseil ist eine horizontale Verankerungsvorrichtung mit flexiblem Stahlseilabschnitt. Es bietet zwei Anwendern, die mit pers\u00f6nlicher Schutzausr\u00fcstung zur Auffangsicherung ausgestattet sind, sich horizontal und gleichzeitig auf eine maximale Distanz von 20 m zu bewegen, ohne sich aushaken zu m\u00fcssen. Es muss zwischen den beiden Verankerungsgurten (inbegriffen), die sich auf derselben Ebene befinden, auf der Firstpfette oder den daneben befindlichen Verschl\u00fcssen befestigt werden. Es ist Teil des Auffanggurtsystems. Diese Vorrichtung ist f\u00fcr bestimmte Arbeiten (D\u00e4cher, Terrassen, Kranbr\u00fccken usw.) perfekt und unverzichtbar\" \/>\n<meta property=\"og:url\" content=\"https:\/\/master.myweb-fm.com\/de\/produkt\/horizontales-temporares-sicherungsseil-20-m-2-personen\/\" \/>\n<meta property=\"og:site_name\" content=\"Instance master - Old Unyc\" \/>\n<meta property=\"article:modified_time\" content=\"2023-11-27T16:53:08+00:00\" \/>\n<meta property=\"og:image\" content=\"https:\/\/master.myweb-fm.com\/wp-content\/uploads\/2023\/11\/b8a2ec7a606598f379d2c957150cd64711491058_126_09100700_main_view.jpg\" \/>\n\t<meta property=\"og:image:width\" content=\"768\" \/>\n\t<meta property=\"og:image:height\" content=\"1024\" \/>\n\t<meta property=\"og:image:type\" content=\"image\/jpeg\" \/>\n<meta name=\"twitter:card\" content=\"summary_large_image\" \/>\n<meta name=\"twitter:label1\" content=\"Gesch\u00e4tzte Lesezeit\" \/>\n\t<meta name=\"twitter:data1\" content=\"1\u00a0Minute\" \/>\n<script type=\"application\/ld+json\" class=\"yoast-schema-graph\">{\"@context\":\"https:\\\/\\\/schema.org\",\"@graph\":[{\"@type\":\"WebPage\",\"@id\":\"https:\\\/\\\/master.myweb-fm.com\\\/de\\\/produkt\\\/horizontales-temporares-sicherungsseil-20-m-2-personen\\\/\",\"url\":\"https:\\\/\\\/master.myweb-fm.com\\\/de\\\/produkt\\\/horizontales-temporares-sicherungsseil-20-m-2-personen\\\/\",\"name\":\"Horizontales tempor\u00e4res Sicherungsseil 20 m, 2 personen - Instance master - Old Unyc\",\"isPartOf\":{\"@id\":\"https:\\\/\\\/master.myweb-fm.com\\\/de\\\/#website\"},\"primaryImageOfPage\":{\"@id\":\"https:\\\/\\\/master.myweb-fm.com\\\/de\\\/produkt\\\/horizontales-temporares-sicherungsseil-20-m-2-personen\\\/#primaryimage\"},\"image\":{\"@id\":\"https:\\\/\\\/master.myweb-fm.com\\\/de\\\/produkt\\\/horizontales-temporares-sicherungsseil-20-m-2-personen\\\/#primaryimage\"},\"thumbnailUrl\":\"https:\\\/\\\/master.myweb-fm.com\\\/wp-content\\\/uploads\\\/2023\\\/11\\\/b8a2ec7a606598f379d2c957150cd64711491058_126_09100700_main_view.jpg\",\"datePublished\":\"2023-11-20T20:27:45+00:00\",\"dateModified\":\"2023-11-27T16:53:08+00:00\",\"breadcrumb\":{\"@id\":\"https:\\\/\\\/master.myweb-fm.com\\\/de\\\/produkt\\\/horizontales-temporares-sicherungsseil-20-m-2-personen\\\/#breadcrumb\"},\"inLanguage\":\"de\",\"potentialAction\":[{\"@type\":\"ReadAction\",\"target\":[\"https:\\\/\\\/master.myweb-fm.com\\\/de\\\/produkt\\\/horizontales-temporares-sicherungsseil-20-m-2-personen\\\/\"]}]},{\"@type\":\"ImageObject\",\"inLanguage\":\"de\",\"@id\":\"https:\\\/\\\/master.myweb-fm.com\\\/de\\\/produkt\\\/horizontales-temporares-sicherungsseil-20-m-2-personen\\\/#primaryimage\",\"url\":\"https:\\\/\\\/master.myweb-fm.com\\\/wp-content\\\/uploads\\\/2023\\\/11\\\/b8a2ec7a606598f379d2c957150cd64711491058_126_09100700_main_view.jpg\",\"contentUrl\":\"https:\\\/\\\/master.myweb-fm.com\\\/wp-content\\\/uploads\\\/2023\\\/11\\\/b8a2ec7a606598f379d2c957150cd64711491058_126_09100700_main_view.jpg\",\"width\":2448,\"height\":3264},{\"@type\":\"BreadcrumbList\",\"@id\":\"https:\\\/\\\/master.myweb-fm.com\\\/de\\\/produkt\\\/horizontales-temporares-sicherungsseil-20-m-2-personen\\\/#breadcrumb\",\"itemListElement\":[{\"@type\":\"ListItem\",\"position\":1,\"name\":\"Catalogue\",\"item\":\"https:\\\/\\\/master.myweb-fm.com\\\/fr\\\/catalogue\\\/\"},{\"@type\":\"ListItem\",\"position\":2,\"name\":\"Horizontales tempor\u00e4res Sicherungsseil 20 m, 2 personen\"}]},{\"@type\":\"WebSite\",\"@id\":\"https:\\\/\\\/master.myweb-fm.com\\\/de\\\/#website\",\"url\":\"https:\\\/\\\/master.myweb-fm.com\\\/de\\\/\",\"name\":\"Instance master - Old Unyc\",\"description\":\"Fr\u00e9n\u00e9hard &amp; Michaux\",\"potentialAction\":[{\"@type\":\"SearchAction\",\"target\":{\"@type\":\"EntryPoint\",\"urlTemplate\":\"https:\\\/\\\/master.myweb-fm.com\\\/de\\\/?s={search_term_string}\"},\"query-input\":{\"@type\":\"PropertyValueSpecification\",\"valueRequired\":true,\"valueName\":\"search_term_string\"}}],\"inLanguage\":\"de\"}]}<\/script>\n<!-- \/ Yoast SEO plugin. -->","yoast_head_json":{"title":"Horizontales tempor\u00e4res Sicherungsseil 20 m, 2 personen - Instance master - Old Unyc","robots":{"index":"noindex","follow":"follow","max-snippet":"max-snippet:-1","max-image-preview":"max-image-preview:large","max-video-preview":"max-video-preview:-1"},"og_locale":"de_DE","og_type":"article","og_title":"Horizontales tempor\u00e4res Sicherungsseil 20 m, 2 personen - Instance master - Old Unyc","og_description":"Das horizontale Sicherungsseil ist eine horizontale Verankerungsvorrichtung mit flexiblem Stahlseilabschnitt. Es bietet zwei Anwendern, die mit pers\u00f6nlicher Schutzausr\u00fcstung zur Auffangsicherung ausgestattet sind, sich horizontal und gleichzeitig auf eine maximale Distanz von 20 m zu bewegen, ohne sich aushaken zu m\u00fcssen. Es muss zwischen den beiden Verankerungsgurten (inbegriffen), die sich auf derselben Ebene befinden, auf der Firstpfette oder den daneben befindlichen Verschl\u00fcssen befestigt werden. Es ist Teil des Auffanggurtsystems. Diese Vorrichtung ist f\u00fcr bestimmte Arbeiten (D\u00e4cher, Terrassen, Kranbr\u00fccken usw.) perfekt und unverzichtbar","og_url":"https:\/\/master.myweb-fm.com\/de\/produkt\/horizontales-temporares-sicherungsseil-20-m-2-personen\/","og_site_name":"Instance master - Old Unyc","article_modified_time":"2023-11-27T16:53:08+00:00","og_image":[{"url":"https:\/\/master.myweb-fm.com\/wp-content\/uploads\/2023\/11\/b8a2ec7a606598f379d2c957150cd64711491058_126_09100700_main_view.jpg","width":768,"height":1024,"type":"image\/jpeg"}],"twitter_card":"summary_large_image","twitter_misc":{"Gesch\u00e4tzte Lesezeit":"1\u00a0Minute"},"schema":{"@context":"https:\/\/schema.org","@graph":[{"@type":"WebPage","@id":"https:\/\/master.myweb-fm.com\/de\/produkt\/horizontales-temporares-sicherungsseil-20-m-2-personen\/","url":"https:\/\/master.myweb-fm.com\/de\/produkt\/horizontales-temporares-sicherungsseil-20-m-2-personen\/","name":"Horizontales tempor\u00e4res Sicherungsseil 20 m, 2 personen - Instance master - Old Unyc","isPartOf":{"@id":"https:\/\/master.myweb-fm.com\/de\/#website"},"primaryImageOfPage":{"@id":"https:\/\/master.myweb-fm.com\/de\/produkt\/horizontales-temporares-sicherungsseil-20-m-2-personen\/#primaryimage"},"image":{"@id":"https:\/\/master.myweb-fm.com\/de\/produkt\/horizontales-temporares-sicherungsseil-20-m-2-personen\/#primaryimage"},"thumbnailUrl":"https:\/\/master.myweb-fm.com\/wp-content\/uploads\/2023\/11\/b8a2ec7a606598f379d2c957150cd64711491058_126_09100700_main_view.jpg","datePublished":"2023-11-20T20:27:45+00:00","dateModified":"2023-11-27T16:53:08+00:00","breadcrumb":{"@id":"https:\/\/master.myweb-fm.com\/de\/produkt\/horizontales-temporares-sicherungsseil-20-m-2-personen\/#breadcrumb"},"inLanguage":"de","potentialAction":[{"@type":"ReadAction","target":["https:\/\/master.myweb-fm.com\/de\/produkt\/horizontales-temporares-sicherungsseil-20-m-2-personen\/"]}]},{"@type":"ImageObject","inLanguage":"de","@id":"https:\/\/master.myweb-fm.com\/de\/produkt\/horizontales-temporares-sicherungsseil-20-m-2-personen\/#primaryimage","url":"https:\/\/master.myweb-fm.com\/wp-content\/uploads\/2023\/11\/b8a2ec7a606598f379d2c957150cd64711491058_126_09100700_main_view.jpg","contentUrl":"https:\/\/master.myweb-fm.com\/wp-content\/uploads\/2023\/11\/b8a2ec7a606598f379d2c957150cd64711491058_126_09100700_main_view.jpg","width":2448,"height":3264},{"@type":"BreadcrumbList","@id":"https:\/\/master.myweb-fm.com\/de\/produkt\/horizontales-temporares-sicherungsseil-20-m-2-personen\/#breadcrumb","itemListElement":[{"@type":"ListItem","position":1,"name":"Catalogue","item":"https:\/\/master.myweb-fm.com\/fr\/catalogue\/"},{"@type":"ListItem","position":2,"name":"Horizontales tempor\u00e4res Sicherungsseil 20 m, 2 personen"}]},{"@type":"WebSite","@id":"https:\/\/master.myweb-fm.com\/de\/#website","url":"https:\/\/master.myweb-fm.com\/de\/","name":"Instance master - Old Unyc","description":"Fr\u00e9n\u00e9hard &amp; Michaux","potentialAction":[{"@type":"SearchAction","target":{"@type":"EntryPoint","urlTemplate":"https:\/\/master.myweb-fm.com\/de\/?s={search_term_string}"},"query-input":{"@type":"PropertyValueSpecification","valueRequired":true,"valueName":"search_term_string"}}],"inLanguage":"de"}]}},"_links":{"self":[{"href":"https:\/\/master.myweb-fm.com\/de\/wp-json\/wp\/v2\/product\/17042","targetHints":{"allow":["GET"]}}],"collection":[{"href":"https:\/\/master.myweb-fm.com\/de\/wp-json\/wp\/v2\/product"}],"about":[{"href":"https:\/\/master.myweb-fm.com\/de\/wp-json\/wp\/v2\/types\/product"}],"wp:featuredmedia":[{"embeddable":true,"href":"https:\/\/master.myweb-fm.com\/de\/wp-json\/wp\/v2\/media\/13310"}],"wp:attachment":[{"href":"https:\/\/master.myweb-fm.com\/de\/wp-json\/wp\/v2\/media?parent=17042"}],"wp:term":[{"taxonomy":"product_brand","embeddable":true,"href":"https:\/\/master.myweb-fm.com\/de\/wp-json\/wp\/v2\/product_brand?post=17042"},{"taxonomy":"product_cat","embeddable":true,"href":"https:\/\/master.myweb-fm.com\/de\/wp-json\/wp\/v2\/product_cat?post=17042"},{"taxonomy":"product_tag","embeddable":true,"href":"https:\/\/master.myweb-fm.com\/de\/wp-json\/wp\/v2\/product_tag?post=17042"}],"curies":[{"name":"wp","href":"https:\/\/api.w.org\/{rel}","templated":true}]}}