{"id":17036,"date":"2023-11-20T21:27:10","date_gmt":"2023-11-20T20:27:10","guid":{"rendered":"https:\/\/master.myweb-fm.com\/unkategorisiert\/126-09100603\/"},"modified":"2023-11-27T18:04:05","modified_gmt":"2023-11-27T17:04:05","slug":"verankerungspunkt-metall-12-mm","status":"publish","type":"product","link":"https:\/\/master.myweb-fm.com\/de\/produkt\/verankerungspunkt-metall-12-mm\/","title":{"rendered":"Verankerungspunkt, Metall, 12 mm"},"content":{"rendered":"<ul>\n<li>Wandverankerungspunkt aus Edelstahl, kompatibel mit allen Oberfl\u00e4chen (Beton-, Holz- und Metallkonstruktionen) <\/li>\n<li> Zur einmaligen Befestigung f\u00fcr einen Arbeiter, \u00d8 12\u00a0mm <\/li>\n<li> Belastungskraft: 12 kN <\/li>\n<li> Die spezielle Form erm\u00f6glicht eine perfekte Positionierung des Verbindungselements <\/li>\n<li> Einfach anzulegen <\/li>\n<li> Entspricht der Norm EN 795 Klasse A<\/li>\n<\/ul>\n","protected":false},"excerpt":{"rendered":"<p>Der Wandverankerungspunkt ist eine einfache und dauerhaft einsatzf\u00e4hige Vorrichtung zur tempor\u00e4ren Sicherung eines Arbeiters. Geeignet f\u00fcr den Einsatz auf Beton-, Holz- und Metallkonstruktionen. Das Loch f\u00fcr die Befestigung der Verankerung ist 12,00 mm gro\u00df und Teil des Auffanggurtsystems.<\/p>\n","protected":false},"featured_media":13261,"template":"","meta":{"_acf_changed":false},"product_brand":[],"product_cat":[70120],"product_tag":[],"class_list":{"0":"post-17036","1":"product","2":"type-product","3":"status-publish","4":"has-post-thumbnail","6":"product_cat-equipements-de","7":"pa_abc_class-b-de","8":"pa_base_unit-ea-de","9":"pa_brand-unyc-de","10":"pa_e_com_product-no-de","11":"pa_edi_option-no-de","12":"pa_export_product-yes-de","13":"pa_g_range-13-de","14":"pa_lifespan-illimite-de","15":"pa_lock_code-000-de","16":"pa_pack_instructions_level_1-no-de","17":"pa_pack_instructions_level_2-no-de","18":"pa_pack_instructions_level_3-no-de","19":"pa_pack_type_level_1-sca-de","20":"pa_pic_family-097-de","21":"pa_product_origin-es-de","22":"pa_product_stored_at_manufactur-no-de-2","23":"pa_production_company-126-de","24":"pa_sales_company-126-de","25":"pa_sales_plan-c-de","26":"pa_sales_range-13-de","27":"pa_short_designation-point-dancrage-metal-12mm-de","28":"pa_sigle-ce-de","29":"pa_standard-en_795-de","30":"pa_use-intensive-de","31":"pa_varied_weight-no-de","33":"first","34":"instock","35":"shipping-taxable","36":"purchasable","37":"product-type-simple"},"acf":[],"yoast_head":"<!-- This site is optimized with the Yoast SEO plugin v27.4 - https:\/\/yoast.com\/product\/yoast-seo-wordpress\/ -->\n<title>Verankerungspunkt, Metall, 12 mm - Instance master - Old Unyc<\/title>\n<meta name=\"robots\" content=\"noindex, follow, max-snippet:-1, max-image-preview:large, max-video-preview:-1\" \/>\n<meta property=\"og:locale\" content=\"de_DE\" \/>\n<meta property=\"og:type\" content=\"article\" \/>\n<meta property=\"og:title\" content=\"Verankerungspunkt, Metall, 12 mm - Instance master - Old Unyc\" \/>\n<meta property=\"og:description\" content=\"Der Wandverankerungspunkt ist eine einfache und dauerhaft einsatzf\u00e4hige Vorrichtung zur tempor\u00e4ren Sicherung eines Arbeiters. Geeignet f\u00fcr den Einsatz auf Beton-, Holz- und Metallkonstruktionen. Das Loch f\u00fcr die Befestigung der Verankerung ist 12,00 mm gro\u00df und Teil des Auffanggurtsystems.\" \/>\n<meta property=\"og:url\" content=\"https:\/\/master.myweb-fm.com\/de\/produkt\/verankerungspunkt-metall-12-mm\/\" \/>\n<meta property=\"og:site_name\" content=\"Instance master - Old Unyc\" \/>\n<meta property=\"article:modified_time\" content=\"2023-11-27T17:04:05+00:00\" \/>\n<meta property=\"og:image\" content=\"https:\/\/master.myweb-fm.com\/wp-content\/uploads\/2023\/11\/9b82475a22320aadeed61f38f271e345c2f532dc_126_09100603_main_view.jpg\" \/>\n\t<meta property=\"og:image:width\" content=\"2480\" \/>\n\t<meta property=\"og:image:height\" content=\"3508\" \/>\n\t<meta property=\"og:image:type\" content=\"image\/jpeg\" \/>\n<meta name=\"twitter:card\" content=\"summary_large_image\" \/>\n<script type=\"application\/ld+json\" class=\"yoast-schema-graph\">{\"@context\":\"https:\\\/\\\/schema.org\",\"@graph\":[{\"@type\":\"WebPage\",\"@id\":\"https:\\\/\\\/master.myweb-fm.com\\\/de\\\/produkt\\\/verankerungspunkt-metall-12-mm\\\/\",\"url\":\"https:\\\/\\\/master.myweb-fm.com\\\/de\\\/produkt\\\/verankerungspunkt-metall-12-mm\\\/\",\"name\":\"Verankerungspunkt, Metall, 12 mm - Instance master - Old Unyc\",\"isPartOf\":{\"@id\":\"https:\\\/\\\/master.myweb-fm.com\\\/de\\\/#website\"},\"primaryImageOfPage\":{\"@id\":\"https:\\\/\\\/master.myweb-fm.com\\\/de\\\/produkt\\\/verankerungspunkt-metall-12-mm\\\/#primaryimage\"},\"image\":{\"@id\":\"https:\\\/\\\/master.myweb-fm.com\\\/de\\\/produkt\\\/verankerungspunkt-metall-12-mm\\\/#primaryimage\"},\"thumbnailUrl\":\"https:\\\/\\\/master.myweb-fm.com\\\/wp-content\\\/uploads\\\/2023\\\/11\\\/9b82475a22320aadeed61f38f271e345c2f532dc_126_09100603_main_view.jpg\",\"datePublished\":\"2023-11-20T20:27:10+00:00\",\"dateModified\":\"2023-11-27T17:04:05+00:00\",\"breadcrumb\":{\"@id\":\"https:\\\/\\\/master.myweb-fm.com\\\/de\\\/produkt\\\/verankerungspunkt-metall-12-mm\\\/#breadcrumb\"},\"inLanguage\":\"de\",\"potentialAction\":[{\"@type\":\"ReadAction\",\"target\":[\"https:\\\/\\\/master.myweb-fm.com\\\/de\\\/produkt\\\/verankerungspunkt-metall-12-mm\\\/\"]}]},{\"@type\":\"ImageObject\",\"inLanguage\":\"de\",\"@id\":\"https:\\\/\\\/master.myweb-fm.com\\\/de\\\/produkt\\\/verankerungspunkt-metall-12-mm\\\/#primaryimage\",\"url\":\"https:\\\/\\\/master.myweb-fm.com\\\/wp-content\\\/uploads\\\/2023\\\/11\\\/9b82475a22320aadeed61f38f271e345c2f532dc_126_09100603_main_view.jpg\",\"contentUrl\":\"https:\\\/\\\/master.myweb-fm.com\\\/wp-content\\\/uploads\\\/2023\\\/11\\\/9b82475a22320aadeed61f38f271e345c2f532dc_126_09100603_main_view.jpg\",\"width\":2480,\"height\":3508},{\"@type\":\"BreadcrumbList\",\"@id\":\"https:\\\/\\\/master.myweb-fm.com\\\/de\\\/produkt\\\/verankerungspunkt-metall-12-mm\\\/#breadcrumb\",\"itemListElement\":[{\"@type\":\"ListItem\",\"position\":1,\"name\":\"Catalogue\",\"item\":\"https:\\\/\\\/master.myweb-fm.com\\\/fr\\\/catalogue\\\/\"},{\"@type\":\"ListItem\",\"position\":2,\"name\":\"Verankerungspunkt, Metall, 12 mm\"}]},{\"@type\":\"WebSite\",\"@id\":\"https:\\\/\\\/master.myweb-fm.com\\\/de\\\/#website\",\"url\":\"https:\\\/\\\/master.myweb-fm.com\\\/de\\\/\",\"name\":\"Instance master - Old Unyc\",\"description\":\"Fr\u00e9n\u00e9hard &amp; Michaux\",\"potentialAction\":[{\"@type\":\"SearchAction\",\"target\":{\"@type\":\"EntryPoint\",\"urlTemplate\":\"https:\\\/\\\/master.myweb-fm.com\\\/de\\\/?s={search_term_string}\"},\"query-input\":{\"@type\":\"PropertyValueSpecification\",\"valueRequired\":true,\"valueName\":\"search_term_string\"}}],\"inLanguage\":\"de\"}]}<\/script>\n<!-- \/ Yoast SEO plugin. -->","yoast_head_json":{"title":"Verankerungspunkt, Metall, 12 mm - Instance master - Old Unyc","robots":{"index":"noindex","follow":"follow","max-snippet":"max-snippet:-1","max-image-preview":"max-image-preview:large","max-video-preview":"max-video-preview:-1"},"og_locale":"de_DE","og_type":"article","og_title":"Verankerungspunkt, Metall, 12 mm - Instance master - Old Unyc","og_description":"Der Wandverankerungspunkt ist eine einfache und dauerhaft einsatzf\u00e4hige Vorrichtung zur tempor\u00e4ren Sicherung eines Arbeiters. Geeignet f\u00fcr den Einsatz auf Beton-, Holz- und Metallkonstruktionen. Das Loch f\u00fcr die Befestigung der Verankerung ist 12,00 mm gro\u00df und Teil des Auffanggurtsystems.","og_url":"https:\/\/master.myweb-fm.com\/de\/produkt\/verankerungspunkt-metall-12-mm\/","og_site_name":"Instance master - Old Unyc","article_modified_time":"2023-11-27T17:04:05+00:00","og_image":[{"width":2480,"height":3508,"url":"https:\/\/master.myweb-fm.com\/wp-content\/uploads\/2023\/11\/9b82475a22320aadeed61f38f271e345c2f532dc_126_09100603_main_view.jpg","type":"image\/jpeg"}],"twitter_card":"summary_large_image","schema":{"@context":"https:\/\/schema.org","@graph":[{"@type":"WebPage","@id":"https:\/\/master.myweb-fm.com\/de\/produkt\/verankerungspunkt-metall-12-mm\/","url":"https:\/\/master.myweb-fm.com\/de\/produkt\/verankerungspunkt-metall-12-mm\/","name":"Verankerungspunkt, Metall, 12 mm - Instance master - Old Unyc","isPartOf":{"@id":"https:\/\/master.myweb-fm.com\/de\/#website"},"primaryImageOfPage":{"@id":"https:\/\/master.myweb-fm.com\/de\/produkt\/verankerungspunkt-metall-12-mm\/#primaryimage"},"image":{"@id":"https:\/\/master.myweb-fm.com\/de\/produkt\/verankerungspunkt-metall-12-mm\/#primaryimage"},"thumbnailUrl":"https:\/\/master.myweb-fm.com\/wp-content\/uploads\/2023\/11\/9b82475a22320aadeed61f38f271e345c2f532dc_126_09100603_main_view.jpg","datePublished":"2023-11-20T20:27:10+00:00","dateModified":"2023-11-27T17:04:05+00:00","breadcrumb":{"@id":"https:\/\/master.myweb-fm.com\/de\/produkt\/verankerungspunkt-metall-12-mm\/#breadcrumb"},"inLanguage":"de","potentialAction":[{"@type":"ReadAction","target":["https:\/\/master.myweb-fm.com\/de\/produkt\/verankerungspunkt-metall-12-mm\/"]}]},{"@type":"ImageObject","inLanguage":"de","@id":"https:\/\/master.myweb-fm.com\/de\/produkt\/verankerungspunkt-metall-12-mm\/#primaryimage","url":"https:\/\/master.myweb-fm.com\/wp-content\/uploads\/2023\/11\/9b82475a22320aadeed61f38f271e345c2f532dc_126_09100603_main_view.jpg","contentUrl":"https:\/\/master.myweb-fm.com\/wp-content\/uploads\/2023\/11\/9b82475a22320aadeed61f38f271e345c2f532dc_126_09100603_main_view.jpg","width":2480,"height":3508},{"@type":"BreadcrumbList","@id":"https:\/\/master.myweb-fm.com\/de\/produkt\/verankerungspunkt-metall-12-mm\/#breadcrumb","itemListElement":[{"@type":"ListItem","position":1,"name":"Catalogue","item":"https:\/\/master.myweb-fm.com\/fr\/catalogue\/"},{"@type":"ListItem","position":2,"name":"Verankerungspunkt, Metall, 12 mm"}]},{"@type":"WebSite","@id":"https:\/\/master.myweb-fm.com\/de\/#website","url":"https:\/\/master.myweb-fm.com\/de\/","name":"Instance master - Old Unyc","description":"Fr\u00e9n\u00e9hard &amp; Michaux","potentialAction":[{"@type":"SearchAction","target":{"@type":"EntryPoint","urlTemplate":"https:\/\/master.myweb-fm.com\/de\/?s={search_term_string}"},"query-input":{"@type":"PropertyValueSpecification","valueRequired":true,"valueName":"search_term_string"}}],"inLanguage":"de"}]}},"_links":{"self":[{"href":"https:\/\/master.myweb-fm.com\/de\/wp-json\/wp\/v2\/product\/17036","targetHints":{"allow":["GET"]}}],"collection":[{"href":"https:\/\/master.myweb-fm.com\/de\/wp-json\/wp\/v2\/product"}],"about":[{"href":"https:\/\/master.myweb-fm.com\/de\/wp-json\/wp\/v2\/types\/product"}],"wp:featuredmedia":[{"embeddable":true,"href":"https:\/\/master.myweb-fm.com\/de\/wp-json\/wp\/v2\/media\/13261"}],"wp:attachment":[{"href":"https:\/\/master.myweb-fm.com\/de\/wp-json\/wp\/v2\/media?parent=17036"}],"wp:term":[{"taxonomy":"product_brand","embeddable":true,"href":"https:\/\/master.myweb-fm.com\/de\/wp-json\/wp\/v2\/product_brand?post=17036"},{"taxonomy":"product_cat","embeddable":true,"href":"https:\/\/master.myweb-fm.com\/de\/wp-json\/wp\/v2\/product_cat?post=17036"},{"taxonomy":"product_tag","embeddable":true,"href":"https:\/\/master.myweb-fm.com\/de\/wp-json\/wp\/v2\/product_tag?post=17036"}],"curies":[{"name":"wp","href":"https:\/\/api.w.org\/{rel}","templated":true}]}}