{"id":17030,"date":"2023-11-20T21:26:35","date_gmt":"2023-11-20T20:26:35","guid":{"rendered":"https:\/\/master.myweb-fm.com\/unkategorisiert\/126-09100516\/"},"modified":"2023-11-21T16:39:17","modified_gmt":"2023-11-21T15:39:17","slug":"karabinerhaken-aus-stahl-16-mm","status":"publish","type":"product","link":"https:\/\/master.myweb-fm.com\/de\/produkt\/karabinerhaken-aus-stahl-16-mm\/","title":{"rendered":"Karabinerhaken aus Stahl 16 mm"},"content":{"rendered":"<ul>\n<li>Karabinerhaken mit Stahlschraube, \u00d6ffnungsdurchmesser 16 mm <\/li>\n<li> Doppelte Klemme: automatisches Schlie\u00dfen per Federklemme und manuelle Verriegelung \u00fcber eine Zylindermutter <\/li>\n<li> Dieses System verhindert ein nicht gewolltes oder versehentliches \u00d6ffnen des Karabiners <\/li>\n<li> Alle Bestandteile des Karabiners (K\u00f6rper, Verriegelungselement, Mutter, Feder, Klickelemente und Stecknadeln) sind aus Stahl mit hoher mechanischer Festigkeit gefertigt<\/li>\n<\/ul>\n","protected":false},"excerpt":{"rendered":"<p>Der Karabinerhaken aus Stahl mit 16 mm \u00d6ffnung verf\u00fcgt \u00fcber ein Verriegelungssystem mit zweifacher Klemme (automatisches Schlie\u00dfen per Federklemme und manuelle Verriegelung \u00fcber eine Zylindermutter) und verhindert ein nicht gewolltes oder versehentliches \u00d6ffnen des Karabiners. Der Karabiner ist ein unverzichtbarer Bestandteil eines jeden Auffangsystems. Sein spezielles Design dient als Verbindung zwischen den verschiedenen Systemelementen oder den unterschiedlichen Verankerungspunkten an der Arbeitsoberfl\u00e4che.<\/p>\n","protected":false},"featured_media":13110,"template":"","meta":{"_acf_changed":false},"product_brand":[],"product_cat":[70120],"product_tag":[],"class_list":{"0":"post-17030","1":"product","2":"type-product","3":"status-publish","4":"has-post-thumbnail","6":"product_cat-equipements-de","7":"pa_abc_class-a-de","8":"pa_base_unit-ea-de","9":"pa_brand-unyc-de","10":"pa_e_com_product-no-de","11":"pa_edi_option-no-de","12":"pa_export_product-yes-de","13":"pa_g_range-13-de","14":"pa_lifespan-illimite-de","15":"pa_lock_code-000-de","16":"pa_pack_instructions_level_1-no-de","17":"pa_pack_instructions_level_2-no-de","18":"pa_pack_instructions_level_3-no-de","19":"pa_pack_type_level_1-ct-de","20":"pa_pack_type_level_2-pf-de","21":"pa_pic_family-097-de","22":"pa_product_origin-es-de","23":"pa_product_stored_at_manufactur-no-de-2","24":"pa_production_company-126-de","25":"pa_sales_company-126-de","26":"pa_sales_plan-c-de","27":"pa_sales_range-13-de","28":"pa_short_designation-mousqueton-acier-16-mm-de","29":"pa_sigle-ce-de","30":"pa_standard-en_362-de","31":"pa_use-intensive-de","32":"pa_varied_weight-no-de","34":"first","35":"instock","36":"shipping-taxable","37":"purchasable","38":"product-type-simple"},"acf":[],"yoast_head":"<!-- This site is optimized with the Yoast SEO plugin v27.4 - https:\/\/yoast.com\/product\/yoast-seo-wordpress\/ -->\n<title>Karabinerhaken aus Stahl 16 mm - Instance master - Old Unyc<\/title>\n<meta name=\"robots\" content=\"noindex, follow, max-snippet:-1, max-image-preview:large, max-video-preview:-1\" \/>\n<meta property=\"og:locale\" content=\"de_DE\" \/>\n<meta property=\"og:type\" content=\"article\" \/>\n<meta property=\"og:title\" content=\"Karabinerhaken aus Stahl 16 mm - Instance master - Old Unyc\" \/>\n<meta property=\"og:description\" content=\"Der Karabinerhaken aus Stahl mit 16 mm \u00d6ffnung verf\u00fcgt \u00fcber ein Verriegelungssystem mit zweifacher Klemme (automatisches Schlie\u00dfen per Federklemme und manuelle Verriegelung \u00fcber eine Zylindermutter) und verhindert ein nicht gewolltes oder versehentliches \u00d6ffnen des Karabiners. Der Karabiner ist ein unverzichtbarer Bestandteil eines jeden Auffangsystems. Sein spezielles Design dient als Verbindung zwischen den verschiedenen Systemelementen oder den unterschiedlichen Verankerungspunkten an der Arbeitsoberfl\u00e4che.\" \/>\n<meta property=\"og:url\" content=\"https:\/\/master.myweb-fm.com\/de\/produkt\/karabinerhaken-aus-stahl-16-mm\/\" \/>\n<meta property=\"og:site_name\" content=\"Instance master - Old Unyc\" \/>\n<meta property=\"article:modified_time\" content=\"2023-11-21T15:39:17+00:00\" \/>\n<meta property=\"og:image\" content=\"https:\/\/master.myweb-fm.com\/wp-content\/uploads\/2023\/11\/642f8d117c70af8f0b4f7dd27b33e9b1dbd37617_126_09100516_main_view.jpg\" \/>\n\t<meta property=\"og:image:width\" content=\"768\" \/>\n\t<meta property=\"og:image:height\" content=\"1024\" \/>\n\t<meta property=\"og:image:type\" content=\"image\/jpeg\" \/>\n<meta name=\"twitter:card\" content=\"summary_large_image\" \/>\n<script type=\"application\/ld+json\" class=\"yoast-schema-graph\">{\"@context\":\"https:\\\/\\\/schema.org\",\"@graph\":[{\"@type\":\"WebPage\",\"@id\":\"https:\\\/\\\/master.myweb-fm.com\\\/de\\\/produkt\\\/karabinerhaken-aus-stahl-16-mm\\\/\",\"url\":\"https:\\\/\\\/master.myweb-fm.com\\\/de\\\/produkt\\\/karabinerhaken-aus-stahl-16-mm\\\/\",\"name\":\"Karabinerhaken aus Stahl 16 mm - Instance master - Old Unyc\",\"isPartOf\":{\"@id\":\"https:\\\/\\\/master.myweb-fm.com\\\/de\\\/#website\"},\"primaryImageOfPage\":{\"@id\":\"https:\\\/\\\/master.myweb-fm.com\\\/de\\\/produkt\\\/karabinerhaken-aus-stahl-16-mm\\\/#primaryimage\"},\"image\":{\"@id\":\"https:\\\/\\\/master.myweb-fm.com\\\/de\\\/produkt\\\/karabinerhaken-aus-stahl-16-mm\\\/#primaryimage\"},\"thumbnailUrl\":\"https:\\\/\\\/master.myweb-fm.com\\\/wp-content\\\/uploads\\\/2023\\\/11\\\/642f8d117c70af8f0b4f7dd27b33e9b1dbd37617_126_09100516_main_view.jpg\",\"datePublished\":\"2023-11-20T20:26:35+00:00\",\"dateModified\":\"2023-11-21T15:39:17+00:00\",\"breadcrumb\":{\"@id\":\"https:\\\/\\\/master.myweb-fm.com\\\/de\\\/produkt\\\/karabinerhaken-aus-stahl-16-mm\\\/#breadcrumb\"},\"inLanguage\":\"de\",\"potentialAction\":[{\"@type\":\"ReadAction\",\"target\":[\"https:\\\/\\\/master.myweb-fm.com\\\/de\\\/produkt\\\/karabinerhaken-aus-stahl-16-mm\\\/\"]}]},{\"@type\":\"ImageObject\",\"inLanguage\":\"de\",\"@id\":\"https:\\\/\\\/master.myweb-fm.com\\\/de\\\/produkt\\\/karabinerhaken-aus-stahl-16-mm\\\/#primaryimage\",\"url\":\"https:\\\/\\\/master.myweb-fm.com\\\/wp-content\\\/uploads\\\/2023\\\/11\\\/642f8d117c70af8f0b4f7dd27b33e9b1dbd37617_126_09100516_main_view.jpg\",\"contentUrl\":\"https:\\\/\\\/master.myweb-fm.com\\\/wp-content\\\/uploads\\\/2023\\\/11\\\/642f8d117c70af8f0b4f7dd27b33e9b1dbd37617_126_09100516_main_view.jpg\",\"width\":2448,\"height\":3264},{\"@type\":\"BreadcrumbList\",\"@id\":\"https:\\\/\\\/master.myweb-fm.com\\\/de\\\/produkt\\\/karabinerhaken-aus-stahl-16-mm\\\/#breadcrumb\",\"itemListElement\":[{\"@type\":\"ListItem\",\"position\":1,\"name\":\"Catalogue\",\"item\":\"https:\\\/\\\/master.myweb-fm.com\\\/fr\\\/catalogue\\\/\"},{\"@type\":\"ListItem\",\"position\":2,\"name\":\"Karabinerhaken aus Stahl 16 mm\"}]},{\"@type\":\"WebSite\",\"@id\":\"https:\\\/\\\/master.myweb-fm.com\\\/de\\\/#website\",\"url\":\"https:\\\/\\\/master.myweb-fm.com\\\/de\\\/\",\"name\":\"Instance master - Old Unyc\",\"description\":\"Fr\u00e9n\u00e9hard &amp; Michaux\",\"potentialAction\":[{\"@type\":\"SearchAction\",\"target\":{\"@type\":\"EntryPoint\",\"urlTemplate\":\"https:\\\/\\\/master.myweb-fm.com\\\/de\\\/?s={search_term_string}\"},\"query-input\":{\"@type\":\"PropertyValueSpecification\",\"valueRequired\":true,\"valueName\":\"search_term_string\"}}],\"inLanguage\":\"de\"}]}<\/script>\n<!-- \/ Yoast SEO plugin. -->","yoast_head_json":{"title":"Karabinerhaken aus Stahl 16 mm - Instance master - Old Unyc","robots":{"index":"noindex","follow":"follow","max-snippet":"max-snippet:-1","max-image-preview":"max-image-preview:large","max-video-preview":"max-video-preview:-1"},"og_locale":"de_DE","og_type":"article","og_title":"Karabinerhaken aus Stahl 16 mm - Instance master - Old Unyc","og_description":"Der Karabinerhaken aus Stahl mit 16 mm \u00d6ffnung verf\u00fcgt \u00fcber ein Verriegelungssystem mit zweifacher Klemme (automatisches Schlie\u00dfen per Federklemme und manuelle Verriegelung \u00fcber eine Zylindermutter) und verhindert ein nicht gewolltes oder versehentliches \u00d6ffnen des Karabiners. Der Karabiner ist ein unverzichtbarer Bestandteil eines jeden Auffangsystems. Sein spezielles Design dient als Verbindung zwischen den verschiedenen Systemelementen oder den unterschiedlichen Verankerungspunkten an der Arbeitsoberfl\u00e4che.","og_url":"https:\/\/master.myweb-fm.com\/de\/produkt\/karabinerhaken-aus-stahl-16-mm\/","og_site_name":"Instance master - Old Unyc","article_modified_time":"2023-11-21T15:39:17+00:00","og_image":[{"url":"https:\/\/master.myweb-fm.com\/wp-content\/uploads\/2023\/11\/642f8d117c70af8f0b4f7dd27b33e9b1dbd37617_126_09100516_main_view.jpg","width":768,"height":1024,"type":"image\/jpeg"}],"twitter_card":"summary_large_image","schema":{"@context":"https:\/\/schema.org","@graph":[{"@type":"WebPage","@id":"https:\/\/master.myweb-fm.com\/de\/produkt\/karabinerhaken-aus-stahl-16-mm\/","url":"https:\/\/master.myweb-fm.com\/de\/produkt\/karabinerhaken-aus-stahl-16-mm\/","name":"Karabinerhaken aus Stahl 16 mm - Instance master - Old Unyc","isPartOf":{"@id":"https:\/\/master.myweb-fm.com\/de\/#website"},"primaryImageOfPage":{"@id":"https:\/\/master.myweb-fm.com\/de\/produkt\/karabinerhaken-aus-stahl-16-mm\/#primaryimage"},"image":{"@id":"https:\/\/master.myweb-fm.com\/de\/produkt\/karabinerhaken-aus-stahl-16-mm\/#primaryimage"},"thumbnailUrl":"https:\/\/master.myweb-fm.com\/wp-content\/uploads\/2023\/11\/642f8d117c70af8f0b4f7dd27b33e9b1dbd37617_126_09100516_main_view.jpg","datePublished":"2023-11-20T20:26:35+00:00","dateModified":"2023-11-21T15:39:17+00:00","breadcrumb":{"@id":"https:\/\/master.myweb-fm.com\/de\/produkt\/karabinerhaken-aus-stahl-16-mm\/#breadcrumb"},"inLanguage":"de","potentialAction":[{"@type":"ReadAction","target":["https:\/\/master.myweb-fm.com\/de\/produkt\/karabinerhaken-aus-stahl-16-mm\/"]}]},{"@type":"ImageObject","inLanguage":"de","@id":"https:\/\/master.myweb-fm.com\/de\/produkt\/karabinerhaken-aus-stahl-16-mm\/#primaryimage","url":"https:\/\/master.myweb-fm.com\/wp-content\/uploads\/2023\/11\/642f8d117c70af8f0b4f7dd27b33e9b1dbd37617_126_09100516_main_view.jpg","contentUrl":"https:\/\/master.myweb-fm.com\/wp-content\/uploads\/2023\/11\/642f8d117c70af8f0b4f7dd27b33e9b1dbd37617_126_09100516_main_view.jpg","width":2448,"height":3264},{"@type":"BreadcrumbList","@id":"https:\/\/master.myweb-fm.com\/de\/produkt\/karabinerhaken-aus-stahl-16-mm\/#breadcrumb","itemListElement":[{"@type":"ListItem","position":1,"name":"Catalogue","item":"https:\/\/master.myweb-fm.com\/fr\/catalogue\/"},{"@type":"ListItem","position":2,"name":"Karabinerhaken aus Stahl 16 mm"}]},{"@type":"WebSite","@id":"https:\/\/master.myweb-fm.com\/de\/#website","url":"https:\/\/master.myweb-fm.com\/de\/","name":"Instance master - Old Unyc","description":"Fr\u00e9n\u00e9hard &amp; Michaux","potentialAction":[{"@type":"SearchAction","target":{"@type":"EntryPoint","urlTemplate":"https:\/\/master.myweb-fm.com\/de\/?s={search_term_string}"},"query-input":{"@type":"PropertyValueSpecification","valueRequired":true,"valueName":"search_term_string"}}],"inLanguage":"de"}]}},"_links":{"self":[{"href":"https:\/\/master.myweb-fm.com\/de\/wp-json\/wp\/v2\/product\/17030","targetHints":{"allow":["GET"]}}],"collection":[{"href":"https:\/\/master.myweb-fm.com\/de\/wp-json\/wp\/v2\/product"}],"about":[{"href":"https:\/\/master.myweb-fm.com\/de\/wp-json\/wp\/v2\/types\/product"}],"wp:featuredmedia":[{"embeddable":true,"href":"https:\/\/master.myweb-fm.com\/de\/wp-json\/wp\/v2\/media\/13110"}],"wp:attachment":[{"href":"https:\/\/master.myweb-fm.com\/de\/wp-json\/wp\/v2\/media?parent=17030"}],"wp:term":[{"taxonomy":"product_brand","embeddable":true,"href":"https:\/\/master.myweb-fm.com\/de\/wp-json\/wp\/v2\/product_brand?post=17030"},{"taxonomy":"product_cat","embeddable":true,"href":"https:\/\/master.myweb-fm.com\/de\/wp-json\/wp\/v2\/product_cat?post=17030"},{"taxonomy":"product_tag","embeddable":true,"href":"https:\/\/master.myweb-fm.com\/de\/wp-json\/wp\/v2\/product_tag?post=17030"}],"curies":[{"name":"wp","href":"https:\/\/api.w.org\/{rel}","templated":true}]}}