{"id":17018,"date":"2023-11-20T21:25:24","date_gmt":"2023-11-20T20:25:24","guid":{"rendered":"https:\/\/master.myweb-fm.com\/unkategorisiert\/126-09100441\/"},"modified":"2023-11-21T16:38:46","modified_gmt":"2023-11-21T15:38:46","slug":"einfaches-elastisches-ruckhalteseil-mit-auffang","status":"publish","type":"product","link":"https:\/\/master.myweb-fm.com\/de\/produkt\/einfaches-elastisches-ruckhalteseil-mit-auffang\/","title":{"rendered":"Einfaches elastisches R\u00fcckhalteseil mit Auffang"},"content":{"rendered":"<ul>\n<li>Die einziehbaren R\u00fcckhalteseile mit Auffangvorrichtung gew\u00e4hrleisten einfache Bewegungen <\/li>\n<li> Eingezogene L\u00e4nge 1,35\u00a0m und ausgezogene L\u00e4nge 1,70\u00a0m (inklusive Verbindungsteile) <\/li>\n<li> Ausgestattet mit einer Auffangvorrichtung, um im Falle eines Sturzes die Belastungskraft zu mindern <\/li>\n<li> Verbindung an den Verankerungspunkten \u00d8 54 mm mit automatischem Verschluss, Maximallast 22 kN <\/li>\n<li> Verbindungen mit Gurtzeugs \u00d8 18 mm mit automatischem Verschluss, Maximallast 22 kN <\/li>\n<li> Geeignet f\u00fcr den Einsatz auf gerillten Oberfl\u00e4chen <\/li>\n<li> Gurt 40 mm<\/li>\n<\/ul>\n","protected":false},"excerpt":{"rendered":"<p>Dieses einfache, elastische R\u00fcckhalteseil mit Auffangvorrichtung ist sofort einsatzbereit und ausgestattet mit einer Energieabsorbereinrichtung, die im Falle eines Sturzes aus der H\u00f6he die Belastungskraft mindert. Zudem sind zwei Verbindungsst\u00fccke integriert. Durch die M\u00f6glichkeit zum Einziehen oder Verl\u00e4ngern bietet es dem Anwender beim Bewegen eine hohe Benutzerfreundlichkeit. Das R\u00fcckhalteseil darf nicht l\u00e4nger sein als 2,00 m.<\/p>\n","protected":false},"featured_media":12966,"template":"","meta":{"_acf_changed":false},"product_brand":[],"product_cat":[70120],"product_tag":[],"class_list":{"0":"post-17018","1":"product","2":"type-product","3":"status-publish","4":"has-post-thumbnail","6":"product_cat-equipements-de","7":"pa_abc_class-c-de","8":"pa_base_unit-ea-de","9":"pa_brand-unyc-de","10":"pa_e_com_product-no-de","11":"pa_edi_option-no-de","12":"pa_export_product-yes-de","13":"pa_g_range-13-de","14":"pa_lifespan-15-ans-de","15":"pa_lock_code-000-de","16":"pa_material-polyester-de","17":"pa_pack_instructions_level_1-no-de","18":"pa_pack_instructions_level_2-no-de","19":"pa_pack_instructions_level_3-no-de","20":"pa_pack_type_level_1-sca-de","21":"pa_pic_family-097-de","22":"pa_product_origin-es-de","23":"pa_product_stored_at_manufactur-no-de-2","24":"pa_production_company-126-de","25":"pa_sales_company-126-de","26":"pa_sales_plan-c-de","27":"pa_sales_range-13-de","28":"pa_short_designation-longe-simple-elastiqabsorbeur-de","29":"pa_sigle-ce-de","30":"pa_standard-en_355-de","31":"pa_type_of_product-longe-de","32":"pa_use-highly_intensive-de","33":"pa_varied_weight-no-de","35":"first","36":"instock","37":"shipping-taxable","38":"purchasable","39":"product-type-simple"},"acf":[],"yoast_head":"<!-- This site is optimized with the Yoast SEO plugin v27.3 - https:\/\/yoast.com\/product\/yoast-seo-wordpress\/ -->\n<title>Einfaches elastisches R\u00fcckhalteseil mit Auffang - Instance master - Old Unyc<\/title>\n<meta name=\"robots\" content=\"noindex, follow, max-snippet:-1, max-image-preview:large, max-video-preview:-1\" \/>\n<meta property=\"og:locale\" content=\"de_DE\" \/>\n<meta property=\"og:type\" content=\"article\" \/>\n<meta property=\"og:title\" content=\"Einfaches elastisches R\u00fcckhalteseil mit Auffang - Instance master - Old Unyc\" \/>\n<meta property=\"og:description\" content=\"Dieses einfache, elastische R\u00fcckhalteseil mit Auffangvorrichtung ist sofort einsatzbereit und ausgestattet mit einer Energieabsorbereinrichtung, die im Falle eines Sturzes aus der H\u00f6he die Belastungskraft mindert. Zudem sind zwei Verbindungsst\u00fccke integriert. Durch die M\u00f6glichkeit zum Einziehen oder Verl\u00e4ngern bietet es dem Anwender beim Bewegen eine hohe Benutzerfreundlichkeit. Das R\u00fcckhalteseil darf nicht l\u00e4nger sein als 2,00 m.\" \/>\n<meta property=\"og:url\" content=\"https:\/\/master.myweb-fm.com\/de\/produkt\/einfaches-elastisches-ruckhalteseil-mit-auffang\/\" \/>\n<meta property=\"og:site_name\" content=\"Instance master - Old Unyc\" \/>\n<meta property=\"article:modified_time\" content=\"2023-11-21T15:38:46+00:00\" \/>\n<meta property=\"og:image\" content=\"https:\/\/master.myweb-fm.com\/wp-content\/uploads\/2023\/11\/b923e06e4a5a1a97dba17242d150a9e1129a8b0d_126_09100441_main_view.jpg\" \/>\n\t<meta property=\"og:image:width\" content=\"2480\" \/>\n\t<meta property=\"og:image:height\" content=\"3508\" \/>\n\t<meta property=\"og:image:type\" content=\"image\/jpeg\" \/>\n<meta name=\"twitter:card\" content=\"summary_large_image\" \/>\n<script type=\"application\/ld+json\" class=\"yoast-schema-graph\">{\"@context\":\"https:\\\/\\\/schema.org\",\"@graph\":[{\"@type\":\"WebPage\",\"@id\":\"https:\\\/\\\/master.myweb-fm.com\\\/de\\\/produkt\\\/einfaches-elastisches-ruckhalteseil-mit-auffang\\\/\",\"url\":\"https:\\\/\\\/master.myweb-fm.com\\\/de\\\/produkt\\\/einfaches-elastisches-ruckhalteseil-mit-auffang\\\/\",\"name\":\"Einfaches elastisches R\u00fcckhalteseil mit Auffang - Instance master - Old Unyc\",\"isPartOf\":{\"@id\":\"https:\\\/\\\/master.myweb-fm.com\\\/de\\\/#website\"},\"primaryImageOfPage\":{\"@id\":\"https:\\\/\\\/master.myweb-fm.com\\\/de\\\/produkt\\\/einfaches-elastisches-ruckhalteseil-mit-auffang\\\/#primaryimage\"},\"image\":{\"@id\":\"https:\\\/\\\/master.myweb-fm.com\\\/de\\\/produkt\\\/einfaches-elastisches-ruckhalteseil-mit-auffang\\\/#primaryimage\"},\"thumbnailUrl\":\"https:\\\/\\\/master.myweb-fm.com\\\/wp-content\\\/uploads\\\/2023\\\/11\\\/b923e06e4a5a1a97dba17242d150a9e1129a8b0d_126_09100441_main_view.jpg\",\"datePublished\":\"2023-11-20T20:25:24+00:00\",\"dateModified\":\"2023-11-21T15:38:46+00:00\",\"breadcrumb\":{\"@id\":\"https:\\\/\\\/master.myweb-fm.com\\\/de\\\/produkt\\\/einfaches-elastisches-ruckhalteseil-mit-auffang\\\/#breadcrumb\"},\"inLanguage\":\"de\",\"potentialAction\":[{\"@type\":\"ReadAction\",\"target\":[\"https:\\\/\\\/master.myweb-fm.com\\\/de\\\/produkt\\\/einfaches-elastisches-ruckhalteseil-mit-auffang\\\/\"]}]},{\"@type\":\"ImageObject\",\"inLanguage\":\"de\",\"@id\":\"https:\\\/\\\/master.myweb-fm.com\\\/de\\\/produkt\\\/einfaches-elastisches-ruckhalteseil-mit-auffang\\\/#primaryimage\",\"url\":\"https:\\\/\\\/master.myweb-fm.com\\\/wp-content\\\/uploads\\\/2023\\\/11\\\/b923e06e4a5a1a97dba17242d150a9e1129a8b0d_126_09100441_main_view.jpg\",\"contentUrl\":\"https:\\\/\\\/master.myweb-fm.com\\\/wp-content\\\/uploads\\\/2023\\\/11\\\/b923e06e4a5a1a97dba17242d150a9e1129a8b0d_126_09100441_main_view.jpg\",\"width\":2480,\"height\":3508},{\"@type\":\"BreadcrumbList\",\"@id\":\"https:\\\/\\\/master.myweb-fm.com\\\/de\\\/produkt\\\/einfaches-elastisches-ruckhalteseil-mit-auffang\\\/#breadcrumb\",\"itemListElement\":[{\"@type\":\"ListItem\",\"position\":1,\"name\":\"Catalogue\",\"item\":\"https:\\\/\\\/master.myweb-fm.com\\\/fr\\\/catalogue\\\/\"},{\"@type\":\"ListItem\",\"position\":2,\"name\":\"Einfaches elastisches R\u00fcckhalteseil mit Auffang\"}]},{\"@type\":\"WebSite\",\"@id\":\"https:\\\/\\\/master.myweb-fm.com\\\/de\\\/#website\",\"url\":\"https:\\\/\\\/master.myweb-fm.com\\\/de\\\/\",\"name\":\"Instance master - Old Unyc\",\"description\":\"Fr\u00e9n\u00e9hard &amp; Michaux\",\"potentialAction\":[{\"@type\":\"SearchAction\",\"target\":{\"@type\":\"EntryPoint\",\"urlTemplate\":\"https:\\\/\\\/master.myweb-fm.com\\\/de\\\/?s={search_term_string}\"},\"query-input\":{\"@type\":\"PropertyValueSpecification\",\"valueRequired\":true,\"valueName\":\"search_term_string\"}}],\"inLanguage\":\"de\"}]}<\/script>\n<!-- \/ Yoast SEO plugin. -->","yoast_head_json":{"title":"Einfaches elastisches R\u00fcckhalteseil mit Auffang - Instance master - Old Unyc","robots":{"index":"noindex","follow":"follow","max-snippet":"max-snippet:-1","max-image-preview":"max-image-preview:large","max-video-preview":"max-video-preview:-1"},"og_locale":"de_DE","og_type":"article","og_title":"Einfaches elastisches R\u00fcckhalteseil mit Auffang - Instance master - Old Unyc","og_description":"Dieses einfache, elastische R\u00fcckhalteseil mit Auffangvorrichtung ist sofort einsatzbereit und ausgestattet mit einer Energieabsorbereinrichtung, die im Falle eines Sturzes aus der H\u00f6he die Belastungskraft mindert. Zudem sind zwei Verbindungsst\u00fccke integriert. Durch die M\u00f6glichkeit zum Einziehen oder Verl\u00e4ngern bietet es dem Anwender beim Bewegen eine hohe Benutzerfreundlichkeit. Das R\u00fcckhalteseil darf nicht l\u00e4nger sein als 2,00 m.","og_url":"https:\/\/master.myweb-fm.com\/de\/produkt\/einfaches-elastisches-ruckhalteseil-mit-auffang\/","og_site_name":"Instance master - Old Unyc","article_modified_time":"2023-11-21T15:38:46+00:00","og_image":[{"width":2480,"height":3508,"url":"https:\/\/master.myweb-fm.com\/wp-content\/uploads\/2023\/11\/b923e06e4a5a1a97dba17242d150a9e1129a8b0d_126_09100441_main_view.jpg","type":"image\/jpeg"}],"twitter_card":"summary_large_image","schema":{"@context":"https:\/\/schema.org","@graph":[{"@type":"WebPage","@id":"https:\/\/master.myweb-fm.com\/de\/produkt\/einfaches-elastisches-ruckhalteseil-mit-auffang\/","url":"https:\/\/master.myweb-fm.com\/de\/produkt\/einfaches-elastisches-ruckhalteseil-mit-auffang\/","name":"Einfaches elastisches R\u00fcckhalteseil mit Auffang - Instance master - Old Unyc","isPartOf":{"@id":"https:\/\/master.myweb-fm.com\/de\/#website"},"primaryImageOfPage":{"@id":"https:\/\/master.myweb-fm.com\/de\/produkt\/einfaches-elastisches-ruckhalteseil-mit-auffang\/#primaryimage"},"image":{"@id":"https:\/\/master.myweb-fm.com\/de\/produkt\/einfaches-elastisches-ruckhalteseil-mit-auffang\/#primaryimage"},"thumbnailUrl":"https:\/\/master.myweb-fm.com\/wp-content\/uploads\/2023\/11\/b923e06e4a5a1a97dba17242d150a9e1129a8b0d_126_09100441_main_view.jpg","datePublished":"2023-11-20T20:25:24+00:00","dateModified":"2023-11-21T15:38:46+00:00","breadcrumb":{"@id":"https:\/\/master.myweb-fm.com\/de\/produkt\/einfaches-elastisches-ruckhalteseil-mit-auffang\/#breadcrumb"},"inLanguage":"de","potentialAction":[{"@type":"ReadAction","target":["https:\/\/master.myweb-fm.com\/de\/produkt\/einfaches-elastisches-ruckhalteseil-mit-auffang\/"]}]},{"@type":"ImageObject","inLanguage":"de","@id":"https:\/\/master.myweb-fm.com\/de\/produkt\/einfaches-elastisches-ruckhalteseil-mit-auffang\/#primaryimage","url":"https:\/\/master.myweb-fm.com\/wp-content\/uploads\/2023\/11\/b923e06e4a5a1a97dba17242d150a9e1129a8b0d_126_09100441_main_view.jpg","contentUrl":"https:\/\/master.myweb-fm.com\/wp-content\/uploads\/2023\/11\/b923e06e4a5a1a97dba17242d150a9e1129a8b0d_126_09100441_main_view.jpg","width":2480,"height":3508},{"@type":"BreadcrumbList","@id":"https:\/\/master.myweb-fm.com\/de\/produkt\/einfaches-elastisches-ruckhalteseil-mit-auffang\/#breadcrumb","itemListElement":[{"@type":"ListItem","position":1,"name":"Catalogue","item":"https:\/\/master.myweb-fm.com\/fr\/catalogue\/"},{"@type":"ListItem","position":2,"name":"Einfaches elastisches R\u00fcckhalteseil mit Auffang"}]},{"@type":"WebSite","@id":"https:\/\/master.myweb-fm.com\/de\/#website","url":"https:\/\/master.myweb-fm.com\/de\/","name":"Instance master - Old Unyc","description":"Fr\u00e9n\u00e9hard &amp; Michaux","potentialAction":[{"@type":"SearchAction","target":{"@type":"EntryPoint","urlTemplate":"https:\/\/master.myweb-fm.com\/de\/?s={search_term_string}"},"query-input":{"@type":"PropertyValueSpecification","valueRequired":true,"valueName":"search_term_string"}}],"inLanguage":"de"}]}},"_links":{"self":[{"href":"https:\/\/master.myweb-fm.com\/de\/wp-json\/wp\/v2\/product\/17018","targetHints":{"allow":["GET"]}}],"collection":[{"href":"https:\/\/master.myweb-fm.com\/de\/wp-json\/wp\/v2\/product"}],"about":[{"href":"https:\/\/master.myweb-fm.com\/de\/wp-json\/wp\/v2\/types\/product"}],"wp:featuredmedia":[{"embeddable":true,"href":"https:\/\/master.myweb-fm.com\/de\/wp-json\/wp\/v2\/media\/12966"}],"wp:attachment":[{"href":"https:\/\/master.myweb-fm.com\/de\/wp-json\/wp\/v2\/media?parent=17018"}],"wp:term":[{"taxonomy":"product_brand","embeddable":true,"href":"https:\/\/master.myweb-fm.com\/de\/wp-json\/wp\/v2\/product_brand?post=17018"},{"taxonomy":"product_cat","embeddable":true,"href":"https:\/\/master.myweb-fm.com\/de\/wp-json\/wp\/v2\/product_cat?post=17018"},{"taxonomy":"product_tag","embeddable":true,"href":"https:\/\/master.myweb-fm.com\/de\/wp-json\/wp\/v2\/product_tag?post=17018"}],"curies":[{"name":"wp","href":"https:\/\/api.w.org\/{rel}","templated":true}]}}