{"id":17006,"date":"2023-11-20T21:24:12","date_gmt":"2023-11-20T20:24:12","guid":{"rendered":"https:\/\/master.myweb-fm.com\/unkategorisiert\/126-09100423\/"},"modified":"2023-11-21T16:38:15","modified_gmt":"2023-11-21T15:38:15","slug":"doppeltes-ruckhalteseil-mit-auffang","status":"publish","type":"product","link":"https:\/\/master.myweb-fm.com\/de\/produkt\/doppeltes-ruckhalteseil-mit-auffang\/","title":{"rendered":"Doppeltes R\u00fcckhalteseil mit Auffang"},"content":{"rendered":"<ul>\n<li>Ummanteltes geflochtenes R\u00fcckhalteseil aus Polyamid mit 11 mm Durchmesser <\/li>\n<li> Beschr\u00e4nkt die Bewegungsfreiheit des Anwenders und verhindert das Betreten von Zonen mit Fallrisiko <\/li>\n<li> Es handelt sich um eine R\u00fcckhalte- und nicht um eine Auffangvorrichtung <\/li>\n<li> Befestigungsschlinge zum Einhaken <\/li>\n<li> Verbindung an den Verankerungspunkten \u00d8 54 mm mit automatischem Verschluss, Maximallast 22 kN <\/li>\n<li> Verbindung mit Gurtzeugs \u00d8 18 mm mit automatischem Verschluss, Maximallast 22 kN <\/li>\n<li> H\u00f6chstkraft beim Bruch: 2.200 kg<\/li>\n<\/ul>\n","protected":false},"excerpt":{"rendered":"<p>Doppelter R\u00fcckhalt beim Arbeiten durch ummanteltes geflochtenes Seil mit 11 mm Durchmesser. Dieses R\u00fcckhalteseil dient als Verbindung zwischen Gurtzeug und Verankerungspunkt, wodurch keine weiteren Elemente notwendig sind. Die L\u00e4nge des R\u00fcckhalteseils darf 2,00 m nicht \u00fcberschreiten. Das doppelte R\u00fcckhalteseil erm\u00f6glicht den sicheren Durchgang oder den Verlauf von einem Verankerungspunkt zum n\u00e4chsten, ohne dass sich der Anwender entkoppeln muss.<\/p>\n","protected":false},"featured_media":12852,"template":"","meta":{"_acf_changed":false},"product_brand":[],"product_cat":[70120],"product_tag":[],"class_list":{"0":"post-17006","1":"product","2":"type-product","3":"status-publish","4":"has-post-thumbnail","6":"product_cat-equipements-de","7":"pa_abc_class-a-de","8":"pa_base_unit-ea-de","9":"pa_brand-unyc-de","10":"pa_e_com_product-no-de","11":"pa_edi_option-no-de","12":"pa_export_product-yes-de","13":"pa_g_range-13-de","14":"pa_lifespan-15-ans-de","15":"pa_lock_code-000-de","16":"pa_material-polyamide-de","17":"pa_pack_instructions_level_1-no-de","18":"pa_pack_instructions_level_2-no-de","19":"pa_pack_instructions_level_3-no-de","20":"pa_pack_type_level_1-sca-de","21":"pa_pic_family-097-de","22":"pa_product_origin-es-de","23":"pa_product_stored_at_manufactur-no-de-2","24":"pa_production_company-126-de","25":"pa_sales_company-126-de","26":"pa_sales_plan-c-de","27":"pa_sales_range-13-de","28":"pa_short_designation-longe-double-corde-1-5m-de","29":"pa_sigle-ce-de","30":"pa_standard-en_354-de","31":"pa_type_of_product-longe-de","32":"pa_use-highly_intensive-de","33":"pa_varied_weight-no-de","35":"first","36":"instock","37":"shipping-taxable","38":"purchasable","39":"product-type-simple"},"acf":[],"yoast_head":"<!-- This site is optimized with the Yoast SEO plugin v27.3 - https:\/\/yoast.com\/product\/yoast-seo-wordpress\/ -->\n<title>Doppeltes R\u00fcckhalteseil mit Auffang - Instance master - Old Unyc<\/title>\n<meta name=\"robots\" content=\"noindex, follow, max-snippet:-1, max-image-preview:large, max-video-preview:-1\" \/>\n<meta property=\"og:locale\" content=\"de_DE\" \/>\n<meta property=\"og:type\" content=\"article\" \/>\n<meta property=\"og:title\" content=\"Doppeltes R\u00fcckhalteseil mit Auffang - Instance master - Old Unyc\" \/>\n<meta property=\"og:description\" content=\"Doppelter R\u00fcckhalt beim Arbeiten durch ummanteltes geflochtenes Seil mit 11 mm Durchmesser. Dieses R\u00fcckhalteseil dient als Verbindung zwischen Gurtzeug und Verankerungspunkt, wodurch keine weiteren Elemente notwendig sind. Die L\u00e4nge des R\u00fcckhalteseils darf 2,00 m nicht \u00fcberschreiten. Das doppelte R\u00fcckhalteseil erm\u00f6glicht den sicheren Durchgang oder den Verlauf von einem Verankerungspunkt zum n\u00e4chsten, ohne dass sich der Anwender entkoppeln muss.\" \/>\n<meta property=\"og:url\" content=\"https:\/\/master.myweb-fm.com\/de\/produkt\/doppeltes-ruckhalteseil-mit-auffang\/\" \/>\n<meta property=\"og:site_name\" content=\"Instance master - Old Unyc\" \/>\n<meta property=\"article:modified_time\" content=\"2023-11-21T15:38:15+00:00\" \/>\n<meta property=\"og:image\" content=\"https:\/\/master.myweb-fm.com\/wp-content\/uploads\/2023\/11\/ca6a1c2d2695566bc2959c7585cb7a1a5965519d_126_09100423_main_view.jpg\" \/>\n\t<meta property=\"og:image:width\" content=\"2480\" \/>\n\t<meta property=\"og:image:height\" content=\"3508\" \/>\n\t<meta property=\"og:image:type\" content=\"image\/jpeg\" \/>\n<meta name=\"twitter:card\" content=\"summary_large_image\" \/>\n<script type=\"application\/ld+json\" class=\"yoast-schema-graph\">{\"@context\":\"https:\\\/\\\/schema.org\",\"@graph\":[{\"@type\":\"WebPage\",\"@id\":\"https:\\\/\\\/master.myweb-fm.com\\\/de\\\/produkt\\\/doppeltes-ruckhalteseil-mit-auffang\\\/\",\"url\":\"https:\\\/\\\/master.myweb-fm.com\\\/de\\\/produkt\\\/doppeltes-ruckhalteseil-mit-auffang\\\/\",\"name\":\"Doppeltes R\u00fcckhalteseil mit Auffang - Instance master - Old Unyc\",\"isPartOf\":{\"@id\":\"https:\\\/\\\/master.myweb-fm.com\\\/de\\\/#website\"},\"primaryImageOfPage\":{\"@id\":\"https:\\\/\\\/master.myweb-fm.com\\\/de\\\/produkt\\\/doppeltes-ruckhalteseil-mit-auffang\\\/#primaryimage\"},\"image\":{\"@id\":\"https:\\\/\\\/master.myweb-fm.com\\\/de\\\/produkt\\\/doppeltes-ruckhalteseil-mit-auffang\\\/#primaryimage\"},\"thumbnailUrl\":\"https:\\\/\\\/master.myweb-fm.com\\\/wp-content\\\/uploads\\\/2023\\\/11\\\/ca6a1c2d2695566bc2959c7585cb7a1a5965519d_126_09100423_main_view.jpg\",\"datePublished\":\"2023-11-20T20:24:12+00:00\",\"dateModified\":\"2023-11-21T15:38:15+00:00\",\"breadcrumb\":{\"@id\":\"https:\\\/\\\/master.myweb-fm.com\\\/de\\\/produkt\\\/doppeltes-ruckhalteseil-mit-auffang\\\/#breadcrumb\"},\"inLanguage\":\"de\",\"potentialAction\":[{\"@type\":\"ReadAction\",\"target\":[\"https:\\\/\\\/master.myweb-fm.com\\\/de\\\/produkt\\\/doppeltes-ruckhalteseil-mit-auffang\\\/\"]}]},{\"@type\":\"ImageObject\",\"inLanguage\":\"de\",\"@id\":\"https:\\\/\\\/master.myweb-fm.com\\\/de\\\/produkt\\\/doppeltes-ruckhalteseil-mit-auffang\\\/#primaryimage\",\"url\":\"https:\\\/\\\/master.myweb-fm.com\\\/wp-content\\\/uploads\\\/2023\\\/11\\\/ca6a1c2d2695566bc2959c7585cb7a1a5965519d_126_09100423_main_view.jpg\",\"contentUrl\":\"https:\\\/\\\/master.myweb-fm.com\\\/wp-content\\\/uploads\\\/2023\\\/11\\\/ca6a1c2d2695566bc2959c7585cb7a1a5965519d_126_09100423_main_view.jpg\",\"width\":2480,\"height\":3508},{\"@type\":\"BreadcrumbList\",\"@id\":\"https:\\\/\\\/master.myweb-fm.com\\\/de\\\/produkt\\\/doppeltes-ruckhalteseil-mit-auffang\\\/#breadcrumb\",\"itemListElement\":[{\"@type\":\"ListItem\",\"position\":1,\"name\":\"Catalogue\",\"item\":\"https:\\\/\\\/master.myweb-fm.com\\\/fr\\\/catalogue\\\/\"},{\"@type\":\"ListItem\",\"position\":2,\"name\":\"Doppeltes R\u00fcckhalteseil mit Auffang\"}]},{\"@type\":\"WebSite\",\"@id\":\"https:\\\/\\\/master.myweb-fm.com\\\/de\\\/#website\",\"url\":\"https:\\\/\\\/master.myweb-fm.com\\\/de\\\/\",\"name\":\"Instance master - Old Unyc\",\"description\":\"Fr\u00e9n\u00e9hard &amp; Michaux\",\"potentialAction\":[{\"@type\":\"SearchAction\",\"target\":{\"@type\":\"EntryPoint\",\"urlTemplate\":\"https:\\\/\\\/master.myweb-fm.com\\\/de\\\/?s={search_term_string}\"},\"query-input\":{\"@type\":\"PropertyValueSpecification\",\"valueRequired\":true,\"valueName\":\"search_term_string\"}}],\"inLanguage\":\"de\"}]}<\/script>\n<!-- \/ Yoast SEO plugin. -->","yoast_head_json":{"title":"Doppeltes R\u00fcckhalteseil mit Auffang - Instance master - Old Unyc","robots":{"index":"noindex","follow":"follow","max-snippet":"max-snippet:-1","max-image-preview":"max-image-preview:large","max-video-preview":"max-video-preview:-1"},"og_locale":"de_DE","og_type":"article","og_title":"Doppeltes R\u00fcckhalteseil mit Auffang - Instance master - Old Unyc","og_description":"Doppelter R\u00fcckhalt beim Arbeiten durch ummanteltes geflochtenes Seil mit 11 mm Durchmesser. Dieses R\u00fcckhalteseil dient als Verbindung zwischen Gurtzeug und Verankerungspunkt, wodurch keine weiteren Elemente notwendig sind. Die L\u00e4nge des R\u00fcckhalteseils darf 2,00 m nicht \u00fcberschreiten. Das doppelte R\u00fcckhalteseil erm\u00f6glicht den sicheren Durchgang oder den Verlauf von einem Verankerungspunkt zum n\u00e4chsten, ohne dass sich der Anwender entkoppeln muss.","og_url":"https:\/\/master.myweb-fm.com\/de\/produkt\/doppeltes-ruckhalteseil-mit-auffang\/","og_site_name":"Instance master - Old Unyc","article_modified_time":"2023-11-21T15:38:15+00:00","og_image":[{"width":2480,"height":3508,"url":"https:\/\/master.myweb-fm.com\/wp-content\/uploads\/2023\/11\/ca6a1c2d2695566bc2959c7585cb7a1a5965519d_126_09100423_main_view.jpg","type":"image\/jpeg"}],"twitter_card":"summary_large_image","schema":{"@context":"https:\/\/schema.org","@graph":[{"@type":"WebPage","@id":"https:\/\/master.myweb-fm.com\/de\/produkt\/doppeltes-ruckhalteseil-mit-auffang\/","url":"https:\/\/master.myweb-fm.com\/de\/produkt\/doppeltes-ruckhalteseil-mit-auffang\/","name":"Doppeltes R\u00fcckhalteseil mit Auffang - Instance master - Old Unyc","isPartOf":{"@id":"https:\/\/master.myweb-fm.com\/de\/#website"},"primaryImageOfPage":{"@id":"https:\/\/master.myweb-fm.com\/de\/produkt\/doppeltes-ruckhalteseil-mit-auffang\/#primaryimage"},"image":{"@id":"https:\/\/master.myweb-fm.com\/de\/produkt\/doppeltes-ruckhalteseil-mit-auffang\/#primaryimage"},"thumbnailUrl":"https:\/\/master.myweb-fm.com\/wp-content\/uploads\/2023\/11\/ca6a1c2d2695566bc2959c7585cb7a1a5965519d_126_09100423_main_view.jpg","datePublished":"2023-11-20T20:24:12+00:00","dateModified":"2023-11-21T15:38:15+00:00","breadcrumb":{"@id":"https:\/\/master.myweb-fm.com\/de\/produkt\/doppeltes-ruckhalteseil-mit-auffang\/#breadcrumb"},"inLanguage":"de","potentialAction":[{"@type":"ReadAction","target":["https:\/\/master.myweb-fm.com\/de\/produkt\/doppeltes-ruckhalteseil-mit-auffang\/"]}]},{"@type":"ImageObject","inLanguage":"de","@id":"https:\/\/master.myweb-fm.com\/de\/produkt\/doppeltes-ruckhalteseil-mit-auffang\/#primaryimage","url":"https:\/\/master.myweb-fm.com\/wp-content\/uploads\/2023\/11\/ca6a1c2d2695566bc2959c7585cb7a1a5965519d_126_09100423_main_view.jpg","contentUrl":"https:\/\/master.myweb-fm.com\/wp-content\/uploads\/2023\/11\/ca6a1c2d2695566bc2959c7585cb7a1a5965519d_126_09100423_main_view.jpg","width":2480,"height":3508},{"@type":"BreadcrumbList","@id":"https:\/\/master.myweb-fm.com\/de\/produkt\/doppeltes-ruckhalteseil-mit-auffang\/#breadcrumb","itemListElement":[{"@type":"ListItem","position":1,"name":"Catalogue","item":"https:\/\/master.myweb-fm.com\/fr\/catalogue\/"},{"@type":"ListItem","position":2,"name":"Doppeltes R\u00fcckhalteseil mit Auffang"}]},{"@type":"WebSite","@id":"https:\/\/master.myweb-fm.com\/de\/#website","url":"https:\/\/master.myweb-fm.com\/de\/","name":"Instance master - Old Unyc","description":"Fr\u00e9n\u00e9hard &amp; Michaux","potentialAction":[{"@type":"SearchAction","target":{"@type":"EntryPoint","urlTemplate":"https:\/\/master.myweb-fm.com\/de\/?s={search_term_string}"},"query-input":{"@type":"PropertyValueSpecification","valueRequired":true,"valueName":"search_term_string"}}],"inLanguage":"de"}]}},"_links":{"self":[{"href":"https:\/\/master.myweb-fm.com\/de\/wp-json\/wp\/v2\/product\/17006","targetHints":{"allow":["GET"]}}],"collection":[{"href":"https:\/\/master.myweb-fm.com\/de\/wp-json\/wp\/v2\/product"}],"about":[{"href":"https:\/\/master.myweb-fm.com\/de\/wp-json\/wp\/v2\/types\/product"}],"wp:featuredmedia":[{"embeddable":true,"href":"https:\/\/master.myweb-fm.com\/de\/wp-json\/wp\/v2\/media\/12852"}],"wp:attachment":[{"href":"https:\/\/master.myweb-fm.com\/de\/wp-json\/wp\/v2\/media?parent=17006"}],"wp:term":[{"taxonomy":"product_brand","embeddable":true,"href":"https:\/\/master.myweb-fm.com\/de\/wp-json\/wp\/v2\/product_brand?post=17006"},{"taxonomy":"product_cat","embeddable":true,"href":"https:\/\/master.myweb-fm.com\/de\/wp-json\/wp\/v2\/product_cat?post=17006"},{"taxonomy":"product_tag","embeddable":true,"href":"https:\/\/master.myweb-fm.com\/de\/wp-json\/wp\/v2\/product_tag?post=17006"}],"curies":[{"name":"wp","href":"https:\/\/api.w.org\/{rel}","templated":true}]}}