{"id":17000,"date":"2023-11-20T21:23:38","date_gmt":"2023-11-20T20:23:38","guid":{"rendered":"https:\/\/master.myweb-fm.com\/unkategorisiert\/126-09100201\/"},"modified":"2023-11-27T18:03:04","modified_gmt":"2023-11-27T17:03:04","slug":"mobile-mitlauf-auffangvorrichtung","status":"publish","type":"product","link":"https:\/\/master.myweb-fm.com\/de\/produkt\/mobile-mitlauf-auffangvorrichtung\/","title":{"rendered":"Mobile Mitlauf-Auffangvorrichtung"},"content":{"rendered":"<ul>\n<li>Mobile Auffangvorrichtung aus Stahl <\/li>\n<li> Ein Produkt, zwei Funktionen: S\u00e4ule und Blockierung <\/li>\n<li> Kompatibel mit unserem Sicherungsseil \u00d8 11 mm <\/li>\n<li> F\u00fcr h\u00e4ufigen Gebrauch <\/li>\n<li> Verbindung an den Verankerungspunkten am Bauch und R\u00fccken des Gurtzeugs <\/li>\n<li> Sie l\u00e4uft mit der Bewegung des Anwenders mit und blockiert im Falle eines Sturzes <\/li>\n<li> *Entspricht der Norm EN 353-2 (Seil \u00d8 11 mm bis 12 mm) <\/li>\n<li> *Entspricht der Norm EN 358 (Seil \u00d8 12 mm bis 12,5 mm)<\/li>\n<\/ul>\n","protected":false},"excerpt":{"rendered":"<p>Diese Mitlauf-Auffangvorrichtung kann an beliebiger Stelle des Seils verwendet werden und unterst\u00fctzt vertikale Bewegungen. Im Falle eines Sturzes, Abrutschens oder nicht kontrollierten Abstiegs blockiert sie und erm\u00f6glicht im Ernstfall ein Abseilen entlang der gesamten Seill\u00e4nge (w\u00e4hrend auf Hilfe gewartet wird). Die Vorrichtung ist mit einem zuf\u00e4lligen Blockiersystem ausgestattet. Durch das manuelle \u00d6ffnen des Apparats kann der Anwender das Seil des Schlittens l\u00f6sen. Dieser \u00d6ffnungsmechanismus wird \u00fcber eine doppelte Verriegelung ge\u00f6ffnet und geschlossen. Das Seil kann sich aus folgenden Gr\u00fcnden nicht aus seinem Fach herausl\u00f6sen: sobald der Karabiner angebracht ist, verhindern der obere Hebel und die untere Nocke eine Entkopplung. Es ist Teil des Auffanggurtsystems.<\/p>\n","protected":false},"featured_media":12792,"template":"","meta":{"_acf_changed":false},"product_brand":[],"product_cat":[70120],"product_tag":[],"class_list":{"0":"post-17000","1":"product","2":"type-product","3":"status-publish","4":"has-post-thumbnail","6":"product_cat-equipements-de","7":"pa_abc_class-a-de","8":"pa_base_unit-ea-de","9":"pa_brand-unyc-de","10":"pa_e_com_product-no-de","11":"pa_edi_option-no-de","12":"pa_export_product-yes-de","13":"pa_g_range-13-de","14":"pa_lifespan-illimite-de","15":"pa_lock_code-000-de","16":"pa_pack_instructions_level_1-no-de","17":"pa_pack_instructions_level_2-no-de","18":"pa_pack_instructions_level_3-no-de","19":"pa_pack_type_level_1-sca-de","20":"pa_pack_type_level_2-ct-de","21":"pa_pack_type_level_3-pf-de","22":"pa_pic_family-097-de","23":"pa_product_origin-es-de","24":"pa_product_stored_at_manufactur-no-de-2","25":"pa_production_company-126-de","26":"pa_sales_company-126-de","27":"pa_sales_plan-c-de","28":"pa_sales_range-13-de","29":"pa_short_designation-antichute-bloqueur-coulissant-de","30":"pa_sigle-ce-de","31":"pa_standard-en_353_2-de","32":"pa_standard-en_358-de","33":"pa_use-highly_intensive-de","34":"pa_varied_weight-no-de","36":"first","37":"instock","38":"shipping-taxable","39":"purchasable","40":"product-type-simple"},"acf":[],"yoast_head":"<!-- This site is optimized with the Yoast SEO plugin v27.3 - https:\/\/yoast.com\/product\/yoast-seo-wordpress\/ -->\n<title>Mobile Mitlauf-Auffangvorrichtung - Instance master - Old Unyc<\/title>\n<meta name=\"robots\" content=\"noindex, follow, max-snippet:-1, max-image-preview:large, max-video-preview:-1\" \/>\n<meta property=\"og:locale\" content=\"de_DE\" \/>\n<meta property=\"og:type\" content=\"article\" \/>\n<meta property=\"og:title\" content=\"Mobile Mitlauf-Auffangvorrichtung - Instance master - Old Unyc\" \/>\n<meta property=\"og:description\" content=\"Diese Mitlauf-Auffangvorrichtung kann an beliebiger Stelle des Seils verwendet werden und unterst\u00fctzt vertikale Bewegungen. Im Falle eines Sturzes, Abrutschens oder nicht kontrollierten Abstiegs blockiert sie und erm\u00f6glicht im Ernstfall ein Abseilen entlang der gesamten Seill\u00e4nge (w\u00e4hrend auf Hilfe gewartet wird). Die Vorrichtung ist mit einem zuf\u00e4lligen Blockiersystem ausgestattet. Durch das manuelle \u00d6ffnen des Apparats kann der Anwender das Seil des Schlittens l\u00f6sen. Dieser \u00d6ffnungsmechanismus wird \u00fcber eine doppelte Verriegelung ge\u00f6ffnet und geschlossen. Das Seil kann sich aus folgenden Gr\u00fcnden nicht aus seinem Fach herausl\u00f6sen: sobald der Karabiner angebracht ist, verhindern der obere Hebel und die untere Nocke eine Entkopplung. Es ist Teil des Auffanggurtsystems.\" \/>\n<meta property=\"og:url\" content=\"https:\/\/master.myweb-fm.com\/de\/produkt\/mobile-mitlauf-auffangvorrichtung\/\" \/>\n<meta property=\"og:site_name\" content=\"Instance master - Old Unyc\" \/>\n<meta property=\"article:modified_time\" content=\"2023-11-27T17:03:04+00:00\" \/>\n<meta property=\"og:image\" content=\"https:\/\/master.myweb-fm.com\/wp-content\/uploads\/2023\/11\/2bf76ca61cd98ea6b42bddaa2a4aa2b377b5135b_126_09100201_main_view.png\" \/>\n\t<meta property=\"og:image:width\" content=\"1816\" \/>\n\t<meta property=\"og:image:height\" content=\"2160\" \/>\n\t<meta property=\"og:image:type\" content=\"image\/png\" \/>\n<meta name=\"twitter:card\" content=\"summary_large_image\" \/>\n<script type=\"application\/ld+json\" class=\"yoast-schema-graph\">{\"@context\":\"https:\\\/\\\/schema.org\",\"@graph\":[{\"@type\":\"WebPage\",\"@id\":\"https:\\\/\\\/master.myweb-fm.com\\\/de\\\/produkt\\\/mobile-mitlauf-auffangvorrichtung\\\/\",\"url\":\"https:\\\/\\\/master.myweb-fm.com\\\/de\\\/produkt\\\/mobile-mitlauf-auffangvorrichtung\\\/\",\"name\":\"Mobile Mitlauf-Auffangvorrichtung - Instance master - Old Unyc\",\"isPartOf\":{\"@id\":\"https:\\\/\\\/master.myweb-fm.com\\\/de\\\/#website\"},\"primaryImageOfPage\":{\"@id\":\"https:\\\/\\\/master.myweb-fm.com\\\/de\\\/produkt\\\/mobile-mitlauf-auffangvorrichtung\\\/#primaryimage\"},\"image\":{\"@id\":\"https:\\\/\\\/master.myweb-fm.com\\\/de\\\/produkt\\\/mobile-mitlauf-auffangvorrichtung\\\/#primaryimage\"},\"thumbnailUrl\":\"https:\\\/\\\/master.myweb-fm.com\\\/wp-content\\\/uploads\\\/2023\\\/11\\\/2bf76ca61cd98ea6b42bddaa2a4aa2b377b5135b_126_09100201_main_view.png\",\"datePublished\":\"2023-11-20T20:23:38+00:00\",\"dateModified\":\"2023-11-27T17:03:04+00:00\",\"breadcrumb\":{\"@id\":\"https:\\\/\\\/master.myweb-fm.com\\\/de\\\/produkt\\\/mobile-mitlauf-auffangvorrichtung\\\/#breadcrumb\"},\"inLanguage\":\"de\",\"potentialAction\":[{\"@type\":\"ReadAction\",\"target\":[\"https:\\\/\\\/master.myweb-fm.com\\\/de\\\/produkt\\\/mobile-mitlauf-auffangvorrichtung\\\/\"]}]},{\"@type\":\"ImageObject\",\"inLanguage\":\"de\",\"@id\":\"https:\\\/\\\/master.myweb-fm.com\\\/de\\\/produkt\\\/mobile-mitlauf-auffangvorrichtung\\\/#primaryimage\",\"url\":\"https:\\\/\\\/master.myweb-fm.com\\\/wp-content\\\/uploads\\\/2023\\\/11\\\/2bf76ca61cd98ea6b42bddaa2a4aa2b377b5135b_126_09100201_main_view.png\",\"contentUrl\":\"https:\\\/\\\/master.myweb-fm.com\\\/wp-content\\\/uploads\\\/2023\\\/11\\\/2bf76ca61cd98ea6b42bddaa2a4aa2b377b5135b_126_09100201_main_view.png\",\"width\":1816,\"height\":2160},{\"@type\":\"BreadcrumbList\",\"@id\":\"https:\\\/\\\/master.myweb-fm.com\\\/de\\\/produkt\\\/mobile-mitlauf-auffangvorrichtung\\\/#breadcrumb\",\"itemListElement\":[{\"@type\":\"ListItem\",\"position\":1,\"name\":\"Catalogue\",\"item\":\"https:\\\/\\\/master.myweb-fm.com\\\/fr\\\/catalogue\\\/\"},{\"@type\":\"ListItem\",\"position\":2,\"name\":\"Mobile Mitlauf-Auffangvorrichtung\"}]},{\"@type\":\"WebSite\",\"@id\":\"https:\\\/\\\/master.myweb-fm.com\\\/de\\\/#website\",\"url\":\"https:\\\/\\\/master.myweb-fm.com\\\/de\\\/\",\"name\":\"Instance master - Old Unyc\",\"description\":\"Fr\u00e9n\u00e9hard &amp; Michaux\",\"potentialAction\":[{\"@type\":\"SearchAction\",\"target\":{\"@type\":\"EntryPoint\",\"urlTemplate\":\"https:\\\/\\\/master.myweb-fm.com\\\/de\\\/?s={search_term_string}\"},\"query-input\":{\"@type\":\"PropertyValueSpecification\",\"valueRequired\":true,\"valueName\":\"search_term_string\"}}],\"inLanguage\":\"de\"}]}<\/script>\n<!-- \/ Yoast SEO plugin. -->","yoast_head_json":{"title":"Mobile Mitlauf-Auffangvorrichtung - Instance master - Old Unyc","robots":{"index":"noindex","follow":"follow","max-snippet":"max-snippet:-1","max-image-preview":"max-image-preview:large","max-video-preview":"max-video-preview:-1"},"og_locale":"de_DE","og_type":"article","og_title":"Mobile Mitlauf-Auffangvorrichtung - Instance master - Old Unyc","og_description":"Diese Mitlauf-Auffangvorrichtung kann an beliebiger Stelle des Seils verwendet werden und unterst\u00fctzt vertikale Bewegungen. Im Falle eines Sturzes, Abrutschens oder nicht kontrollierten Abstiegs blockiert sie und erm\u00f6glicht im Ernstfall ein Abseilen entlang der gesamten Seill\u00e4nge (w\u00e4hrend auf Hilfe gewartet wird). Die Vorrichtung ist mit einem zuf\u00e4lligen Blockiersystem ausgestattet. Durch das manuelle \u00d6ffnen des Apparats kann der Anwender das Seil des Schlittens l\u00f6sen. Dieser \u00d6ffnungsmechanismus wird \u00fcber eine doppelte Verriegelung ge\u00f6ffnet und geschlossen. Das Seil kann sich aus folgenden Gr\u00fcnden nicht aus seinem Fach herausl\u00f6sen: sobald der Karabiner angebracht ist, verhindern der obere Hebel und die untere Nocke eine Entkopplung. Es ist Teil des Auffanggurtsystems.","og_url":"https:\/\/master.myweb-fm.com\/de\/produkt\/mobile-mitlauf-auffangvorrichtung\/","og_site_name":"Instance master - Old Unyc","article_modified_time":"2023-11-27T17:03:04+00:00","og_image":[{"width":1816,"height":2160,"url":"https:\/\/master.myweb-fm.com\/wp-content\/uploads\/2023\/11\/2bf76ca61cd98ea6b42bddaa2a4aa2b377b5135b_126_09100201_main_view.png","type":"image\/png"}],"twitter_card":"summary_large_image","schema":{"@context":"https:\/\/schema.org","@graph":[{"@type":"WebPage","@id":"https:\/\/master.myweb-fm.com\/de\/produkt\/mobile-mitlauf-auffangvorrichtung\/","url":"https:\/\/master.myweb-fm.com\/de\/produkt\/mobile-mitlauf-auffangvorrichtung\/","name":"Mobile Mitlauf-Auffangvorrichtung - Instance master - Old Unyc","isPartOf":{"@id":"https:\/\/master.myweb-fm.com\/de\/#website"},"primaryImageOfPage":{"@id":"https:\/\/master.myweb-fm.com\/de\/produkt\/mobile-mitlauf-auffangvorrichtung\/#primaryimage"},"image":{"@id":"https:\/\/master.myweb-fm.com\/de\/produkt\/mobile-mitlauf-auffangvorrichtung\/#primaryimage"},"thumbnailUrl":"https:\/\/master.myweb-fm.com\/wp-content\/uploads\/2023\/11\/2bf76ca61cd98ea6b42bddaa2a4aa2b377b5135b_126_09100201_main_view.png","datePublished":"2023-11-20T20:23:38+00:00","dateModified":"2023-11-27T17:03:04+00:00","breadcrumb":{"@id":"https:\/\/master.myweb-fm.com\/de\/produkt\/mobile-mitlauf-auffangvorrichtung\/#breadcrumb"},"inLanguage":"de","potentialAction":[{"@type":"ReadAction","target":["https:\/\/master.myweb-fm.com\/de\/produkt\/mobile-mitlauf-auffangvorrichtung\/"]}]},{"@type":"ImageObject","inLanguage":"de","@id":"https:\/\/master.myweb-fm.com\/de\/produkt\/mobile-mitlauf-auffangvorrichtung\/#primaryimage","url":"https:\/\/master.myweb-fm.com\/wp-content\/uploads\/2023\/11\/2bf76ca61cd98ea6b42bddaa2a4aa2b377b5135b_126_09100201_main_view.png","contentUrl":"https:\/\/master.myweb-fm.com\/wp-content\/uploads\/2023\/11\/2bf76ca61cd98ea6b42bddaa2a4aa2b377b5135b_126_09100201_main_view.png","width":1816,"height":2160},{"@type":"BreadcrumbList","@id":"https:\/\/master.myweb-fm.com\/de\/produkt\/mobile-mitlauf-auffangvorrichtung\/#breadcrumb","itemListElement":[{"@type":"ListItem","position":1,"name":"Catalogue","item":"https:\/\/master.myweb-fm.com\/fr\/catalogue\/"},{"@type":"ListItem","position":2,"name":"Mobile Mitlauf-Auffangvorrichtung"}]},{"@type":"WebSite","@id":"https:\/\/master.myweb-fm.com\/de\/#website","url":"https:\/\/master.myweb-fm.com\/de\/","name":"Instance master - Old Unyc","description":"Fr\u00e9n\u00e9hard &amp; Michaux","potentialAction":[{"@type":"SearchAction","target":{"@type":"EntryPoint","urlTemplate":"https:\/\/master.myweb-fm.com\/de\/?s={search_term_string}"},"query-input":{"@type":"PropertyValueSpecification","valueRequired":true,"valueName":"search_term_string"}}],"inLanguage":"de"}]}},"_links":{"self":[{"href":"https:\/\/master.myweb-fm.com\/de\/wp-json\/wp\/v2\/product\/17000","targetHints":{"allow":["GET"]}}],"collection":[{"href":"https:\/\/master.myweb-fm.com\/de\/wp-json\/wp\/v2\/product"}],"about":[{"href":"https:\/\/master.myweb-fm.com\/de\/wp-json\/wp\/v2\/types\/product"}],"wp:featuredmedia":[{"embeddable":true,"href":"https:\/\/master.myweb-fm.com\/de\/wp-json\/wp\/v2\/media\/12792"}],"wp:attachment":[{"href":"https:\/\/master.myweb-fm.com\/de\/wp-json\/wp\/v2\/media?parent=17000"}],"wp:term":[{"taxonomy":"product_brand","embeddable":true,"href":"https:\/\/master.myweb-fm.com\/de\/wp-json\/wp\/v2\/product_brand?post=17000"},{"taxonomy":"product_cat","embeddable":true,"href":"https:\/\/master.myweb-fm.com\/de\/wp-json\/wp\/v2\/product_cat?post=17000"},{"taxonomy":"product_tag","embeddable":true,"href":"https:\/\/master.myweb-fm.com\/de\/wp-json\/wp\/v2\/product_tag?post=17000"}],"curies":[{"name":"wp","href":"https:\/\/api.w.org\/{rel}","templated":true}]}}