{"id":16986,"date":"2023-11-20T21:11:11","date_gmt":"2023-11-20T20:11:11","guid":{"rendered":"https:\/\/master.myweb-fm.com\/unkategorisiert\/126-09100115\/"},"modified":"2023-11-27T17:40:07","modified_gmt":"2023-11-27T16:40:07","slug":"prasentationsburste-der-unyc-auffanggurte","status":"publish","type":"product","link":"https:\/\/master.myweb-fm.com\/de\/produkt\/prasentationsburste-der-unyc-auffanggurte\/","title":{"rendered":"Pr\u00e4sentationsb\u00fcrste der UNYC-Auffanggurte"},"content":{"rendered":"<ul>\n<li>Pr\u00e4sentationsb\u00fcste aus wei\u00dfem PVC zur Pr\u00e4sentation von Geschirren aus dem UNYC-Sortiment.<\/li>\n<\/ul>\n","protected":false},"excerpt":{"rendered":"<p>Pr\u00e4sentationsb\u00fcste aus wei\u00dfem PVC f\u00fcr die Pr\u00e4sentation der Auffanggurte der Marke UNYC.<\/p>\n","protected":false},"featured_media":12773,"template":"","meta":{"_acf_changed":false},"product_brand":[],"product_cat":[70120],"product_tag":[],"class_list":{"0":"post-16986","1":"product","2":"type-product","3":"status-publish","4":"has-post-thumbnail","6":"product_cat-equipements-de","7":"pa_abc_class-s-de","8":"pa_base_unit-ea-de","9":"pa_brand-unyc-de","10":"pa_e_com_product-no-de","11":"pa_edi_option-no-de","12":"pa_export_product-yes-de","13":"pa_g_range-13-de","14":"pa_lock_code-000-de","15":"pa_material-pvc-de","16":"pa_pack_instructions_level_1-no-de","17":"pa_pack_instructions_level_2-no-de","18":"pa_pack_instructions_level_3-no-de","19":"pa_pack_type_level_1-sa-de","20":"pa_pic_family-097-de","21":"pa_product_origin-ch-de","22":"pa_product_stored_at_manufactur-no-de-2","23":"pa_production_company-126-de","24":"pa_sales_company-126-de","25":"pa_sales_plan-c-de","26":"pa_sales_range-13-de","27":"pa_short_designation-buste-presentation-pvc-blanc-de","28":"pa_use-intensive-de","29":"pa_varied_weight-no-de","31":"first","32":"instock","33":"shipping-taxable","34":"purchasable","35":"product-type-simple"},"acf":[],"yoast_head":"<!-- This site is optimized with the Yoast SEO plugin v27.3 - https:\/\/yoast.com\/product\/yoast-seo-wordpress\/ -->\n<title>Pr\u00e4sentationsb\u00fcrste der UNYC-Auffanggurte - Instance master - Old Unyc<\/title>\n<meta name=\"robots\" content=\"noindex, follow, max-snippet:-1, max-image-preview:large, max-video-preview:-1\" \/>\n<meta property=\"og:locale\" content=\"de_DE\" \/>\n<meta property=\"og:type\" content=\"article\" \/>\n<meta property=\"og:title\" content=\"Pr\u00e4sentationsb\u00fcrste der UNYC-Auffanggurte - Instance master - Old Unyc\" \/>\n<meta property=\"og:description\" content=\"Pr\u00e4sentationsb\u00fcste aus wei\u00dfem PVC f\u00fcr die Pr\u00e4sentation der Auffanggurte der Marke UNYC.\" \/>\n<meta property=\"og:url\" content=\"https:\/\/master.myweb-fm.com\/de\/produkt\/prasentationsburste-der-unyc-auffanggurte\/\" \/>\n<meta property=\"og:site_name\" content=\"Instance master - Old Unyc\" \/>\n<meta property=\"article:modified_time\" content=\"2023-11-27T16:40:07+00:00\" \/>\n<meta property=\"og:image\" content=\"https:\/\/master.myweb-fm.com\/wp-content\/uploads\/2023\/11\/fc8a34d5d826c4ad94d7a2fe396cab2286e54ba5_126_09100115_main_view.png\" \/>\n\t<meta property=\"og:image:width\" content=\"768\" \/>\n\t<meta property=\"og:image:height\" content=\"1024\" \/>\n\t<meta property=\"og:image:type\" content=\"image\/png\" \/>\n<meta name=\"twitter:card\" content=\"summary_large_image\" \/>\n<script type=\"application\/ld+json\" class=\"yoast-schema-graph\">{\"@context\":\"https:\\\/\\\/schema.org\",\"@graph\":[{\"@type\":\"WebPage\",\"@id\":\"https:\\\/\\\/master.myweb-fm.com\\\/de\\\/produkt\\\/prasentationsburste-der-unyc-auffanggurte\\\/\",\"url\":\"https:\\\/\\\/master.myweb-fm.com\\\/de\\\/produkt\\\/prasentationsburste-der-unyc-auffanggurte\\\/\",\"name\":\"Pr\u00e4sentationsb\u00fcrste der UNYC-Auffanggurte - Instance master - Old Unyc\",\"isPartOf\":{\"@id\":\"https:\\\/\\\/master.myweb-fm.com\\\/de\\\/#website\"},\"primaryImageOfPage\":{\"@id\":\"https:\\\/\\\/master.myweb-fm.com\\\/de\\\/produkt\\\/prasentationsburste-der-unyc-auffanggurte\\\/#primaryimage\"},\"image\":{\"@id\":\"https:\\\/\\\/master.myweb-fm.com\\\/de\\\/produkt\\\/prasentationsburste-der-unyc-auffanggurte\\\/#primaryimage\"},\"thumbnailUrl\":\"https:\\\/\\\/master.myweb-fm.com\\\/wp-content\\\/uploads\\\/2023\\\/11\\\/fc8a34d5d826c4ad94d7a2fe396cab2286e54ba5_126_09100115_main_view.png\",\"datePublished\":\"2023-11-20T20:11:11+00:00\",\"dateModified\":\"2023-11-27T16:40:07+00:00\",\"breadcrumb\":{\"@id\":\"https:\\\/\\\/master.myweb-fm.com\\\/de\\\/produkt\\\/prasentationsburste-der-unyc-auffanggurte\\\/#breadcrumb\"},\"inLanguage\":\"de\",\"potentialAction\":[{\"@type\":\"ReadAction\",\"target\":[\"https:\\\/\\\/master.myweb-fm.com\\\/de\\\/produkt\\\/prasentationsburste-der-unyc-auffanggurte\\\/\"]}]},{\"@type\":\"ImageObject\",\"inLanguage\":\"de\",\"@id\":\"https:\\\/\\\/master.myweb-fm.com\\\/de\\\/produkt\\\/prasentationsburste-der-unyc-auffanggurte\\\/#primaryimage\",\"url\":\"https:\\\/\\\/master.myweb-fm.com\\\/wp-content\\\/uploads\\\/2023\\\/11\\\/fc8a34d5d826c4ad94d7a2fe396cab2286e54ba5_126_09100115_main_view.png\",\"contentUrl\":\"https:\\\/\\\/master.myweb-fm.com\\\/wp-content\\\/uploads\\\/2023\\\/11\\\/fc8a34d5d826c4ad94d7a2fe396cab2286e54ba5_126_09100115_main_view.png\",\"width\":6000,\"height\":8000},{\"@type\":\"BreadcrumbList\",\"@id\":\"https:\\\/\\\/master.myweb-fm.com\\\/de\\\/produkt\\\/prasentationsburste-der-unyc-auffanggurte\\\/#breadcrumb\",\"itemListElement\":[{\"@type\":\"ListItem\",\"position\":1,\"name\":\"Catalogue\",\"item\":\"https:\\\/\\\/master.myweb-fm.com\\\/fr\\\/catalogue\\\/\"},{\"@type\":\"ListItem\",\"position\":2,\"name\":\"Pr\u00e4sentationsb\u00fcrste der UNYC-Auffanggurte\"}]},{\"@type\":\"WebSite\",\"@id\":\"https:\\\/\\\/master.myweb-fm.com\\\/de\\\/#website\",\"url\":\"https:\\\/\\\/master.myweb-fm.com\\\/de\\\/\",\"name\":\"Instance master - Old Unyc\",\"description\":\"Fr\u00e9n\u00e9hard &amp; Michaux\",\"potentialAction\":[{\"@type\":\"SearchAction\",\"target\":{\"@type\":\"EntryPoint\",\"urlTemplate\":\"https:\\\/\\\/master.myweb-fm.com\\\/de\\\/?s={search_term_string}\"},\"query-input\":{\"@type\":\"PropertyValueSpecification\",\"valueRequired\":true,\"valueName\":\"search_term_string\"}}],\"inLanguage\":\"de\"}]}<\/script>\n<!-- \/ Yoast SEO plugin. -->","yoast_head_json":{"title":"Pr\u00e4sentationsb\u00fcrste der UNYC-Auffanggurte - Instance master - Old Unyc","robots":{"index":"noindex","follow":"follow","max-snippet":"max-snippet:-1","max-image-preview":"max-image-preview:large","max-video-preview":"max-video-preview:-1"},"og_locale":"de_DE","og_type":"article","og_title":"Pr\u00e4sentationsb\u00fcrste der UNYC-Auffanggurte - Instance master - Old Unyc","og_description":"Pr\u00e4sentationsb\u00fcste aus wei\u00dfem PVC f\u00fcr die Pr\u00e4sentation der Auffanggurte der Marke UNYC.","og_url":"https:\/\/master.myweb-fm.com\/de\/produkt\/prasentationsburste-der-unyc-auffanggurte\/","og_site_name":"Instance master - Old Unyc","article_modified_time":"2023-11-27T16:40:07+00:00","og_image":[{"url":"https:\/\/master.myweb-fm.com\/wp-content\/uploads\/2023\/11\/fc8a34d5d826c4ad94d7a2fe396cab2286e54ba5_126_09100115_main_view.png","width":768,"height":1024,"type":"image\/png"}],"twitter_card":"summary_large_image","schema":{"@context":"https:\/\/schema.org","@graph":[{"@type":"WebPage","@id":"https:\/\/master.myweb-fm.com\/de\/produkt\/prasentationsburste-der-unyc-auffanggurte\/","url":"https:\/\/master.myweb-fm.com\/de\/produkt\/prasentationsburste-der-unyc-auffanggurte\/","name":"Pr\u00e4sentationsb\u00fcrste der UNYC-Auffanggurte - Instance master - Old Unyc","isPartOf":{"@id":"https:\/\/master.myweb-fm.com\/de\/#website"},"primaryImageOfPage":{"@id":"https:\/\/master.myweb-fm.com\/de\/produkt\/prasentationsburste-der-unyc-auffanggurte\/#primaryimage"},"image":{"@id":"https:\/\/master.myweb-fm.com\/de\/produkt\/prasentationsburste-der-unyc-auffanggurte\/#primaryimage"},"thumbnailUrl":"https:\/\/master.myweb-fm.com\/wp-content\/uploads\/2023\/11\/fc8a34d5d826c4ad94d7a2fe396cab2286e54ba5_126_09100115_main_view.png","datePublished":"2023-11-20T20:11:11+00:00","dateModified":"2023-11-27T16:40:07+00:00","breadcrumb":{"@id":"https:\/\/master.myweb-fm.com\/de\/produkt\/prasentationsburste-der-unyc-auffanggurte\/#breadcrumb"},"inLanguage":"de","potentialAction":[{"@type":"ReadAction","target":["https:\/\/master.myweb-fm.com\/de\/produkt\/prasentationsburste-der-unyc-auffanggurte\/"]}]},{"@type":"ImageObject","inLanguage":"de","@id":"https:\/\/master.myweb-fm.com\/de\/produkt\/prasentationsburste-der-unyc-auffanggurte\/#primaryimage","url":"https:\/\/master.myweb-fm.com\/wp-content\/uploads\/2023\/11\/fc8a34d5d826c4ad94d7a2fe396cab2286e54ba5_126_09100115_main_view.png","contentUrl":"https:\/\/master.myweb-fm.com\/wp-content\/uploads\/2023\/11\/fc8a34d5d826c4ad94d7a2fe396cab2286e54ba5_126_09100115_main_view.png","width":6000,"height":8000},{"@type":"BreadcrumbList","@id":"https:\/\/master.myweb-fm.com\/de\/produkt\/prasentationsburste-der-unyc-auffanggurte\/#breadcrumb","itemListElement":[{"@type":"ListItem","position":1,"name":"Catalogue","item":"https:\/\/master.myweb-fm.com\/fr\/catalogue\/"},{"@type":"ListItem","position":2,"name":"Pr\u00e4sentationsb\u00fcrste der UNYC-Auffanggurte"}]},{"@type":"WebSite","@id":"https:\/\/master.myweb-fm.com\/de\/#website","url":"https:\/\/master.myweb-fm.com\/de\/","name":"Instance master - Old Unyc","description":"Fr\u00e9n\u00e9hard &amp; Michaux","potentialAction":[{"@type":"SearchAction","target":{"@type":"EntryPoint","urlTemplate":"https:\/\/master.myweb-fm.com\/de\/?s={search_term_string}"},"query-input":{"@type":"PropertyValueSpecification","valueRequired":true,"valueName":"search_term_string"}}],"inLanguage":"de"}]}},"_links":{"self":[{"href":"https:\/\/master.myweb-fm.com\/de\/wp-json\/wp\/v2\/product\/16986","targetHints":{"allow":["GET"]}}],"collection":[{"href":"https:\/\/master.myweb-fm.com\/de\/wp-json\/wp\/v2\/product"}],"about":[{"href":"https:\/\/master.myweb-fm.com\/de\/wp-json\/wp\/v2\/types\/product"}],"wp:featuredmedia":[{"embeddable":true,"href":"https:\/\/master.myweb-fm.com\/de\/wp-json\/wp\/v2\/media\/12773"}],"wp:attachment":[{"href":"https:\/\/master.myweb-fm.com\/de\/wp-json\/wp\/v2\/media?parent=16986"}],"wp:term":[{"taxonomy":"product_brand","embeddable":true,"href":"https:\/\/master.myweb-fm.com\/de\/wp-json\/wp\/v2\/product_brand?post=16986"},{"taxonomy":"product_cat","embeddable":true,"href":"https:\/\/master.myweb-fm.com\/de\/wp-json\/wp\/v2\/product_cat?post=16986"},{"taxonomy":"product_tag","embeddable":true,"href":"https:\/\/master.myweb-fm.com\/de\/wp-json\/wp\/v2\/product_tag?post=16986"}],"curies":[{"name":"wp","href":"https:\/\/api.w.org\/{rel}","templated":true}]}}