{"id":439,"date":"2022-07-07T07:36:50","date_gmt":"2022-07-07T07:36:50","guid":{"rendered":"https:\/\/master.myweb-fm.com\/willkommen\/"},"modified":"2023-08-22T10:02:25","modified_gmt":"2023-08-22T08:02:25","slug":"willkommen","status":"publish","type":"page","link":"https:\/\/master.myweb-fm.com\/de\/","title":{"rendered":"Willkommen"},"content":{"rendered":"<div class=\"n2_clear\"><ss3-force-full-width data-overflow-x=\"body\" data-horizontal-selector=\"body\"><div class=\"n2-section-smartslider fitvidsignore mycms-sliders n2_clear\" data-ssid=\"6\"><div id=\"n2-ss-6-align\" class=\"n2-ss-align\"><div class=\"n2-padding\"><div id=\"n2-ss-6\" data-creator=\"Smart Slider 3\" data-responsive=\"fullwidth\" class=\"n2-ss-slider n2-ow n2-has-hover n2notransition  \">\n        <div class=\"n2-ss-slider-1 n2_ss__touch_element n2-ow\">\n            <div class=\"n2-ss-slider-2 n2-ow\">\n                                                <div class=\"n2-ss-slider-3 n2-ow\">\n\n                    <div class=\"n2-ss-slide-backgrounds n2-ow-all\"><div class=\"n2-ss-slide-background\" data-public-id=\"1\" data-mode=\"fill\"><div data-color=\"RGBA(255,255,255,0)\" style=\"background-color: RGBA(255,255,255,0);\" class=\"n2-ss-slide-background-color\"><\/div><\/div><\/div>                    <div class=\"n2-ss-slider-4 n2-ow\">\n                        <svg xmlns=\"http:\/\/www.w3.org\/2000\/svg\" viewBox=\"0 0 1440 540\" data-related-device=\"desktopPortrait\" class=\"n2-ow n2-ss-preserve-size n2-ss-preserve-size--slider n2-ss-slide-limiter\"><\/svg><div data-first=\"1\" data-slide-duration=\"0\" data-id=\"11\" data-slide-public-id=\"1\" data-title=\"Nos produits Unycs\" data-haslink=\"1\" data-href=\"https:\/\/master.myweb-fm.com\/de\/katalog\/\" tabindex=\"0\" role=\"button\" data-n2click=\"url\" data-force-pointer=\"\" class=\"n2-ss-slide n2-ow  n2-ss-slide-11\"><div role=\"note\" class=\"n2-ss-slide--focus\">Nos produits Unycs<\/div><div class=\"n2-ss-layers-container n2-ss-slide-limiter n2-ow\"><div class=\"n2-ss-layer n2-ow n-uc-3TY3Ze9q0n5y\" data-sstype=\"slide\" data-pm=\"default\"><div class=\"n2-ss-layer n2-ow n-uc-8S1aYFwdltb4\" data-pm=\"default\" data-sstype=\"content\" data-hasbackground=\"0\"><div class=\"n2-ss-section-main-content n2-ss-layer-with-background n2-ss-layer-content n2-ow n-uc-8S1aYFwdltb4-inner\"><div class=\"n2-ss-layer n2-ow n2-ss-layer--block n2-ss-has-self-align n2-ss-stretch-layer n-uc-s3veC1DjIIuV\" data-pm=\"normal\" data-sstype=\"row\"><div class=\"n2-ss-layer-row n2-ss-layer-with-background n-uc-s3veC1DjIIuV-inner\"><div class=\"n2-ss-layer-row-inner \"><div class=\"n2-ss-layer n2-ow n-uc-OEOtZhbvYlX7\" data-pm=\"default\" data-sstype=\"col\"><div class=\"n2-ss-layer-col n2-ss-layer-with-background n2-ss-layer-content n-uc-OEOtZhbvYlX7-inner\"><div class=\"n2-ss-layer n2-ow mycms-slider--title n-uc-2cCLUcBQRpfO\" data-pm=\"normal\" data-sstype=\"layer\"><div id=\"n2-ss-6item1\" class=\"n2-font-d18124044625dd535a63ff1e1665240e-hover n2-style-4f274738fd7d6b5aabc7d389914f79a2-heading   n2-ss-item-content n2-ss-text n2-ow\" style=\"display:block;\">UNYC \u2013 UNSERE PRODUKTE<\/div><\/div><div class=\"n2-ss-layer n2-ow mycms-slider--desscription n-uc-MYB587yCvLIb\" data-pm=\"normal\" data-sstype=\"layer\"><div class=\"n2-ss-item-content n2-ss-text n2-ow-all\"><div class=\"\"><p class=\"n2-font-0b2dbb5cbcc153b9663e67f4f7b4941d-paragraph  n2-style-f8293b450b12ef15d5c4ff97a617a3e3-heading  \">Wir bieten ein breites Sortiment an PSA, die f\u00fcr die Anforderungen des Hoch- und Tiefbaus und der Industrie perfekt zugeschnitten sind.<\/p>\n<\/div><\/div><\/div><div class=\"n2-ss-layer n2-ow btn btn--primary n-uc-lEuEwd3u59ED n2-ss-layer--auto\" data-pm=\"normal\" data-sstype=\"layer\"><div class=\"n2-ss-button-container n2-ss-item-content n2-ow n2-font-8ada01441688a7357f98d94561a81903-link  n2-ss-nowrap n2-ss-button-container--non-full-width\"><a class=\"n2-style-129c8ab2bc4c7989cc239bda1fafde23-heading  n2-ow \" href=\"https:\/\/master.myweb-fm.com\/de\/katalog\/\"><div><div>ALLE PRODUKTE<\/div><\/div><\/a><\/div><\/div><\/div><\/div><div class=\"n2-ss-layer n2-ow n-uc-1gkBVmprzxj3\" data-pm=\"default\" data-sstype=\"col\"><div class=\"n2-ss-layer-col n2-ss-layer-with-background n2-ss-layer-content n-uc-1gkBVmprzxj3-inner\"><\/div><\/div><\/div><\/div><\/div><\/div><\/div><\/div><\/div><\/div>                    <\/div>\n\n                                    <\/div>\n            <\/div>\n        <\/div>\n        <\/div><ss3-loader><\/ss3-loader><\/div><\/div><div class=\"n2_clear\"><\/div><\/div><\/ss3-force-full-width><\/div>\n\n\n<div class=\"wp-block-columns mycms-content-wrapper-mycms-columns-wrapper-mycms-grid-row--mycms-grid-row--centered is-layout-flex wp-container-core-columns-is-layout-9d6595d7 wp-block-columns-is-layout-flex\">\n<div class=\"wp-block-column mycms-mediatextlink mycms-grid-column-lg-6 mycms-grid-column-md-6 mycms-grid-column-sm-2 is-layout-flow wp-block-column-is-layout-flow\">    <div class=\"mycms-mediatextlink \">\n\n        <div class=\"mycms-mediatextlink--container mediatextlink\">\n                            <div class=\"mycms-mediatextlink--media\">\n            <img loading=\"lazy\" decoding=\"async\" width=\"540\" height=\"300\" src=\"https:\/\/master.myweb-fm.com\/wp-content\/uploads\/2022\/07\/IMG_enregister.jpg\" class=\"attachment-full size-full\" alt=\"\" srcset=\"https:\/\/master.myweb-fm.com\/wp-content\/uploads\/2022\/07\/IMG_enregister.jpg 540w, https:\/\/master.myweb-fm.com\/wp-content\/uploads\/2022\/07\/IMG_enregister-300x167.jpg 300w, https:\/\/master.myweb-fm.com\/wp-content\/uploads\/2022\/07\/IMG_enregister-375x208.jpg 375w\" sizes=\"auto, (max-width: 540px) 100vw, 540px\" \/>                        <div class=\"mycms-mediatextlink--description mycms-mediatextlink--description--center\">\n                    <h2 class=\"mycms-txt--h2 mycms-txt--color-yale\">Psa zur absturzsicherung:<\/h2><h3 class=\"mycms-txt--h3 mycms-txt--color-onyx\">Welches Produkt ist das richtige?<\/h3><div class=\"mycms-txt mycms-txt--color-onyx-light\">Die Experten von UNYC betreuen Sie bei der Auswahl Ihrer PSA. Lassen Sie sich von einem unserer Sachverst\u00e4ndigen beraten.<\/div><a class=\"mycms-link mycms-link--more\" href=\"https:\/\/master.myweb-fm.com\/de\/persoenliche-absturzschutzausruestung-welches-produkt-ist-das-richtige\/\" title=\"Mehr Informationen\" >Mehr Informationen<\/a>                        <\/div>\n                    \n                    <\/div>\n                        <\/div>\n\n    <\/div>\n<\/div>\n\n\n\n<div class=\"wp-block-column mycms-mediatextlink mycms-grid-column-lg-6 mycms-grid-column-md-6 mycms-grid-column-sm-2 is-layout-flow wp-block-column-is-layout-flow\">    <div class=\"mycms-mediatextlink \">\n\n        <div class=\"mycms-mediatextlink--container mediatextlink\">\n                            <div class=\"mycms-mediatextlink--media\">\n            <img loading=\"lazy\" decoding=\"async\" width=\"540\" height=\"300\" src=\"https:\/\/master.myweb-fm.com\/wp-content\/uploads\/2023\/08\/Image_banner_edito@2x-1110x400-1.jpg\" class=\"attachment-full size-full\" alt=\"\" srcset=\"https:\/\/master.myweb-fm.com\/wp-content\/uploads\/2023\/08\/Image_banner_edito@2x-1110x400-1.jpg 540w, https:\/\/master.myweb-fm.com\/wp-content\/uploads\/2023\/08\/Image_banner_edito@2x-1110x400-1-300x167.jpg 300w, https:\/\/master.myweb-fm.com\/wp-content\/uploads\/2023\/08\/Image_banner_edito@2x-1110x400-1-375x208.jpg 375w\" sizes=\"auto, (max-width: 540px) 100vw, 540px\" \/>                        <div class=\"mycms-mediatextlink--description mycms-mediatextlink--description--center\">\n                    <h2 class=\"mycms-txt--h2 mycms-txt--color-yale\">Sie ben\u00f6tigen Hilfe?<\/h2><h3 class=\"mycms-txt--h3 mycms-txt--color-onyx\">Unsere Teams stehen Ihnen gerne zur Verf\u00fcgung.<\/h3><div class=\"mycms-txt mycms-txt--color-onyx-light\">Sie m\u00f6chten uns helfen, Ihre Erwartungen noch besser zu erf\u00fcllen? Dann z\u00f6gern Sie nicht, uns durch Ausf\u00fcllen des nachstehenden Formulars zu kontaktieren.<\/div><a class=\"mycms-link mycms-link--more\" href=\"https:\/\/master.myweb-fm.com\/de\/kontakt\/\" title=\"Kontaktieren Sie uns\" >Kontaktieren Sie uns<\/a>                        <\/div>\n                    \n                    <\/div>\n                        <\/div>\n\n    <\/div>\n<\/div>\n<\/div>\n\n\n\n<div style=\"height:22px\" aria-hidden=\"true\" class=\"wp-block-spacer\"><\/div>\n\n\n\n<div class=\"wp-block-columns space-bottom-0 is-layout-flex wp-container-core-columns-is-layout-9d6595d7 wp-block-columns-is-layout-flex\">\n<div class=\"wp-block-column is-layout-flow wp-block-column-is-layout-flow\">\n<figure class=\"wp-block-image is-style-mycms-bg-orange mycms-img-bg size-large \"><img loading=\"lazy\" decoding=\"async\" width=\"1024\" height=\"910\" src=\"https:\/\/master.myweb-fm.com\/wp-content\/uploads\/2022\/07\/IMG_a_propos@2x-1024x910.jpg\" alt=\"\" class=\"wp-image-336\" srcset=\"https:\/\/master.myweb-fm.com\/wp-content\/uploads\/2022\/07\/IMG_a_propos@2x-1024x910.jpg 1024w, https:\/\/master.myweb-fm.com\/wp-content\/uploads\/2022\/07\/IMG_a_propos@2x-600x533.jpg 600w, https:\/\/master.myweb-fm.com\/wp-content\/uploads\/2022\/07\/IMG_a_propos@2x-300x267.jpg 300w, https:\/\/master.myweb-fm.com\/wp-content\/uploads\/2022\/07\/IMG_a_propos@2x-768x683.jpg 768w, https:\/\/master.myweb-fm.com\/wp-content\/uploads\/2022\/07\/IMG_a_propos@2x-540x480.jpg 540w, https:\/\/master.myweb-fm.com\/wp-content\/uploads\/2022\/07\/IMG_a_propos@2x-345x307.jpg 345w, https:\/\/master.myweb-fm.com\/wp-content\/uploads\/2022\/07\/IMG_a_propos@2x.jpg 1080w\" sizes=\"auto, (max-width: 1024px) 100vw, 1024px\" \/><\/figure>\n<\/div>\n\n\n\n<div class=\"wp-block-column is-layout-flow wp-block-column-is-layout-flow\">\n<h2 class=\"wp-block-heading mycms-txt--h2 mycms-txt--color-yale\" id=\"a-propos-d-unyc\">\u00dcber UNYC<\/h2>\n\n\n\n<p>UNYC ist eine Marke mit einem breiten Produktsortiment im Bereich Absturzsicherung f\u00fcr den Einsatz im Baugewerbe und in der Industrie, wie z. B. Gurte, Verankerungen, Verbindungsmittel, Helme, Seile, Manntaue, Auffangger\u00e4te, Karabinerhaken oder Taschen.<\/p>\n\n\n\n<p>Die Vermeidung von St\u00fcrzen aus der H\u00f6he und die Absicherung der Benutzer ist unser oberstes Anliegen. Deshalb setzen wir alles daran, Ihren Bed\u00fcrfnissen mit gepr\u00fcften und zertifizierten Produkten gerecht zu werden.<\/p>\n<\/div>\n<\/div>\n\n\n","protected":false},"excerpt":{"rendered":"<p>\u00dcber UNYC UNYC ist eine Marke mit einem breiten Produktsortiment im Bereich Absturzsicherung f\u00fcr den Einsatz im Baugewerbe und in der Industrie, wie z. B. Gurte, Verankerungen, Verbindungsmittel, Helme, Seile, Manntaue, Auffangger\u00e4te, Karabinerhaken oder Taschen. Die Vermeidung von St\u00fcrzen aus der H\u00f6he und die Absicherung der Benutzer ist unser oberstes Anliegen. Deshalb setzen wir alles [&hellip;]<\/p>\n","protected":false},"author":1,"featured_media":0,"parent":0,"menu_order":0,"comment_status":"closed","ping_status":"closed","template":"","meta":{"_acf_changed":false,"footnotes":""},"class_list":["post-439","page","type-page","status-publish","hentry"],"acf":[],"yoast_head":"<!-- This site is optimized with the Yoast SEO plugin v27.3 - https:\/\/yoast.com\/product\/yoast-seo-wordpress\/ -->\n<title>Willkommen - Instance master - Old Unyc<\/title>\n<meta name=\"robots\" content=\"noindex, follow, max-snippet:-1, max-image-preview:large, max-video-preview:-1\" \/>\n<meta property=\"og:locale\" content=\"de_DE\" \/>\n<meta property=\"og:type\" content=\"article\" \/>\n<meta property=\"og:title\" content=\"Willkommen - Instance master - Old Unyc\" \/>\n<meta property=\"og:description\" content=\"\u00dcber UNYC UNYC ist eine Marke mit einem breiten Produktsortiment im Bereich Absturzsicherung f\u00fcr den Einsatz im Baugewerbe und in der Industrie, wie z. B. Gurte, Verankerungen, Verbindungsmittel, Helme, Seile, Manntaue, Auffangger\u00e4te, Karabinerhaken oder Taschen. Die Vermeidung von St\u00fcrzen aus der H\u00f6he und die Absicherung der Benutzer ist unser oberstes Anliegen. Deshalb setzen wir alles [&hellip;]\" \/>\n<meta property=\"og:url\" content=\"https:\/\/master.myweb-fm.com\/de\/\" \/>\n<meta property=\"og:site_name\" content=\"Instance master - Old Unyc\" \/>\n<meta property=\"article:modified_time\" content=\"2023-08-22T08:02:25+00:00\" \/>\n<meta property=\"og:image\" content=\"https:\/\/master.myweb-fm.com\/wp-content\/uploads\/2022\/07\/IMG_a_propos@2x-1024x910.jpg\" \/>\n<meta name=\"twitter:card\" content=\"summary_large_image\" \/>\n<meta name=\"twitter:label1\" content=\"Gesch\u00e4tzte Lesezeit\" \/>\n\t<meta name=\"twitter:data1\" content=\"1\u00a0Minute\" \/>\n<script type=\"application\/ld+json\" class=\"yoast-schema-graph\">{\"@context\":\"https:\\\/\\\/schema.org\",\"@graph\":[{\"@type\":\"WebPage\",\"@id\":\"https:\\\/\\\/master.myweb-fm.com\\\/de\\\/\",\"url\":\"https:\\\/\\\/master.myweb-fm.com\\\/de\\\/\",\"name\":\"Willkommen - Instance master - Old Unyc\",\"isPartOf\":{\"@id\":\"https:\\\/\\\/master.myweb-fm.com\\\/de\\\/#website\"},\"primaryImageOfPage\":{\"@id\":\"https:\\\/\\\/master.myweb-fm.com\\\/de\\\/#primaryimage\"},\"image\":{\"@id\":\"https:\\\/\\\/master.myweb-fm.com\\\/de\\\/#primaryimage\"},\"thumbnailUrl\":\"https:\\\/\\\/master.myweb-fm.com\\\/wp-content\\\/uploads\\\/2022\\\/07\\\/IMG_a_propos@2x-1024x910.jpg\",\"datePublished\":\"2022-07-07T07:36:50+00:00\",\"dateModified\":\"2023-08-22T08:02:25+00:00\",\"inLanguage\":\"de\",\"potentialAction\":[{\"@type\":\"ReadAction\",\"target\":[\"https:\\\/\\\/master.myweb-fm.com\\\/de\\\/\"]}]},{\"@type\":\"ImageObject\",\"inLanguage\":\"de\",\"@id\":\"https:\\\/\\\/master.myweb-fm.com\\\/de\\\/#primaryimage\",\"url\":\"https:\\\/\\\/master.myweb-fm.com\\\/wp-content\\\/uploads\\\/2022\\\/07\\\/IMG_a_propos@2x-1024x910.jpg\",\"contentUrl\":\"https:\\\/\\\/master.myweb-fm.com\\\/wp-content\\\/uploads\\\/2022\\\/07\\\/IMG_a_propos@2x-1024x910.jpg\"},{\"@type\":\"WebSite\",\"@id\":\"https:\\\/\\\/master.myweb-fm.com\\\/de\\\/#website\",\"url\":\"https:\\\/\\\/master.myweb-fm.com\\\/de\\\/\",\"name\":\"Instance master - Old Unyc\",\"description\":\"Fr\u00e9n\u00e9hard &amp; Michaux\",\"potentialAction\":[{\"@type\":\"SearchAction\",\"target\":{\"@type\":\"EntryPoint\",\"urlTemplate\":\"https:\\\/\\\/master.myweb-fm.com\\\/de\\\/?s={search_term_string}\"},\"query-input\":{\"@type\":\"PropertyValueSpecification\",\"valueRequired\":true,\"valueName\":\"search_term_string\"}}],\"inLanguage\":\"de\"}]}<\/script>\n<!-- \/ Yoast SEO plugin. -->","yoast_head_json":{"title":"Willkommen - Instance master - Old Unyc","robots":{"index":"noindex","follow":"follow","max-snippet":"max-snippet:-1","max-image-preview":"max-image-preview:large","max-video-preview":"max-video-preview:-1"},"og_locale":"de_DE","og_type":"article","og_title":"Willkommen - Instance master - Old Unyc","og_description":"\u00dcber UNYC UNYC ist eine Marke mit einem breiten Produktsortiment im Bereich Absturzsicherung f\u00fcr den Einsatz im Baugewerbe und in der Industrie, wie z. B. Gurte, Verankerungen, Verbindungsmittel, Helme, Seile, Manntaue, Auffangger\u00e4te, Karabinerhaken oder Taschen. Die Vermeidung von St\u00fcrzen aus der H\u00f6he und die Absicherung der Benutzer ist unser oberstes Anliegen. Deshalb setzen wir alles [&hellip;]","og_url":"https:\/\/master.myweb-fm.com\/de\/","og_site_name":"Instance master - Old Unyc","article_modified_time":"2023-08-22T08:02:25+00:00","og_image":[{"url":"https:\/\/master.myweb-fm.com\/wp-content\/uploads\/2022\/07\/IMG_a_propos@2x-1024x910.jpg","type":"","width":"","height":""}],"twitter_card":"summary_large_image","twitter_misc":{"Gesch\u00e4tzte Lesezeit":"1\u00a0Minute"},"schema":{"@context":"https:\/\/schema.org","@graph":[{"@type":"WebPage","@id":"https:\/\/master.myweb-fm.com\/de\/","url":"https:\/\/master.myweb-fm.com\/de\/","name":"Willkommen - Instance master - Old Unyc","isPartOf":{"@id":"https:\/\/master.myweb-fm.com\/de\/#website"},"primaryImageOfPage":{"@id":"https:\/\/master.myweb-fm.com\/de\/#primaryimage"},"image":{"@id":"https:\/\/master.myweb-fm.com\/de\/#primaryimage"},"thumbnailUrl":"https:\/\/master.myweb-fm.com\/wp-content\/uploads\/2022\/07\/IMG_a_propos@2x-1024x910.jpg","datePublished":"2022-07-07T07:36:50+00:00","dateModified":"2023-08-22T08:02:25+00:00","inLanguage":"de","potentialAction":[{"@type":"ReadAction","target":["https:\/\/master.myweb-fm.com\/de\/"]}]},{"@type":"ImageObject","inLanguage":"de","@id":"https:\/\/master.myweb-fm.com\/de\/#primaryimage","url":"https:\/\/master.myweb-fm.com\/wp-content\/uploads\/2022\/07\/IMG_a_propos@2x-1024x910.jpg","contentUrl":"https:\/\/master.myweb-fm.com\/wp-content\/uploads\/2022\/07\/IMG_a_propos@2x-1024x910.jpg"},{"@type":"WebSite","@id":"https:\/\/master.myweb-fm.com\/de\/#website","url":"https:\/\/master.myweb-fm.com\/de\/","name":"Instance master - Old Unyc","description":"Fr\u00e9n\u00e9hard &amp; Michaux","potentialAction":[{"@type":"SearchAction","target":{"@type":"EntryPoint","urlTemplate":"https:\/\/master.myweb-fm.com\/de\/?s={search_term_string}"},"query-input":{"@type":"PropertyValueSpecification","valueRequired":true,"valueName":"search_term_string"}}],"inLanguage":"de"}]}},"_links":{"self":[{"href":"https:\/\/master.myweb-fm.com\/de\/wp-json\/wp\/v2\/pages\/439","targetHints":{"allow":["GET"]}}],"collection":[{"href":"https:\/\/master.myweb-fm.com\/de\/wp-json\/wp\/v2\/pages"}],"about":[{"href":"https:\/\/master.myweb-fm.com\/de\/wp-json\/wp\/v2\/types\/page"}],"author":[{"embeddable":true,"href":"https:\/\/master.myweb-fm.com\/de\/wp-json\/wp\/v2\/users\/1"}],"replies":[{"embeddable":true,"href":"https:\/\/master.myweb-fm.com\/de\/wp-json\/wp\/v2\/comments?post=439"}],"version-history":[{"count":2,"href":"https:\/\/master.myweb-fm.com\/de\/wp-json\/wp\/v2\/pages\/439\/revisions"}],"predecessor-version":[{"id":9053,"href":"https:\/\/master.myweb-fm.com\/de\/wp-json\/wp\/v2\/pages\/439\/revisions\/9053"}],"wp:attachment":[{"href":"https:\/\/master.myweb-fm.com\/de\/wp-json\/wp\/v2\/media?parent=439"}],"curies":[{"name":"wp","href":"https:\/\/api.w.org\/{rel}","templated":true}]}}