{"id":1316,"date":"2022-08-09T11:25:27","date_gmt":"2022-08-09T09:25:27","guid":{"rendered":"https:\/\/master.myweb-fm.com\/persoenliche-absturzschutzausruestung-welches-produkt-ist-das-richtige\/"},"modified":"2023-07-26T11:23:50","modified_gmt":"2023-07-26T09:23:50","slug":"persoenliche-absturzschutzausruestung-welches-produkt-ist-das-richtige","status":"publish","type":"page","link":"https:\/\/master.myweb-fm.com\/de\/persoenliche-absturzschutzausruestung-welches-produkt-ist-das-richtige\/","title":{"rendered":"Pers\u00f6nliche Absturzschutzausr\u00fcstung: Welches Produkt ist das richtige?"},"content":{"rendered":"\n<p>Viele Arbeitseins\u00e4tze werden in gro\u00dfer H\u00f6he durchgef\u00fchrt, beispielsweise auf Baustellen oder an Strommasten, bei Instandhaltungs- und Wartungseins\u00e4tzen usw. Dabei sind St\u00fcrze aus der H\u00f6he die h\u00e4ufigste Ursache f\u00fcr t\u00f6dliche Unf\u00e4lle am Arbeitsplatz.<\/p>\n\n\n\n<figure class=\"wp-block-image alignwide size-large\"><img loading=\"lazy\" decoding=\"async\" width=\"1024\" height=\"369\" src=\"https:\/\/master.myweb-fm.com\/wp-content\/uploads\/2022\/07\/Image_banner_edito@2x-1024x369.jpg\" alt=\"Unyc\" class=\"wp-image-332\" srcset=\"https:\/\/master.myweb-fm.com\/wp-content\/uploads\/2022\/07\/Image_banner_edito@2x-1024x369.jpg 1024w, https:\/\/master.myweb-fm.com\/wp-content\/uploads\/2022\/07\/Image_banner_edito@2x-600x216.jpg 600w, https:\/\/master.myweb-fm.com\/wp-content\/uploads\/2022\/07\/Image_banner_edito@2x-300x108.jpg 300w, https:\/\/master.myweb-fm.com\/wp-content\/uploads\/2022\/07\/Image_banner_edito@2x-768x277.jpg 768w, https:\/\/master.myweb-fm.com\/wp-content\/uploads\/2022\/07\/Image_banner_edito@2x-1536x554.jpg 1536w, https:\/\/master.myweb-fm.com\/wp-content\/uploads\/2022\/07\/Image_banner_edito@2x-2048x738.jpg 2048w, https:\/\/master.myweb-fm.com\/wp-content\/uploads\/2022\/07\/Image_banner_edito@2x-1110x400.jpg 1110w, https:\/\/master.myweb-fm.com\/wp-content\/uploads\/2022\/07\/Image_banner_edito@2x-375x135.jpg 375w\" sizes=\"auto, (max-width: 1024px) 100vw, 1024px\" \/><\/figure>\n\n\n\n<p>Wenn es technisch nicht m\u00f6glich ist, kollektive Schutzma\u00dfnahmen zu treffen, ist der Einsatz von pers\u00f6nlichen Schutzausr\u00fcstungen (PSA) zur Absturzsicherung vorgeschrieben. Diese pers\u00f6nlichen Schutzausr\u00fcstungen werden eingesetzt, um einen m\u00f6glichen Sturz aufzufangen. PSA dienen auch zur Sicherung des Personals, das kollektiven Schutzvorrichtungen anbringt, wenn eine Absturzgefahr beim Arbeitseinsatz nicht ausgeschlossen werden kann.<\/p>\n\n\n\n<p>Die Auswahl der richtigen Ausr\u00fcstung orientiert sich am Verwendungszweck und muss den geltenden Normen entsprechen.<\/p>\n\n\n<div class=\"mycms-list-anchor--list list_anchor\">\n        <ul class=\"mycms-list-anchor--items mycms-u-visible--lg\"><li>\n                    <span class=\"icon\"><\/span>\n                    <span class=\"bg-color-vertical\"><\/span>\n                    <a href=\"#les-differentes-utilisations-1\">Einsatzbereiche<\/a>\n                <\/li><li>\n                    <span class=\"icon\"><\/span>\n                    <span class=\"bg-color-vertical\"><\/span>\n                    <a href=\"#Einsatzh\u00e4ufigkeit\">Einsatzh\u00e4ufigkeit<\/a>\n                <\/li><li>\n                    <span class=\"icon\"><\/span>\n                    <span class=\"bg-color-vertical\"><\/span>\n                    <a href=\"#\u00dcberlegungen-zu-Absturzsicherungen\">\u00dcberlegungen zu Absturzsicherungen<\/a>\n                <\/li><li>\n                    <span class=\"icon\"><\/span>\n                    <span class=\"bg-color-vertical\"><\/span>\n                    <a href=\"#Inspektion-der-PSA\">Inspektion der PSA<\/a>\n                <\/li><\/ul>\n        <\/div>\n\n<section class=\"section-group\">\n<div class=\"wp-block-group is-layout-flow wp-block-group-is-layout-flow\">\n<h2 class=\"wp-block-heading mycms-txt--h3\" id=\"les-differentes-utilisations-1\">Einsatzbereiche<\/h2>\n\n\n\n<div class=\"wp-block-columns is-layout-flex wp-container-core-columns-is-layout-9d6595d7 wp-block-columns-is-layout-flex\">\n<div class=\"wp-block-column is-layout-flow wp-block-column-is-layout-flow\">\n<h3 class=\"wp-block-heading has-text-align-left\" id=\"retenu-au-travail\">R\u00fcckhaltegurte<\/h3>\n\n\n\n<figure class=\"wp-block-image size-full is-resized\"><img loading=\"lazy\" decoding=\"async\" src=\"https:\/\/master.myweb-fm.com\/wp-content\/uploads\/2022\/09\/WORKSITE-SAFETY-1.png\" alt=\"\" class=\"wp-image-1817\" width=\"99\" height=\"92\"\/><\/figure>\n\n\n\n<p>R\u00fcckhaltesysteme sollen die Bewegungen des Benutzers einschr\u00e4nken, um ihn von absturzgef\u00e4hrdeten Bereichen fernzuhalten. Diese Systeme sind nicht in der Lage, einen Sturz aufzuhalten oder beim Arbeitseinsatz eine Sicherungs- oder Auffangfunktion zu erf\u00fcllen. Sie bestehen aus einem Ankerpunkt, einem Auffanggurt und einem Verbindungsmittel, das so einzustellen ist, dass ein Absturz sicher ausgeschlossen werden kann.<\/p>\n\n\n\n<p class=\"has-text-align-center\"><em>Geltende Norm: EN 361<\/em><\/p>\n<\/div>\n\n\n\n<div class=\"wp-block-column is-layout-flow wp-block-column-is-layout-flow\">\n<h3 class=\"wp-block-heading\" id=\"anti-chute\">Absturzsicherungen<\/h3>\n\n\n\n<figure class=\"wp-block-image size-full is-resized\"><img loading=\"lazy\" decoding=\"async\" src=\"https:\/\/master.myweb-fm.com\/wp-content\/uploads\/2022\/09\/FALL-PREVENTION.png\" alt=\"\" class=\"wp-image-1825\" width=\"99\" height=\"92\"\/><\/figure>\n\n\n\n<p>Die Absturzsicherung ist ein System, das den Benutzer im Falle eines Sturzes auff\u00e4ngt und ihn bis zum Eintreffen der Rettungskr\u00e4fte in der Schwebe h\u00e4lt. Das System besteht aus einem Ankerpunkt, einem Auffanggurt und einer Absturzschutzausr\u00fcstung (Verbindungsmittel mit Falld\u00e4mpfer oder Seil mit Auffangger\u00e4t und verschiebbarer oder aufrollbarer Steigklemme).<\/p>\n\n\n\n<p class=\"has-text-align-center\"><em>Geltende Norm: EN 361<\/em><\/p>\n<\/div>\n<\/div>\n\n\n\n<div class=\"wp-block-columns is-layout-flex wp-container-core-columns-is-layout-9d6595d7 wp-block-columns-is-layout-flex\">\n<div class=\"wp-block-column is-layout-flow wp-block-column-is-layout-flow\">\n<h3 class=\"wp-block-heading has-text-align-left\" id=\"retenu-au-travail\">Haltegurte<\/h3>\n\n\n\n<figure class=\"wp-block-image size-full is-resized\"><img loading=\"lazy\" decoding=\"async\" src=\"https:\/\/master.myweb-fm.com\/wp-content\/uploads\/2022\/09\/WORK-POSITIONING.png\" alt=\"\" class=\"wp-image-1831\" width=\"99\" height=\"92\"\/><\/figure>\n\n\n\n<p>Ein Haltegurtsystem erm\u00f6glicht es, sich mit den F\u00fc\u00dfen abzust\u00fctzen und gleichzeitig die H\u00e4nde zum Arbeiten frei zu halten. Es besteht aus einem Ankerpunkt, einem Auffanggurt mit Sicherheitsg\u00fcrtel und einem Halteseil. Besteht ein Absturzrisiko, muss dieses System durch eine Absturzschutzausr\u00fcstung (Verbindungsmittel mit Falld\u00e4mpfer oder Seil mit Auffangger\u00e4t und verschiebbarer oder aufrollbarer Steigklemme) erg\u00e4nzt werden.<\/p>\n\n\n\n<p class=\"has-text-align-center\"><em>Geltende Norm: EN 358<\/em><\/p>\n<\/div>\n\n\n\n<div class=\"wp-block-column is-layout-flow wp-block-column-is-layout-flow\">\n<h3 class=\"wp-block-heading\" id=\"anti-chute\">Sitzgurte<\/h3>\n\n\n\n<figure class=\"wp-block-image size-full is-resized\"><img loading=\"lazy\" decoding=\"async\" src=\"https:\/\/master.myweb-fm.com\/wp-content\/uploads\/2022\/09\/SUSPENSION.png\" alt=\"\" class=\"wp-image-1837\" width=\"99\" height=\"92\"\/><\/figure>\n\n\n\n<p>Ein Sitzgurtsystem ist so ausgelegt, dass man dank der Bauchgurthalterung in der Schwebe arbeiten kann. Da der Benutzer nicht auf seinen F\u00fc\u00dfen steht, verteilt sich die Last auf den G\u00fcrtel und den Haltegurt an den Oberschenkeln. Das System besteht aus einem Ankerpunkt, einem Auffanggurt und einer Absturzschutzausr\u00fcstung (Verbindungsmittel mit Falld\u00e4mpfer oder Seil mit Auffangger\u00e4t und verschiebbarer oder aufrollbarer Steigklemme) und einem Mitl\u00e4ufer.<\/p>\n\n\n\n<p class=\"has-text-align-center\"><em>Geltende Norm: EN 813<\/em><\/p>\n<\/div>\n<\/div>\n\n\n\n<h2 class=\"wp-block-heading\" id=\"Einsatzh\u00e4ufigkeit\">Einsatzh\u00e4ufigkeit<\/h2>\n\n\n\n<p>Vor jedem Kauf sollte man sich dar\u00fcber im Klaren sein, wie intensiv die PSA voraussichtlich genutzt wird.<\/p>\n\n\n\n<p>Insbesondere beim Kauf eines Haltegurts ist es wichtig, die Einsatzh\u00e4ufigkeit der Ausr\u00fcstung zu kennen, damit Sie das f\u00fcr Ihre Zwecke am besten geeignete Modell ausw\u00e4hlen k\u00f6nnen. <\/p>\n\n\n\n<div class=\"wp-block-buttons is-content-justification-center is-layout-flex wp-container-core-buttons-is-layout-16018d1d wp-block-buttons-is-layout-flex\">\n<div class=\"wp-block-button is-style-cta-flechehas-custom-font-size  has-small-font-size\"><a class=\"wp-block-button__link wp-element-button\" href=\"https:\/\/master.myweb-fm.com\/de\/product-category\/harnais-de\/\">Unsere Haltegurtsysteme nach Einsatzh\u00e4ufigkeit geordnet<\/a><\/div>\n<\/div>\n\n\n\n<h2 class=\"wp-block-heading\" id=\"\u00dcberlegungen-zu-Absturzsicherungen\">\u00dcberlegungen zu Absturzsicherungen<\/h2>\n\n\n\n<p>Bei der Auswahl der geeignetsten Ausr\u00fcstung sind mehrere Aspekte zu ber\u00fccksichtigen:<\/p>\n\n\n\n<h3 class=\"wp-block-heading\" id=\"suspension\">Sturzfaktor<\/h3>\n\n\n\n<p>Anhand des Sturzfaktors wird die Intensit\u00e4t eines Sturzes gemessen. Es gibt drei Sturzrisikostufen (0, 1 und 2), die je nach der Position des Ankerpunkts im Verh\u00e4ltnis zur Position des Benutzers berechnet werden. Es empfiehlt sich dringend, den Ankerpunkt \u00fcber dem Benutzer zu positionieren, um die Aufprallkraft m\u00f6glichst gering zu halten.<\/p>\n\n\n\n<figure class=\"wp-block-image size-full is-resized\"><img loading=\"lazy\" decoding=\"async\" src=\"https:\/\/master.myweb-fm.com\/wp-content\/uploads\/2022\/09\/Sturzfaktor.jpg\" alt=\"\" class=\"wp-image-1922\" width=\"408\" height=\"237\" srcset=\"https:\/\/master.myweb-fm.com\/wp-content\/uploads\/2022\/09\/Sturzfaktor.jpg 580w, https:\/\/master.myweb-fm.com\/wp-content\/uploads\/2022\/09\/Sturzfaktor-300x175.jpg 300w\" sizes=\"auto, (max-width: 408px) 100vw, 408px\" \/><\/figure>\n\n\n\n<h3 class=\"wp-block-heading\" id=\"suspension\">Pendeleffekt<\/h3>\n\n\n\n<p>Der Pendeleffekt bezeichnet das Risiko, dass sich der Benutzer bei einem Sturz seitlich verlagert. Dies kann zu einem Aufprall auf den Boden oder auf ein Hindernis f\u00fchren und schwere Verletzungen verursachen. Daher muss der Ankerpunkt des Verbindungsmittels m\u00f6glichst weit von einem Hindernis entfernt angebracht werden, um eine Situation mit dem Sturzfaktor 2 zu vermeiden.<\/p>\n\n\n\n<figure class=\"wp-block-image size-full is-resized\"><img loading=\"lazy\" decoding=\"async\" src=\"https:\/\/master.myweb-fm.com\/wp-content\/uploads\/2022\/09\/pendulum-effect.jpg\" alt=\"\" class=\"wp-image-1850\" width=\"206\" height=\"222\" srcset=\"https:\/\/master.myweb-fm.com\/wp-content\/uploads\/2022\/09\/pendulum-effect.jpg 314w, https:\/\/master.myweb-fm.com\/wp-content\/uploads\/2022\/09\/pendulum-effect-279x300.jpg 279w\" sizes=\"auto, (max-width: 206px) 100vw, 206px\" \/><\/figure>\n\n\n\n<h3 class=\"wp-block-heading\" id=\"suspension\">Sicherheitsh\u00f6he<\/h3>\n\n\n\n<p>Die Sicherheitsh\u00f6he ist der erforderliche Abstand zwischen dem Ankerpunkt und der Bodenfl\u00e4che. Sie ist abh\u00e4ngig von der Position des Ankerpunkts und der gew\u00e4hlten Absturzschutzausr\u00fcstung. Die freie Sicherheitsh\u00f6he ist der Abstand zwischen der Konstruktion, auf der der Benutzer arbeitet, und dem n\u00e4chstgelegenen Hindernis. Die erforderliche Sicherheitsh\u00f6he ist der Mindestabstand, den ein Benutzer bei einem Absturz zur\u00fccklegen muss, ohne dabei auf den Boden oder auf das n\u00e4chstgelegene Hindernis zu treffen.<\/p>\n\n\n\n<figure class=\"wp-block-image size-full is-resized\"><img loading=\"lazy\" decoding=\"async\" src=\"https:\/\/master.myweb-fm.com\/wp-content\/uploads\/2022\/09\/Sicherheitshoehe.jpg\" alt=\"\" class=\"wp-image-1928\" width=\"407\" height=\"237\" srcset=\"https:\/\/master.myweb-fm.com\/wp-content\/uploads\/2022\/09\/Sicherheitshoehe.jpg 580w, https:\/\/master.myweb-fm.com\/wp-content\/uploads\/2022\/09\/Sicherheitshoehe-300x175.jpg 300w\" sizes=\"auto, (max-width: 407px) 100vw, 407px\" \/><\/figure>\n\n\n\n<h2 class=\"wp-block-heading\" id=\"Inspektion-der-PSA\">Inspektion der PSA<\/h2>\n\n\n\n<p>Wie alle Ausr\u00fcstungen auf der Baustelle sind auch pers\u00f6nliche Schutzausr\u00fcstungen (PSA) Verschlei\u00df, Besch\u00e4digung, Verschmutzung usw. ausgesetzt. Um die gesetzlichen Vorschriften zu erf\u00fcllen und sicherzustellen, dass Sie eine Ausr\u00fcstung in einwandfreiem Zustand verwenden, m\u00fcssen PSA einmal j\u00e4hrlich einer Inspektion unterzogen werden. Das Inspektionsprotokoll muss in das Sicherheitsregister aufgenommen werden. Im Zweifelsfall muss das Ger\u00e4t unverz\u00fcglich aus dem Verkehr gezogen werden.<\/p>\n\n\n\n<p>Unabh\u00e4ngig von der jeweiligen Situation sind zwei Kontrollen durchzuf\u00fchren, um die Benutzer m\u00f6glichst umfassend zu sichern:<\/p>\n\n\n\n<h3 class=\"wp-block-heading\" id=\"suspension\">1. Erste Kontrolle: Vom Benutzer vor jedem Einsatz der PSA<\/h3>\n\n\n\n<p>Diese kurze aber wichtige Kontrolle ist vom Benutzer vor jedem Einsatz der PSA vorzunehmen, um sicherzustellen, dass die PSA den Anforderungen entspricht und sich in einem guten Zustand befindet, um umfassende Sicherheit zu gew\u00e4hrleisten.<\/p>\n\n\n\n<p>Diese Kontrolle ist im Rahmen des Erlasses vom 19. M\u00e4rz 1993 \u2013 Artikel R. 233-42-2 des franz\u00f6sischen Arbeitsgesetzbuches zwingend vorgeschrieben. Diese Kontrolle setzt voraus, dass jeder Benutzer bez\u00fcglich der Ermittlung von Problemen an seiner PSA geschult und aufgekl\u00e4rt ist.<\/p>\n\n\n\n<h3 class=\"wp-block-heading\" id=\"suspension\">2. Zweite Kontrolle: J\u00e4hrliche Inspektion der Ausr\u00fcstungen<\/h3>\n\n\n\n<p>Es ist vorgeschrieben, Ihre Ausr\u00fcstung j\u00e4hrlich von sachkundigen Inspektoren \u00fcberpr\u00fcfen zu lassen. Diese Kontrolle ist unerl\u00e4sslich, um die Sicherheit der Besch\u00e4ftigten am Arbeitsplatz zu gew\u00e4hrleisten.<\/p>\n\n\n\n<p>Die Inspektion Ihrer PSA muss von qualifizierten Fachkr\u00e4ften aus Ihrem Betrieb oder von einer externen Stelle durchgef\u00fchrt werden. Diese Fachkr\u00e4fte ben\u00f6tigen eine entsprechende Qualifikation, um Ihre pers\u00f6nliche Schutzausr\u00fcstung sachgerecht und umfassend zu pr\u00fcfen.<\/p>\n\n\n\n<p>Werden keine Anomalien festgestellt, wird dem Unternehmen eine PSA-Inspektionsbescheinigung ausgestellt, um die Konformit\u00e4t der eingesetzten Ausr\u00fcstung zu best\u00e4tigen.<\/p>\n\n\n\n<p><strong><mark style=\"background-color:#ffffff\" class=\"has-inline-color has-luminous-vivid-orange-color\">Auch wir bieten PSA-Inspektionsverfahren an, die von unseren Fachleuten f\u00fcr Arbeiten in H\u00f6hen durchgef\u00fchrt werden, um zu gew\u00e4hrleisten, dass die Ger\u00e4te regelm\u00e4\u00dfig gepr\u00fcft und in einwandfreiem Zustand erhalten werden.<\/mark><\/strong><\/p>\n\n\n\n<p>Ein System zur Registrierung Ihrer PSA finden Sie auf unserer Website. Sie erhalten Ihre Registrierungsbescheinigungen, Benachrichtigungen zu Inspektionsterminen sowie regulatorische und normative Informationen per E-Mail.<\/p>\n\n\n\n<div class=\"wp-block-columns is-layout-flex wp-container-core-columns-is-layout-9d6595d7 wp-block-columns-is-layout-flex\">\n<div class=\"wp-block-column is-layout-flow wp-block-column-is-layout-flow\"><div class=\"mycms-richdownload\"><h3 class=\"mycms-txt--h3 mycms-txt--color-onyx mycms-txt--uppercase mycms-margin-bottom--40\">Catalogue 1<\/h3><p><a href=\"\" title=\"\" data-filename=\"\" data-doctype=\"\" class=\"mycms-link mycms-link--download\" target=\"_blank\">Herunterladen<\/a><\/p><\/div><\/div>\n\n\n\n<div class=\"wp-block-column is-layout-flow wp-block-column-is-layout-flow\"><div class=\"mycms-richdownload\"><h3 class=\"mycms-txt--h3 mycms-txt--color-onyx mycms-txt--uppercase mycms-margin-bottom--40\">Katalog UNYC<\/h3><p><a href=\"\" title=\"\" data-filename=\"\" data-doctype=\"\" class=\"mycms-link mycms-link--download\" target=\"_blank\">Herunterladen<\/a><\/p><\/div><\/div>\n\n\n\n<div class=\"wp-block-column is-layout-flow wp-block-column-is-layout-flow\"><section class=\"section-group\">\n<div class=\"wp-block-group is-layout-flow wp-block-group-is-layout-flow\"><div class=\"mycms-richdownload\"><h3 class=\"mycms-txt--h3 mycms-txt--color-onyx mycms-txt--uppercase mycms-margin-bottom--40\">Catalogue 3 &#8211; aligner gauche<\/h3><p><a href=\"\" title=\"\" data-filename=\"\" data-doctype=\"\" class=\"mycms-link mycms-link--download\" target=\"_blank\">Herunterladen<\/a><\/p><\/div><\/div>\n<\/section><\/div>\n<\/div>\n<\/div>\n<\/section>\n\n","protected":false},"excerpt":{"rendered":"<p>Viele Arbeitseins\u00e4tze werden in gro\u00dfer H\u00f6he durchgef\u00fchrt, beispielsweise auf Baustellen oder an Strommasten, bei Instandhaltungs- und Wartungseins\u00e4tzen usw. Dabei sind St\u00fcrze aus der H\u00f6he die h\u00e4ufigste Ursache f\u00fcr t\u00f6dliche Unf\u00e4lle am Arbeitsplatz. Wenn es technisch nicht m\u00f6glich ist, kollektive Schutzma\u00dfnahmen zu treffen, ist der Einsatz von pers\u00f6nlichen Schutzausr\u00fcstungen (PSA) zur Absturzsicherung vorgeschrieben. Diese pers\u00f6nlichen Schutzausr\u00fcstungen [&hellip;]<\/p>\n","protected":false},"author":1,"featured_media":0,"parent":0,"menu_order":0,"comment_status":"closed","ping_status":"closed","template":"","meta":{"_acf_changed":false,"footnotes":""},"class_list":["post-1316","page","type-page","status-publish","hentry"],"acf":[],"yoast_head":"<!-- This site is optimized with the Yoast SEO plugin v27.3 - https:\/\/yoast.com\/product\/yoast-seo-wordpress\/ -->\n<title>Pers\u00f6nliche Absturzschutzausr\u00fcstung: Welches Produkt ist das richtige? - Instance master - Old Unyc<\/title>\n<meta name=\"robots\" content=\"noindex, follow, max-snippet:-1, max-image-preview:large, max-video-preview:-1\" \/>\n<meta property=\"og:locale\" content=\"de_DE\" \/>\n<meta property=\"og:type\" content=\"article\" \/>\n<meta property=\"og:title\" content=\"Pers\u00f6nliche Absturzschutzausr\u00fcstung: Welches Produkt ist das richtige? - Instance master - Old Unyc\" \/>\n<meta property=\"og:description\" content=\"Viele Arbeitseins\u00e4tze werden in gro\u00dfer H\u00f6he durchgef\u00fchrt, beispielsweise auf Baustellen oder an Strommasten, bei Instandhaltungs- und Wartungseins\u00e4tzen usw. Dabei sind St\u00fcrze aus der H\u00f6he die h\u00e4ufigste Ursache f\u00fcr t\u00f6dliche Unf\u00e4lle am Arbeitsplatz. Wenn es technisch nicht m\u00f6glich ist, kollektive Schutzma\u00dfnahmen zu treffen, ist der Einsatz von pers\u00f6nlichen Schutzausr\u00fcstungen (PSA) zur Absturzsicherung vorgeschrieben. Diese pers\u00f6nlichen Schutzausr\u00fcstungen [&hellip;]\" \/>\n<meta property=\"og:url\" content=\"https:\/\/master.myweb-fm.com\/de\/persoenliche-absturzschutzausruestung-welches-produkt-ist-das-richtige\/\" \/>\n<meta property=\"og:site_name\" content=\"Instance master - Old Unyc\" \/>\n<meta property=\"article:modified_time\" content=\"2023-07-26T09:23:50+00:00\" \/>\n<meta property=\"og:image\" content=\"https:\/\/master.myweb-fm.com\/wp-content\/uploads\/2022\/07\/Image_banner_edito@2x-1024x369.jpg\" \/>\n<meta name=\"twitter:card\" content=\"summary_large_image\" \/>\n<meta name=\"twitter:label1\" content=\"Gesch\u00e4tzte Lesezeit\" \/>\n\t<meta name=\"twitter:data1\" content=\"7\u00a0Minuten\" \/>\n<script type=\"application\/ld+json\" class=\"yoast-schema-graph\">{\"@context\":\"https:\\\/\\\/schema.org\",\"@graph\":[{\"@type\":\"WebPage\",\"@id\":\"https:\\\/\\\/master.myweb-fm.com\\\/de\\\/persoenliche-absturzschutzausruestung-welches-produkt-ist-das-richtige\\\/\",\"url\":\"https:\\\/\\\/master.myweb-fm.com\\\/de\\\/persoenliche-absturzschutzausruestung-welches-produkt-ist-das-richtige\\\/\",\"name\":\"Pers\u00f6nliche Absturzschutzausr\u00fcstung: Welches Produkt ist das richtige? - Instance master - Old Unyc\",\"isPartOf\":{\"@id\":\"https:\\\/\\\/master.myweb-fm.com\\\/de\\\/#website\"},\"primaryImageOfPage\":{\"@id\":\"https:\\\/\\\/master.myweb-fm.com\\\/de\\\/persoenliche-absturzschutzausruestung-welches-produkt-ist-das-richtige\\\/#primaryimage\"},\"image\":{\"@id\":\"https:\\\/\\\/master.myweb-fm.com\\\/de\\\/persoenliche-absturzschutzausruestung-welches-produkt-ist-das-richtige\\\/#primaryimage\"},\"thumbnailUrl\":\"https:\\\/\\\/master.myweb-fm.com\\\/wp-content\\\/uploads\\\/2022\\\/07\\\/Image_banner_edito@2x-1024x369.jpg\",\"datePublished\":\"2022-08-09T09:25:27+00:00\",\"dateModified\":\"2023-07-26T09:23:50+00:00\",\"inLanguage\":\"de\",\"potentialAction\":[{\"@type\":\"ReadAction\",\"target\":[\"https:\\\/\\\/master.myweb-fm.com\\\/de\\\/persoenliche-absturzschutzausruestung-welches-produkt-ist-das-richtige\\\/\"]}]},{\"@type\":\"ImageObject\",\"inLanguage\":\"de\",\"@id\":\"https:\\\/\\\/master.myweb-fm.com\\\/de\\\/persoenliche-absturzschutzausruestung-welches-produkt-ist-das-richtige\\\/#primaryimage\",\"url\":\"https:\\\/\\\/master.myweb-fm.com\\\/wp-content\\\/uploads\\\/2022\\\/07\\\/Image_banner_edito@2x-1024x369.jpg\",\"contentUrl\":\"https:\\\/\\\/master.myweb-fm.com\\\/wp-content\\\/uploads\\\/2022\\\/07\\\/Image_banner_edito@2x-1024x369.jpg\"},{\"@type\":\"WebSite\",\"@id\":\"https:\\\/\\\/master.myweb-fm.com\\\/de\\\/#website\",\"url\":\"https:\\\/\\\/master.myweb-fm.com\\\/de\\\/\",\"name\":\"Instance master - Old Unyc\",\"description\":\"Fr\u00e9n\u00e9hard &amp; Michaux\",\"potentialAction\":[{\"@type\":\"SearchAction\",\"target\":{\"@type\":\"EntryPoint\",\"urlTemplate\":\"https:\\\/\\\/master.myweb-fm.com\\\/de\\\/?s={search_term_string}\"},\"query-input\":{\"@type\":\"PropertyValueSpecification\",\"valueRequired\":true,\"valueName\":\"search_term_string\"}}],\"inLanguage\":\"de\"}]}<\/script>\n<!-- \/ Yoast SEO plugin. -->","yoast_head_json":{"title":"Pers\u00f6nliche Absturzschutzausr\u00fcstung: Welches Produkt ist das richtige? - Instance master - Old Unyc","robots":{"index":"noindex","follow":"follow","max-snippet":"max-snippet:-1","max-image-preview":"max-image-preview:large","max-video-preview":"max-video-preview:-1"},"og_locale":"de_DE","og_type":"article","og_title":"Pers\u00f6nliche Absturzschutzausr\u00fcstung: Welches Produkt ist das richtige? - Instance master - Old Unyc","og_description":"Viele Arbeitseins\u00e4tze werden in gro\u00dfer H\u00f6he durchgef\u00fchrt, beispielsweise auf Baustellen oder an Strommasten, bei Instandhaltungs- und Wartungseins\u00e4tzen usw. Dabei sind St\u00fcrze aus der H\u00f6he die h\u00e4ufigste Ursache f\u00fcr t\u00f6dliche Unf\u00e4lle am Arbeitsplatz. Wenn es technisch nicht m\u00f6glich ist, kollektive Schutzma\u00dfnahmen zu treffen, ist der Einsatz von pers\u00f6nlichen Schutzausr\u00fcstungen (PSA) zur Absturzsicherung vorgeschrieben. Diese pers\u00f6nlichen Schutzausr\u00fcstungen [&hellip;]","og_url":"https:\/\/master.myweb-fm.com\/de\/persoenliche-absturzschutzausruestung-welches-produkt-ist-das-richtige\/","og_site_name":"Instance master - Old Unyc","article_modified_time":"2023-07-26T09:23:50+00:00","og_image":[{"url":"https:\/\/master.myweb-fm.com\/wp-content\/uploads\/2022\/07\/Image_banner_edito@2x-1024x369.jpg","type":"","width":"","height":""}],"twitter_card":"summary_large_image","twitter_misc":{"Gesch\u00e4tzte Lesezeit":"7\u00a0Minuten"},"schema":{"@context":"https:\/\/schema.org","@graph":[{"@type":"WebPage","@id":"https:\/\/master.myweb-fm.com\/de\/persoenliche-absturzschutzausruestung-welches-produkt-ist-das-richtige\/","url":"https:\/\/master.myweb-fm.com\/de\/persoenliche-absturzschutzausruestung-welches-produkt-ist-das-richtige\/","name":"Pers\u00f6nliche Absturzschutzausr\u00fcstung: Welches Produkt ist das richtige? - Instance master - Old Unyc","isPartOf":{"@id":"https:\/\/master.myweb-fm.com\/de\/#website"},"primaryImageOfPage":{"@id":"https:\/\/master.myweb-fm.com\/de\/persoenliche-absturzschutzausruestung-welches-produkt-ist-das-richtige\/#primaryimage"},"image":{"@id":"https:\/\/master.myweb-fm.com\/de\/persoenliche-absturzschutzausruestung-welches-produkt-ist-das-richtige\/#primaryimage"},"thumbnailUrl":"https:\/\/master.myweb-fm.com\/wp-content\/uploads\/2022\/07\/Image_banner_edito@2x-1024x369.jpg","datePublished":"2022-08-09T09:25:27+00:00","dateModified":"2023-07-26T09:23:50+00:00","inLanguage":"de","potentialAction":[{"@type":"ReadAction","target":["https:\/\/master.myweb-fm.com\/de\/persoenliche-absturzschutzausruestung-welches-produkt-ist-das-richtige\/"]}]},{"@type":"ImageObject","inLanguage":"de","@id":"https:\/\/master.myweb-fm.com\/de\/persoenliche-absturzschutzausruestung-welches-produkt-ist-das-richtige\/#primaryimage","url":"https:\/\/master.myweb-fm.com\/wp-content\/uploads\/2022\/07\/Image_banner_edito@2x-1024x369.jpg","contentUrl":"https:\/\/master.myweb-fm.com\/wp-content\/uploads\/2022\/07\/Image_banner_edito@2x-1024x369.jpg"},{"@type":"WebSite","@id":"https:\/\/master.myweb-fm.com\/de\/#website","url":"https:\/\/master.myweb-fm.com\/de\/","name":"Instance master - Old Unyc","description":"Fr\u00e9n\u00e9hard &amp; Michaux","potentialAction":[{"@type":"SearchAction","target":{"@type":"EntryPoint","urlTemplate":"https:\/\/master.myweb-fm.com\/de\/?s={search_term_string}"},"query-input":{"@type":"PropertyValueSpecification","valueRequired":true,"valueName":"search_term_string"}}],"inLanguage":"de"}]}},"_links":{"self":[{"href":"https:\/\/master.myweb-fm.com\/de\/wp-json\/wp\/v2\/pages\/1316","targetHints":{"allow":["GET"]}}],"collection":[{"href":"https:\/\/master.myweb-fm.com\/de\/wp-json\/wp\/v2\/pages"}],"about":[{"href":"https:\/\/master.myweb-fm.com\/de\/wp-json\/wp\/v2\/types\/page"}],"author":[{"embeddable":true,"href":"https:\/\/master.myweb-fm.com\/de\/wp-json\/wp\/v2\/users\/1"}],"replies":[{"embeddable":true,"href":"https:\/\/master.myweb-fm.com\/de\/wp-json\/wp\/v2\/comments?post=1316"}],"version-history":[{"count":1,"href":"https:\/\/master.myweb-fm.com\/de\/wp-json\/wp\/v2\/pages\/1316\/revisions"}],"predecessor-version":[{"id":8167,"href":"https:\/\/master.myweb-fm.com\/de\/wp-json\/wp\/v2\/pages\/1316\/revisions\/8167"}],"wp:attachment":[{"href":"https:\/\/master.myweb-fm.com\/de\/wp-json\/wp\/v2\/media?parent=1316"}],"curies":[{"name":"wp","href":"https:\/\/api.w.org\/{rel}","templated":true}]}}